{"id":16308,"date":"2025-01-13T06:54:01","date_gmt":"2025-01-13T06:54:01","guid":{"rendered":"https:\/\/nexgendecors.com\/product\/new-gray-household-flush-deodorizing-toilet-modern-light-luxury-color-ceramic-toilet-siphon-black-toilet\/"},"modified":"2025-03-08T04:56:35","modified_gmt":"2025-03-08T04:56:35","slug":"toilettes-desodorisantes-grises-neuves-pour-la-maison-toilettes-modernes-et-legeres-en-ceramique-de-couleur-luxueuse-toilettes-noires-a-siphon","status":"publish","type":"product","link":"https:\/\/nexgendecors.com\/fr\/product\/toilettes-desodorisantes-grises-neuves-pour-la-maison-toilettes-modernes-et-legeres-en-ceramique-de-couleur-luxueuse-toilettes-noires-a-siphon\/","title":{"rendered":"Toilettes luxueuses \u00e0 siphon en c\u00e9ramique noire et grise"},"content":{"rendered":"<ul>\n<li>\n<strong>marque<\/strong>:Shikalu<\/li>\n<li>\n<strong>mod\u00e8le<\/strong>:8802<\/li>\n<li>\n<strong>Mat\u00e9riel<\/strong>:c\u00e9ramique<\/li>\n<li>\n<strong>Origine<\/strong>:Chine continentale<\/li>\n<li>\n<strong>province<\/strong>:Province du Guangdong<\/li>\n<li>\n<strong>ville<\/strong>:Ville de Chaozhou<\/li>\n<li>\n<strong>Installation<\/strong>:Point de rep\u00e8re<\/li>\n<li>\n<strong>trier par couleur<\/strong>:Toilettes Aurora White (avec tuyau de valve d&#039;angle 304), Toilettes Jazz Black (avec tuyau de valve d&#039;angle 304), Toilettes Bright Gray (avec tuyau de valve d&#039;angle 304), Toilettes Gentleman Black (avec tuyau de valve d&#039;angle 304)<\/li>\n<li>\n<strong>Distance minimale des stands<\/strong>:305 mm, 350 mm, 400 mm<\/li>\n<li>\n<strong>Service en ville<\/strong>:Livraison porte-\u00e0-porte logistique intra-urbaine<\/li>\n<li>\n<strong>Porteur<\/strong>:61 kg (inclus) \u2013 70 kg (exclusif)<\/li>\n<li>\n<strong>Type de toilettes<\/strong>:Une pi\u00e8ce<\/li>\n<li>\n<strong>M\u00e9thode de chasse d&#039;eau des toilettes<\/strong>:Type de siphon \u00e0 jet<\/li>\n<li>\n<strong>M\u00e9thode de drainage<\/strong>:Drainage du sol<\/li>\n<li>\n<strong>Volume de chasse d&#039;eau des toilettes<\/strong>:3,0 L-6,0 L<\/li>\n<li>\n<strong>Type de bouton de chasse d&#039;eau<\/strong>:Appuyez sur les deux extr\u00e9mit\u00e9s<\/li>\n<li>\n<strong>La couverture est-elle tamponn\u00e9e ?<\/strong>:Oui<\/li>\n<li>\n<strong>Niveau d&#039;efficacit\u00e9 de l&#039;eau<\/strong>:Niveau 1<\/li>\n<\/ul>","protected":false},"excerpt":{"rendered":"<p>marque : Shikalu mod\u00e8le : 8802 Mat\u00e9riau : c\u00e9ramique Origine : Chine continentale province : province du Guangdong ville : ville de Chaozhou Installation : Landmark trier par couleur : Toilette Aurora White (avec tuyau de valve d&#039;angle 304),<\/p>","protected":false},"featured_media":16798,"comment_status":"open","ping_status":"closed","template":"","meta":[],"product_brand":[],"product_cat":[30971,353],"product_tag":[],"class_list":{"0":"post-16308","1":"product","2":"type-product","3":"status-publish","4":"has-post-thumbnail","6":"product_cat-hp","7":"product_cat-wholesale-toilet","9":"first","10":"instock","11":"taxable","12":"shipping-taxable","13":"purchasable","14":"product-type-variable"},"_links":{"self":[{"href":"https:\/\/nexgendecors.com\/fr\/wp-json\/wp\/v2\/product\/16308","targetHints":{"allow":["GET"]}}],"collection":[{"href":"https:\/\/nexgendecors.com\/fr\/wp-json\/wp\/v2\/product"}],"about":[{"href":"https:\/\/nexgendecors.com\/fr\/wp-json\/wp\/v2\/types\/product"}],"replies":[{"embeddable":true,"href":"https:\/\/nexgendecors.com\/fr\/wp-json\/wp\/v2\/comments?post=16308"}],"version-history":[{"count":0,"href":"https:\/\/nexgendecors.com\/fr\/wp-json\/wp\/v2\/product\/16308\/revisions"}],"wp:featuredmedia":[{"embeddable":true,"href":"https:\/\/nexgendecors.com\/fr\/wp-json\/wp\/v2\/media\/16798"}],"wp:attachment":[{"href":"https:\/\/nexgendecors.com\/fr\/wp-json\/wp\/v2\/media?parent=16308"}],"wp:term":[{"taxonomy":"product_brand","embeddable":true,"href":"https:\/\/nexgendecors.com\/fr\/wp-json\/wp\/v2\/product_brand?post=16308"},{"taxonomy":"product_cat","embeddable":true,"href":"https:\/\/nexgendecors.com\/fr\/wp-json\/wp\/v2\/product_cat?post=16308"},{"taxonomy":"product_tag","embeddable":true,"href":"https:\/\/nexgendecors.com\/fr\/wp-json\/wp\/v2\/product_tag?post=16308"}],"curies":[{"name":"wp","href":"https:\/\/api.w.org\/{rel}","templated":true}]}}