{"id":163135,"date":"2025-02-11T10:32:02","date_gmt":"2025-02-11T10:32:02","guid":{"rendered":"https:\/\/nexgendecors.com\/en\/product\/translucent-foam-aluminum-plate-foam-aluminum-plate-aluminum-honeycomb-sound-absorbing-decorative-ceiling-micron-hole-door-head-ceiling-noise-reduction\/"},"modified":"2025-04-15T10:59:08","modified_gmt":"2025-04-15T10:59:08","slug":"plaque-daluminium-en-mousse-translucide-plaque-daluminium-en-mousse-nid-dabeille-en-aluminium-plafond-decoratif-insonorisant-trou-micronique-tete-de-porte-reduction-du-bruit-du-plafond","status":"publish","type":"product","link":"https:\/\/nexgendecors.com\/fr\/product\/plaque-daluminium-en-mousse-translucide-plaque-daluminium-en-mousse-nid-dabeille-en-aluminium-plafond-decoratif-insonorisant-trou-micronique-tete-de-porte-reduction-du-bruit-du-plafond\/","title":{"rendered":"Plafond insonorisant en nid d'abeille en aluminium translucide"},"content":{"rendered":"<ul>\n<li><strong>marque<\/strong>:Aucune marque\/aucune marque d\u00e9pos\u00e9e<\/li>\n<li><strong>mod\u00e8le<\/strong>:M10863<\/li>\n<li><strong>Est-ce personnalisable ?<\/strong>:Oui<\/li>\n<li><strong>Forme de mat\u00e9riau absorbant le son<\/strong>:Bulle<\/li>\n<li><strong>Origine<\/strong>:Chine continentale<\/li>\n<li><strong>province<\/strong>:Province du Jiangsu<\/li>\n<li><strong>Ville<\/strong>:Ville de Suqian<\/li>\n<li><strong>forme<\/strong>:rectangle<\/li>\n<li><strong>Mat\u00e9riel<\/strong>:M\u00e9tal<\/li>\n<li><strong>Envoyer des \u00e9chantillons ?<\/strong>:D\u00e9coupe d&#039;\u00e9chantillon gratuite, livraison gratuite<\/li>\n<li><strong>Unit\u00e9 de mesure<\/strong>:M\u00e8tre carr\u00e9<\/li>\n<li><strong>trier par couleur<\/strong>:D63-service client de consultation d&#039;\u00e9chantillonnage gratuit, M84-support de personnalisation des couleurs, contacter le service client, H28-prix carr\u00e9 argent\u00e9 transparent, P19-prix carr\u00e9 argent\u00e9 brillant transparent, H62-prix carr\u00e9 noir transparent, R16-prix carr\u00e9 dor\u00e9 transparent, T82-prix carr\u00e9 champagne transparent, C22-prix carr\u00e9 orange transparent, U38-prix carr\u00e9 rouge transparent, T61-prix carr\u00e9 turquoise transparent, R33-prix carr\u00e9 violet transparent, T37-prix carr\u00e9 violet clair transparent, T73-prix carr\u00e9 vert transparent, U80-pliable souple-argent \u00e0 volont\u00e9, M40-pliable souple-or \u00e0 volont\u00e9<\/li>\n<\/ul>","protected":false},"excerpt":{"rendered":"<p>marque:No brand\/no registered trademark mod\u00e8le:M10863 Est-il personnalisable?:oui Forme du mat\u00e9riau d'absorption acoustique:Bulle Origine:Chine continentale province:Jiangsu City:Suqian City forme:rectangle Mat\u00e9riau:M\u00e9tal<\/p>","protected":false},"featured_media":163134,"comment_status":"open","ping_status":"closed","template":"","meta":[],"product_brand":[],"product_cat":[30894,30892,30878,30985],"product_tag":[30891],"class_list":{"0":"post-163135","1":"product","2":"type-product","3":"status-publish","4":"has-post-thumbnail","6":"product_cat-bs-wall-panels","7":"product_cat-export","8":"product_cat-wall-panel","9":"product_cat-wall-panels","10":"product_tag-title-adjust","12":"first","13":"instock","14":"taxable","15":"shipping-taxable","16":"purchasable","17":"product-type-variable"},"_links":{"self":[{"href":"https:\/\/nexgendecors.com\/fr\/wp-json\/wp\/v2\/product\/163135","targetHints":{"allow":["GET"]}}],"collection":[{"href":"https:\/\/nexgendecors.com\/fr\/wp-json\/wp\/v2\/product"}],"about":[{"href":"https:\/\/nexgendecors.com\/fr\/wp-json\/wp\/v2\/types\/product"}],"replies":[{"embeddable":true,"href":"https:\/\/nexgendecors.com\/fr\/wp-json\/wp\/v2\/comments?post=163135"}],"version-history":[{"count":0,"href":"https:\/\/nexgendecors.com\/fr\/wp-json\/wp\/v2\/product\/163135\/revisions"}],"wp:featuredmedia":[{"embeddable":true,"href":"https:\/\/nexgendecors.com\/fr\/wp-json\/wp\/v2\/media\/163134"}],"wp:attachment":[{"href":"https:\/\/nexgendecors.com\/fr\/wp-json\/wp\/v2\/media?parent=163135"}],"wp:term":[{"taxonomy":"product_brand","embeddable":true,"href":"https:\/\/nexgendecors.com\/fr\/wp-json\/wp\/v2\/product_brand?post=163135"},{"taxonomy":"product_cat","embeddable":true,"href":"https:\/\/nexgendecors.com\/fr\/wp-json\/wp\/v2\/product_cat?post=163135"},{"taxonomy":"product_tag","embeddable":true,"href":"https:\/\/nexgendecors.com\/fr\/wp-json\/wp\/v2\/product_tag?post=163135"}],"curies":[{"name":"wp","href":"https:\/\/api.w.org\/{rel}","templated":true}]}}