{"id":163240,"date":"2025-02-11T10:34:03","date_gmt":"2025-02-11T10:34:03","guid":{"rendered":"https:\/\/nexgendecors.com\/en\/product\/hemp-woven-soft-stone-woven-cloth-stone-ultra-thin-flexible-stone-veneer-wall-panel-antique-cultural-stone-bendable-soft-porcelain\/"},"modified":"2025-04-15T10:59:08","modified_gmt":"2025-04-15T10:59:08","slug":"hemp-woven-soft-stone-woven-cloth-stone-ultra-thin-flexible-stone-veneer-wall-panel-antique-cultural-stone-bendable-soft-porcelain","status":"publish","type":"product","link":"https:\/\/nexgendecors.com\/fr\/product\/hemp-woven-soft-stone-woven-cloth-stone-ultra-thin-flexible-stone-veneer-wall-panel-antique-cultural-stone-bendable-soft-porcelain\/","title":{"rendered":"Panneau mural en placage de pierre tendre tiss\u00e9e en chanvre \u2013 Conception flexible"},"content":{"rendered":"<ul>\n<li><strong>Special Purpose<\/strong>:Anti-slip<\/li>\n<li><strong>marque<\/strong>:Banna<\/li>\n<li><strong>mod\u00e8le<\/strong>:Woven Soft Stone<\/li>\n<li><strong>style<\/strong>:Simple et moderne<\/li>\n<li><strong>Origine<\/strong>:Chine continentale<\/li>\n<li><strong>taille<\/strong>:autre<\/li>\n<li><strong>Espace applicable<\/strong>:Interior Wall<\/li>\n<li><strong>trier par couleur<\/strong>:Free sample consultation customer service, off-white 600*2400mm, warm yellow 600*2400mm, orange-red 600*2400mm, light gray 600*2400mm, herringbone light yellow 600*2400mm, herringbone white 600*2400mm, herringbone gray 600*2400mm, herringbone orange 600*2400mm<\/li>\n<li><strong>Service en ville<\/strong>:Livraison porte-\u00e0-porte logistique intra-urbaine<\/li>\n<li><strong>Texture<\/strong>:Pierre d&#039;imitation<\/li>\n<li><strong>Decoration space classification<\/strong>:Background wall, sun room, whole house<\/li>\n<li><strong>Length of each piece mm<\/strong>:1500<\/li>\n<li><strong>Width of each piece mm<\/strong>:600<\/li>\n<li><strong>Unit\u00e9 de mesure<\/strong>:1\u33a1<\/li>\n<li><strong>Water absorption<\/strong>:0.5% or more<\/li>\n<li><strong>Envoyer des \u00e9chantillons ?<\/strong>:D\u00e9coupe d&#039;\u00e9chantillon gratuite, livraison gratuite<\/li>\n<\/ul>","protected":false},"excerpt":{"rendered":"<p>Usage sp\u00e9cial : antid\u00e9rapant marque : Banna mod\u00e8le : pierre douce tiss\u00e9e style : simple et moderne origine : Chine continentale taille : autre espace applicable : mur int\u00e9rieur trier par couleur : consultation d&#039;\u00e9chantillons gratuite<\/p>","protected":false},"featured_media":163239,"comment_status":"open","ping_status":"closed","template":"","meta":[],"product_brand":[],"product_cat":[30894,30892,30878,30985],"product_tag":[30891],"class_list":{"0":"post-163240","1":"product","2":"type-product","3":"status-publish","4":"has-post-thumbnail","6":"product_cat-bs-wall-panels","7":"product_cat-export","8":"product_cat-wall-panel","9":"product_cat-wall-panels","10":"product_tag-title-adjust","12":"first","13":"instock","14":"taxable","15":"shipping-taxable","16":"purchasable","17":"product-type-variable"},"_links":{"self":[{"href":"https:\/\/nexgendecors.com\/fr\/wp-json\/wp\/v2\/product\/163240","targetHints":{"allow":["GET"]}}],"collection":[{"href":"https:\/\/nexgendecors.com\/fr\/wp-json\/wp\/v2\/product"}],"about":[{"href":"https:\/\/nexgendecors.com\/fr\/wp-json\/wp\/v2\/types\/product"}],"replies":[{"embeddable":true,"href":"https:\/\/nexgendecors.com\/fr\/wp-json\/wp\/v2\/comments?post=163240"}],"version-history":[{"count":0,"href":"https:\/\/nexgendecors.com\/fr\/wp-json\/wp\/v2\/product\/163240\/revisions"}],"wp:featuredmedia":[{"embeddable":true,"href":"https:\/\/nexgendecors.com\/fr\/wp-json\/wp\/v2\/media\/163239"}],"wp:attachment":[{"href":"https:\/\/nexgendecors.com\/fr\/wp-json\/wp\/v2\/media?parent=163240"}],"wp:term":[{"taxonomy":"product_brand","embeddable":true,"href":"https:\/\/nexgendecors.com\/fr\/wp-json\/wp\/v2\/product_brand?post=163240"},{"taxonomy":"product_cat","embeddable":true,"href":"https:\/\/nexgendecors.com\/fr\/wp-json\/wp\/v2\/product_cat?post=163240"},{"taxonomy":"product_tag","embeddable":true,"href":"https:\/\/nexgendecors.com\/fr\/wp-json\/wp\/v2\/product_tag?post=163240"}],"curies":[{"name":"wp","href":"https:\/\/api.w.org\/{rel}","templated":true}]}}