{"id":163376,"date":"2025-02-11T10:36:22","date_gmt":"2025-02-11T10:36:22","guid":{"rendered":"https:\/\/nexgendecors.com\/en\/product\/3d-three-dimensional-long-strip-mirror-matte-metal-mosaic-tile-art-concave-and-convex-stainless-steel-background-wall-corrugated-brick\/"},"modified":"2025-04-06T09:58:14","modified_gmt":"2025-04-06T09:58:14","slug":"3d-three-dimensional-long-strip-mirror-matte-metal-mosaic-tile-art-concave-and-convex-stainless-steel-background-wall-corrugated-brick","status":"publish","type":"product","link":"https:\/\/nexgendecors.com\/fr\/product\/3d-three-dimensional-long-strip-mirror-matte-metal-mosaic-tile-art-concave-and-convex-stainless-steel-background-wall-corrugated-brick\/","title":{"rendered":"Mosa\u00efque m\u00e9tallique mate 3D \u2013 D\u00e9coration murale en acier inoxydable"},"content":{"rendered":"<ul>\n<li><strong>Width of each piece mm<\/strong>:280<\/li>\n<li><strong>marque<\/strong>:Siyo<\/li>\n<li><strong>mod\u00e8le<\/strong>:EO44<\/li>\n<li><strong>style<\/strong>:Simple et moderne<\/li>\n<li><strong>Envoyer des \u00e9chantillons ?<\/strong>:Free sample cutting, freight is at your own expense<\/li>\n<li><strong>Unit\u00e9 de mesure<\/strong>:0.0555\u33a1<\/li>\n<li><strong>Length of each piece mm<\/strong>:198<\/li>\n<li><strong>Espace applicable<\/strong>:Interior Wall<\/li>\n<li><strong>Service en ville<\/strong>:Livraison porte-\u00e0-porte logistique intra-urbaine<\/li>\n<li><strong>Origine<\/strong>:Chine continentale<\/li>\n<li><strong>Mat\u00e9riel<\/strong>:M\u00e9tal<\/li>\n<li><strong>Decoration space classification<\/strong>:Bathroom, bedroom, background wall, sun room, kitchen, whole house, balcony, living room<\/li>\n<li><strong>Water absorption<\/strong>:0.5% or more<\/li>\n<li><strong>taille<\/strong>:Other sizes<\/li>\n<li><strong>trier par couleur<\/strong>:Black brushed 3D metal, black glossy 3D metal, black + gold glossy 3D metal [personalized combination], black + gold glossy 3D metal [chessboard combination], black + blue glossy 3D metal, silver brushed 3D metal, silver glossy 3D metal, blue glossy 3D metal, gold glossy 3D metal, rose gold brushed 3D metal, rose gold glossy 3D metal, champagne gold glossy 3D metal, champagne gold brushed 3D metal<\/li>\n<li><strong><\/strong>:<\/li>\n<\/ul>","protected":false},"excerpt":{"rendered":"<p>Largeur de chaque pi\u00e8ce mm : 280 marque : Siyo mod\u00e8le : EO44 style : simple et moderne Envoyer des \u00e9chantillons ? : D\u00e9coupe d&#039;\u00e9chantillon gratuite, le fret est \u00e0 vos frais<\/p>","protected":false},"featured_media":163375,"comment_status":"open","ping_status":"closed","template":"","meta":[],"product_brand":[],"product_cat":[30894,30892,30878],"product_tag":[30891],"class_list":{"0":"post-163376","1":"product","2":"type-product","3":"status-publish","4":"has-post-thumbnail","6":"product_cat-bs-wall-panels","7":"product_cat-export","8":"product_cat-wall-panel","9":"product_tag-title-adjust","11":"first","12":"outofstock","13":"taxable","14":"shipping-taxable","15":"product-type-variable"},"_links":{"self":[{"href":"https:\/\/nexgendecors.com\/fr\/wp-json\/wp\/v2\/product\/163376","targetHints":{"allow":["GET"]}}],"collection":[{"href":"https:\/\/nexgendecors.com\/fr\/wp-json\/wp\/v2\/product"}],"about":[{"href":"https:\/\/nexgendecors.com\/fr\/wp-json\/wp\/v2\/types\/product"}],"replies":[{"embeddable":true,"href":"https:\/\/nexgendecors.com\/fr\/wp-json\/wp\/v2\/comments?post=163376"}],"version-history":[{"count":0,"href":"https:\/\/nexgendecors.com\/fr\/wp-json\/wp\/v2\/product\/163376\/revisions"}],"wp:featuredmedia":[{"embeddable":true,"href":"https:\/\/nexgendecors.com\/fr\/wp-json\/wp\/v2\/media\/163375"}],"wp:attachment":[{"href":"https:\/\/nexgendecors.com\/fr\/wp-json\/wp\/v2\/media?parent=163376"}],"wp:term":[{"taxonomy":"product_brand","embeddable":true,"href":"https:\/\/nexgendecors.com\/fr\/wp-json\/wp\/v2\/product_brand?post=163376"},{"taxonomy":"product_cat","embeddable":true,"href":"https:\/\/nexgendecors.com\/fr\/wp-json\/wp\/v2\/product_cat?post=163376"},{"taxonomy":"product_tag","embeddable":true,"href":"https:\/\/nexgendecors.com\/fr\/wp-json\/wp\/v2\/product_tag?post=163376"}],"curies":[{"name":"wp","href":"https:\/\/api.w.org\/{rel}","templated":true}]}}