{"id":163387,"date":"2025-02-11T10:36:56","date_gmt":"2025-02-11T10:36:56","guid":{"rendered":"https:\/\/nexgendecors.com\/en\/product\/long-strip-three-dimensional-concave-and-convex-metal-glass-mosaic-tile-background-wall-restaurant-bar-shop-art-decoration-wall-tile\/"},"modified":"2025-04-06T09:58:18","modified_gmt":"2025-04-06T09:58:18","slug":"long-strip-three-dimensional-concave-and-convex-metal-glass-mosaic-tile-background-wall-restaurant-bar-shop-art-decoration-wall-tile","status":"publish","type":"product","link":"https:\/\/nexgendecors.com\/fr\/product\/long-strip-three-dimensional-concave-and-convex-metal-glass-mosaic-tile-background-wall-restaurant-bar-shop-art-decoration-wall-tile\/","title":{"rendered":"Carrelage mural en mosa\u00efque de verre et m\u00e9tal concave-convexe"},"content":{"rendered":"<ul>\n<li><strong>Width of each piece mm<\/strong>:150<\/li>\n<li><strong>marque<\/strong>:Siyo<\/li>\n<li><strong>mod\u00e8le<\/strong>:EO70<\/li>\n<li><strong>style<\/strong>:Simple et moderne<\/li>\n<li><strong>Envoyer des \u00e9chantillons ?<\/strong>:Free sample cutting, freight is at your own expense<\/li>\n<li><strong>Unit\u00e9 de mesure<\/strong>:0.0454\u33a1<\/li>\n<li><strong>Length of each piece mm<\/strong>:300<\/li>\n<li><strong>Espace applicable<\/strong>:Interior Wall<\/li>\n<li><strong>Service en ville<\/strong>:Livraison porte-\u00e0-porte logistique intra-urbaine<\/li>\n<li><strong>Origine<\/strong>:Chine continentale<\/li>\n<li><strong>Mat\u00e9riel<\/strong>:Verre<\/li>\n<li><strong>Decoration space classification<\/strong>:Bathroom, bedroom, background wall, sun room, kitchen, whole house, balcony, living room<\/li>\n<li><strong>Water absorption<\/strong>:0.5% or more<\/li>\n<li><strong>taille<\/strong>:Other sizes<\/li>\n<li><strong>trier par couleur<\/strong>:Rose gold + flat glass, rose gold + textured glass, black + flat glass, black + textured glass, champagne gold + flat glass, champagne gold + textured glass, silver + flat glass, silver + textured glass, gold + flat glass, gold + textured glass<\/li>\n<li><strong><\/strong>:<\/li>\n<\/ul>","protected":false},"excerpt":{"rendered":"<p>Largeur de chaque pi\u00e8ce mm : 150 marque : Siyo mod\u00e8le : EO70 style : simple et moderne Envoyer des \u00e9chantillons ? : D\u00e9coupe d&#039;\u00e9chantillon gratuite, le fret est \u00e0 vos frais<\/p>","protected":false},"featured_media":163386,"comment_status":"open","ping_status":"closed","template":"","meta":[],"product_brand":[],"product_cat":[30892,30878],"product_tag":[30891],"class_list":{"0":"post-163387","1":"product","2":"type-product","3":"status-publish","4":"has-post-thumbnail","6":"product_cat-export","7":"product_cat-wall-panel","8":"product_tag-title-adjust","10":"first","11":"instock","12":"taxable","13":"shipping-taxable","14":"purchasable","15":"product-type-variable"},"_links":{"self":[{"href":"https:\/\/nexgendecors.com\/fr\/wp-json\/wp\/v2\/product\/163387","targetHints":{"allow":["GET"]}}],"collection":[{"href":"https:\/\/nexgendecors.com\/fr\/wp-json\/wp\/v2\/product"}],"about":[{"href":"https:\/\/nexgendecors.com\/fr\/wp-json\/wp\/v2\/types\/product"}],"replies":[{"embeddable":true,"href":"https:\/\/nexgendecors.com\/fr\/wp-json\/wp\/v2\/comments?post=163387"}],"version-history":[{"count":0,"href":"https:\/\/nexgendecors.com\/fr\/wp-json\/wp\/v2\/product\/163387\/revisions"}],"wp:featuredmedia":[{"embeddable":true,"href":"https:\/\/nexgendecors.com\/fr\/wp-json\/wp\/v2\/media\/163386"}],"wp:attachment":[{"href":"https:\/\/nexgendecors.com\/fr\/wp-json\/wp\/v2\/media?parent=163387"}],"wp:term":[{"taxonomy":"product_brand","embeddable":true,"href":"https:\/\/nexgendecors.com\/fr\/wp-json\/wp\/v2\/product_brand?post=163387"},{"taxonomy":"product_cat","embeddable":true,"href":"https:\/\/nexgendecors.com\/fr\/wp-json\/wp\/v2\/product_cat?post=163387"},{"taxonomy":"product_tag","embeddable":true,"href":"https:\/\/nexgendecors.com\/fr\/wp-json\/wp\/v2\/product_tag?post=163387"}],"curies":[{"name":"wp","href":"https:\/\/api.w.org\/{rel}","templated":true}]}}