{"id":163406,"date":"2025-02-11T10:37:26","date_gmt":"2025-02-11T10:37:26","guid":{"rendered":"https:\/\/nexgendecors.com\/en\/product\/soft-stone-sawn-board-beech-board-flexible-stone-wood-grain-veneer-beech-soft-stone-wood-grain-background-wall-decoration-material\/"},"modified":"2025-04-15T10:59:08","modified_gmt":"2025-04-15T10:59:08","slug":"soft-stone-sawn-board-beech-board-flexible-stone-wood-grain-veneer-beech-soft-stone-wood-grain-background-wall-decoration-material","status":"publish","type":"product","link":"https:\/\/nexgendecors.com\/fr\/product\/soft-stone-sawn-board-beech-board-flexible-stone-wood-grain-veneer-beech-soft-stone-wood-grain-background-wall-decoration-material\/","title":{"rendered":"Placage en bois de h\u00eatre pour une d\u00e9coration murale \u00e9l\u00e9gante"},"content":{"rendered":"<ul>\n<li><strong>Width of each piece mm<\/strong>:600<\/li>\n<li><strong>marque<\/strong>:New Stone World<\/li>\n<li><strong>mod\u00e8le<\/strong>:Soft porcelain sawn board<\/li>\n<li><strong>style<\/strong>:Simple et moderne<\/li>\n<li><strong>Origine<\/strong>:Chine continentale<\/li>\n<li><strong>Envoyer des \u00e9chantillons ?<\/strong>:Sample cutting at own expense, free shipping<\/li>\n<li><strong>Unit\u00e9 de mesure<\/strong>:1\u33a1<\/li>\n<li><strong>Water absorption<\/strong>:0.5% or more<\/li>\n<li><strong>taille<\/strong>:autre<\/li>\n<li><strong>Length of each piece mm<\/strong>:3000<\/li>\n<li><strong>Texture<\/strong>:Imitation wood<\/li>\n<li><strong>Espace applicable<\/strong>:External Wall<\/li>\n<li><strong>trier par couleur<\/strong>:Consult customer service for free samples, large sawn board 1 square price width 60cm * length 300cm, black sawn board \u2764 width 60cm * length 120cm \/ piece, dark brown sawn board \u2764 width 60cm * length 120cm \/ piece, white sawn board \u2764 width 60cm * length 120cm \/ piece, birch color sawn board \u2764 width 60cm * length 120cm \/ piece, white sawn board 1 square price width 60cm * length 300cm, dark brown sawn board 1 square price width 60cm * length 300cm, black sawn board 1 square price width 60cm * length 300cm, white sawn board 1 square price width 120cm * length 300cm, black sawn board 1 square price width 120cm * length 300cm, dark brown sawn board 1 square price width 120cm * length 300cm, birch color sawn board 1 square price width 120cm * length 300cm<\/li>\n<li><strong><\/strong>:<\/li>\n<\/ul>","protected":false},"excerpt":{"rendered":"<p>Largeur de chaque pi\u00e8ce mm : 600 marque : New Stone World mod\u00e8le : panneau sci\u00e9 en porcelaine tendre style : simple et moderne origine : Chine continentale Envoyer des \u00e9chantillons ? : D\u00e9coupe d&#039;\u00e9chantillon<\/p>","protected":false},"featured_media":163405,"comment_status":"open","ping_status":"closed","template":"","meta":[],"product_brand":[],"product_cat":[30892,30878,30985],"product_tag":[30891],"class_list":{"0":"post-163406","1":"product","2":"type-product","3":"status-publish","4":"has-post-thumbnail","6":"product_cat-export","7":"product_cat-wall-panel","8":"product_cat-wall-panels","9":"product_tag-title-adjust","11":"first","12":"instock","13":"taxable","14":"shipping-taxable","15":"purchasable","16":"product-type-variable"},"_links":{"self":[{"href":"https:\/\/nexgendecors.com\/fr\/wp-json\/wp\/v2\/product\/163406","targetHints":{"allow":["GET"]}}],"collection":[{"href":"https:\/\/nexgendecors.com\/fr\/wp-json\/wp\/v2\/product"}],"about":[{"href":"https:\/\/nexgendecors.com\/fr\/wp-json\/wp\/v2\/types\/product"}],"replies":[{"embeddable":true,"href":"https:\/\/nexgendecors.com\/fr\/wp-json\/wp\/v2\/comments?post=163406"}],"version-history":[{"count":0,"href":"https:\/\/nexgendecors.com\/fr\/wp-json\/wp\/v2\/product\/163406\/revisions"}],"wp:featuredmedia":[{"embeddable":true,"href":"https:\/\/nexgendecors.com\/fr\/wp-json\/wp\/v2\/media\/163405"}],"wp:attachment":[{"href":"https:\/\/nexgendecors.com\/fr\/wp-json\/wp\/v2\/media?parent=163406"}],"wp:term":[{"taxonomy":"product_brand","embeddable":true,"href":"https:\/\/nexgendecors.com\/fr\/wp-json\/wp\/v2\/product_brand?post=163406"},{"taxonomy":"product_cat","embeddable":true,"href":"https:\/\/nexgendecors.com\/fr\/wp-json\/wp\/v2\/product_cat?post=163406"},{"taxonomy":"product_tag","embeddable":true,"href":"https:\/\/nexgendecors.com\/fr\/wp-json\/wp\/v2\/product_tag?post=163406"}],"curies":[{"name":"wp","href":"https:\/\/api.w.org\/{rel}","templated":true}]}}