{"id":163425,"date":"2025-02-11T10:37:47","date_gmt":"2025-02-11T10:37:47","guid":{"rendered":"https:\/\/nexgendecors.com\/en\/product\/pu-wood-grain-board-carbonized-wood-anticorrosive-wood-wainscot-wood-veneer-wallboard-retro-wood-grain-brick-shop-sign-background-wall-decoration\/"},"modified":"2025-04-15T10:59:08","modified_gmt":"2025-04-15T10:59:08","slug":"pu-wood-grain-board-carbonized-wood-anticorrosive-wood-wainscot-wood-veneer-wallboard-retro-wood-grain-brick-shop-sign-background-wall-decoration","status":"publish","type":"product","link":"https:\/\/nexgendecors.com\/fr\/product\/pu-wood-grain-board-carbonized-wood-anticorrosive-wood-wainscot-wood-veneer-wallboard-retro-wood-grain-brick-shop-sign-background-wall-decoration\/","title":{"rendered":"Lambris en bois carbonis\u00e9 \u2013 D\u00e9coration murale \u00e0 grain r\u00e9tro"},"content":{"rendered":"<ul>\n<li><strong>marque<\/strong>:New Stone World<\/li>\n<li><strong>mod\u00e8le<\/strong>:PU carbonized wood<\/li>\n<li><strong>style<\/strong>:Nouveau chinois<\/li>\n<li><strong>Origine<\/strong>:Chine continentale<\/li>\n<li><strong>Envoyer des \u00e9chantillons ?<\/strong>:Sample cutting at own expense, free shipping<\/li>\n<li><strong>Unit\u00e9 de mesure<\/strong>:1\u33a1<\/li>\n<li><strong>Water absorption<\/strong>:0.5% or more<\/li>\n<li><strong>taille<\/strong>:200*200 Consult customer service for free samples, 1200*600 0.72 square per piece<\/li>\n<li><strong>Texture<\/strong>:Imitation wood<\/li>\n<li><strong>Espace applicable<\/strong>:Internal and external walls<\/li>\n<li><strong>Service en ville<\/strong>:Livraison \u00e0 domicile par des vendeurs locaux<\/li>\n<li><strong>trier par couleur<\/strong>:pu carbonized wood-dark black,pu carbonized wood-Roman black,pu carbonized wood-light cement gray,pu carbonized wood-3A cement gray,pu carbonized wood-dark gray,pu carbonized wood-Chinese red,pu carbonized wood-Snow Mountain White,pu carbonized wood-brick red,pu carbonized wood-green<\/li>\n<\/ul>","protected":false},"excerpt":{"rendered":"<p>Marque : New Stone World Mod\u00e8le : Bois carbonis\u00e9 PU Style : Nouveau Origine chinoise : Chine continentale Envoyer des \u00e9chantillons ? : D\u00e9coupe d&#039;\u00e9chantillon \u00e0 vos frais, livraison gratuite Unit\u00e9 de<\/p>","protected":false},"featured_media":163423,"comment_status":"open","ping_status":"closed","template":"","meta":[],"product_brand":[],"product_cat":[30892,30878,30985],"product_tag":[30891],"class_list":{"0":"post-163425","1":"product","2":"type-product","3":"status-publish","4":"has-post-thumbnail","6":"product_cat-export","7":"product_cat-wall-panel","8":"product_cat-wall-panels","9":"product_tag-title-adjust","11":"first","12":"instock","13":"taxable","14":"shipping-taxable","15":"purchasable","16":"product-type-variable"},"_links":{"self":[{"href":"https:\/\/nexgendecors.com\/fr\/wp-json\/wp\/v2\/product\/163425","targetHints":{"allow":["GET"]}}],"collection":[{"href":"https:\/\/nexgendecors.com\/fr\/wp-json\/wp\/v2\/product"}],"about":[{"href":"https:\/\/nexgendecors.com\/fr\/wp-json\/wp\/v2\/types\/product"}],"replies":[{"embeddable":true,"href":"https:\/\/nexgendecors.com\/fr\/wp-json\/wp\/v2\/comments?post=163425"}],"version-history":[{"count":0,"href":"https:\/\/nexgendecors.com\/fr\/wp-json\/wp\/v2\/product\/163425\/revisions"}],"wp:featuredmedia":[{"embeddable":true,"href":"https:\/\/nexgendecors.com\/fr\/wp-json\/wp\/v2\/media\/163423"}],"wp:attachment":[{"href":"https:\/\/nexgendecors.com\/fr\/wp-json\/wp\/v2\/media?parent=163425"}],"wp:term":[{"taxonomy":"product_brand","embeddable":true,"href":"https:\/\/nexgendecors.com\/fr\/wp-json\/wp\/v2\/product_brand?post=163425"},{"taxonomy":"product_cat","embeddable":true,"href":"https:\/\/nexgendecors.com\/fr\/wp-json\/wp\/v2\/product_cat?post=163425"},{"taxonomy":"product_tag","embeddable":true,"href":"https:\/\/nexgendecors.com\/fr\/wp-json\/wp\/v2\/product_tag?post=163425"}],"curies":[{"name":"wp","href":"https:\/\/api.w.org\/{rel}","templated":true}]}}