{"id":163805,"date":"2025-02-11T10:44:30","date_gmt":"2025-02-11T10:44:30","guid":{"rendered":"https:\/\/nexgendecors.com\/en\/product\/hemp-woven-soft-stone-flexible-stone-woven-soft-stone-soft-porcelain-background-wall-ultra-thin-lightweight-indoor-and-outdoor-wall-decoration-material\/"},"modified":"2025-04-15T10:59:07","modified_gmt":"2025-04-15T10:59:07","slug":"hemp-woven-soft-stone-flexible-stone-woven-soft-stone-soft-porcelain-background-wall-ultra-thin-lightweight-indoor-and-outdoor-wall-decoration-material","status":"publish","type":"product","link":"https:\/\/nexgendecors.com\/fr\/product\/hemp-woven-soft-stone-flexible-stone-woven-soft-stone-soft-porcelain-background-wall-ultra-thin-lightweight-indoor-and-outdoor-wall-decoration-material\/","title":{"rendered":"D\u00e9cor mural en pierre douce tiss\u00e9e de chanvre - Ultra-mince et l\u00e9ger"},"content":{"rendered":"<ul>\n<li><strong>marque<\/strong>:Aucune marque\/aucune marque d\u00e9pos\u00e9e<\/li>\n<li><strong>mod\u00e8le<\/strong>:Undecided<\/li>\n<li><strong>style<\/strong>:Simple et moderne<\/li>\n<li><strong>Origine<\/strong>:Chine continentale<\/li>\n<li><strong>Envoyer des \u00e9chantillons ?<\/strong>:autre<\/li>\n<li><strong>Unit\u00e9 de mesure<\/strong>:0.72\u33a1<\/li>\n<li><strong>Water absorption<\/strong>:0.5% or more<\/li>\n<li><strong>taille<\/strong>:default<\/li>\n<li><strong>Texture<\/strong>:Imitation cloth<\/li>\n<li><strong>Espace applicable<\/strong>:Internal and external walls<\/li>\n<li><strong>trier par couleur<\/strong>:Contact customer service for other colors, white 600*1200 whole price, off-white 600*1200 whole price, wheat yellow 600*1200 whole price, khaki 600*1200 whole price, orange 600*1200 whole price, light gray 600*1200 whole price, dark gray 600*1200 whole price, black 600*1200 whole price, hemp woven board white square price, hemp woven board off-white square price, hemp woven board black square price, hemp woven board light gray square price, hemp woven board dark gray square price, hemp woven board orange square price, hemp woven board yellow square price<\/li>\n<li><strong><\/strong>:<\/li>\n<\/ul>","protected":false},"excerpt":{"rendered":"<p>marque:No brand\/no registered trademark mod\u00e8le:Ind\u00e9cis style:Simple et moderne Origine:Chine continentale Envoyer des \u00e9chantillons?:autre Unit\u00e9 de mesure:0.72\u33a1 Absorption d'eau:0.5% ou plus taille:par d\u00e9faut<\/p>","protected":false},"featured_media":163804,"comment_status":"open","ping_status":"closed","template":"","meta":[],"product_brand":[],"product_cat":[30894,30892,30878,30985],"product_tag":[30891],"class_list":{"0":"post-163805","1":"product","2":"type-product","3":"status-publish","4":"has-post-thumbnail","6":"product_cat-bs-wall-panels","7":"product_cat-export","8":"product_cat-wall-panel","9":"product_cat-wall-panels","10":"product_tag-title-adjust","12":"first","13":"instock","14":"taxable","15":"shipping-taxable","16":"purchasable","17":"product-type-variable"},"_links":{"self":[{"href":"https:\/\/nexgendecors.com\/fr\/wp-json\/wp\/v2\/product\/163805","targetHints":{"allow":["GET"]}}],"collection":[{"href":"https:\/\/nexgendecors.com\/fr\/wp-json\/wp\/v2\/product"}],"about":[{"href":"https:\/\/nexgendecors.com\/fr\/wp-json\/wp\/v2\/types\/product"}],"replies":[{"embeddable":true,"href":"https:\/\/nexgendecors.com\/fr\/wp-json\/wp\/v2\/comments?post=163805"}],"version-history":[{"count":0,"href":"https:\/\/nexgendecors.com\/fr\/wp-json\/wp\/v2\/product\/163805\/revisions"}],"wp:featuredmedia":[{"embeddable":true,"href":"https:\/\/nexgendecors.com\/fr\/wp-json\/wp\/v2\/media\/163804"}],"wp:attachment":[{"href":"https:\/\/nexgendecors.com\/fr\/wp-json\/wp\/v2\/media?parent=163805"}],"wp:term":[{"taxonomy":"product_brand","embeddable":true,"href":"https:\/\/nexgendecors.com\/fr\/wp-json\/wp\/v2\/product_brand?post=163805"},{"taxonomy":"product_cat","embeddable":true,"href":"https:\/\/nexgendecors.com\/fr\/wp-json\/wp\/v2\/product_cat?post=163805"},{"taxonomy":"product_tag","embeddable":true,"href":"https:\/\/nexgendecors.com\/fr\/wp-json\/wp\/v2\/product_tag?post=163805"}],"curies":[{"name":"wp","href":"https:\/\/api.w.org\/{rel}","templated":true}]}}