{"id":163844,"date":"2025-02-11T10:46:34","date_gmt":"2025-02-11T10:46:34","guid":{"rendered":"https:\/\/nexgendecors.com\/en\/product\/saw-wood-board-soft-stone-flexible-stone-saw-wood-grain-stone-plastic-board-homestay-wall-board-background-wall\/"},"modified":"2025-04-15T10:59:06","modified_gmt":"2025-04-15T10:59:06","slug":"saw-wood-board-soft-stone-flexible-stone-saw-wood-grain-stone-plastic-board-homestay-wall-board-background-wall","status":"publish","type":"product","link":"https:\/\/nexgendecors.com\/fr\/product\/saw-wood-board-soft-stone-flexible-stone-saw-wood-grain-stone-plastic-board-homestay-wall-board-background-wall\/","title":{"rendered":"Panneau mural en pierre flexible \u00e0 grain de bois pour les s\u00e9jours chez l'habitant"},"content":{"rendered":"<ul>\n<li><strong>marque<\/strong>:autre\/autre<\/li>\n<li><strong>mod\u00e8le<\/strong>:Type*Undetermined<\/li>\n<li><strong>style<\/strong>:Simple et moderne<\/li>\n<li><strong>Origine<\/strong>:Chine continentale<\/li>\n<li><strong>Envoyer des \u00e9chantillons ?<\/strong>:autre<\/li>\n<li><strong>Unit\u00e9 de mesure<\/strong>:1\u33a1<\/li>\n<li><strong>Water absorption<\/strong>:0.5% or more<\/li>\n<li><strong>taille<\/strong>:autre<\/li>\n<li><strong>Texture<\/strong>:Pierre d&#039;imitation<\/li>\n<li><strong>Espace applicable<\/strong>:Internal and external walls<\/li>\n<li><strong>trier par couleur<\/strong>:For sampling details, please consult customer service, log color 600*1200 whole block price, teak color 600*1200 whole block price, light rosewood color 600*1200 whole block price, red cherry color 600*1200 whole block price, white 600*1200 whole block price, black 600*1200 whole block price, log color 1200*3000 square price, teak color 1200*3000 square price, light rosewood color 1200*3000 square price, red cherry color 1200*3000 square price, black 1200*3000 square price<\/li>\n<li><strong><\/strong>:<\/li>\n<\/ul>","protected":false},"excerpt":{"rendered":"<p>marque:autre\/autre mod\u00e8le:Type*ind\u00e9termin\u00e9 style:Simple et moderne Origine:Chine continentale Envoyer des \u00e9chantillons?:autre Unit\u00e9 de mesure:1\u33a1 Absorption d'eau:0.5% ou plus taille:autre Texture:Imitation pierre Applicable<\/p>","protected":false},"featured_media":163843,"comment_status":"open","ping_status":"closed","template":"","meta":[],"product_brand":[],"product_cat":[30894,30892,30878,30985],"product_tag":[30891],"class_list":{"0":"post-163844","1":"product","2":"type-product","3":"status-publish","4":"has-post-thumbnail","6":"product_cat-bs-wall-panels","7":"product_cat-export","8":"product_cat-wall-panel","9":"product_cat-wall-panels","10":"product_tag-title-adjust","12":"first","13":"instock","14":"taxable","15":"shipping-taxable","16":"purchasable","17":"product-type-variable"},"_links":{"self":[{"href":"https:\/\/nexgendecors.com\/fr\/wp-json\/wp\/v2\/product\/163844","targetHints":{"allow":["GET"]}}],"collection":[{"href":"https:\/\/nexgendecors.com\/fr\/wp-json\/wp\/v2\/product"}],"about":[{"href":"https:\/\/nexgendecors.com\/fr\/wp-json\/wp\/v2\/types\/product"}],"replies":[{"embeddable":true,"href":"https:\/\/nexgendecors.com\/fr\/wp-json\/wp\/v2\/comments?post=163844"}],"version-history":[{"count":0,"href":"https:\/\/nexgendecors.com\/fr\/wp-json\/wp\/v2\/product\/163844\/revisions"}],"wp:featuredmedia":[{"embeddable":true,"href":"https:\/\/nexgendecors.com\/fr\/wp-json\/wp\/v2\/media\/163843"}],"wp:attachment":[{"href":"https:\/\/nexgendecors.com\/fr\/wp-json\/wp\/v2\/media?parent=163844"}],"wp:term":[{"taxonomy":"product_brand","embeddable":true,"href":"https:\/\/nexgendecors.com\/fr\/wp-json\/wp\/v2\/product_brand?post=163844"},{"taxonomy":"product_cat","embeddable":true,"href":"https:\/\/nexgendecors.com\/fr\/wp-json\/wp\/v2\/product_cat?post=163844"},{"taxonomy":"product_tag","embeddable":true,"href":"https:\/\/nexgendecors.com\/fr\/wp-json\/wp\/v2\/product_tag?post=163844"}],"curies":[{"name":"wp","href":"https:\/\/api.w.org\/{rel}","templated":true}]}}