{"id":164060,"date":"2025-02-11T12:20:23","date_gmt":"2025-02-11T12:20:23","guid":{"rendered":"https:\/\/nexgendecors.com\/en\/product\/bamboo-charcoal-wood-white-board-mirror-board-ceiling-mirror-white-board-metal-board-decorative-board-wood-veneer-board-carbon-crystal-board-wall-board\/"},"modified":"2025-04-15T10:59:06","modified_gmt":"2025-04-15T10:59:06","slug":"bamboo-charcoal-wood-white-board-mirror-board-ceiling-mirror-white-board-metal-board-decorative-board-wood-veneer-board-carbon-crystal-board-wall-board","status":"publish","type":"product","link":"https:\/\/nexgendecors.com\/fr\/product\/bamboo-charcoal-wood-white-board-mirror-board-ceiling-mirror-white-board-metal-board-decorative-board-wood-veneer-board-carbon-crystal-board-wall-board\/","title":{"rendered":"Tableau blanc et miroir d\u00e9coratif en bambou et charbon de bois"},"content":{"rendered":"<ul>\n<li><strong>Veneer brand<\/strong>:Choosing a tree<\/li>\n<li><strong>mod\u00e8le<\/strong>:026<\/li>\n<li><strong>Envoyer des \u00e9chantillons ?<\/strong>:D\u00e9coupe d&#039;\u00e9chantillon gratuite, livraison gratuite<\/li>\n<li><strong>Unit\u00e9 de mesure<\/strong>:M\u00e8tre carr\u00e9<\/li>\n<li><strong>province<\/strong>:Shandong Province<\/li>\n<li><strong>Ville<\/strong>:Linyi City<\/li>\n<li><strong>Mat\u00e9riau de finition<\/strong>:Mirror<\/li>\n<li><strong>taille<\/strong>:5mm,8mm<\/li>\n<li><strong>Service en ville<\/strong>:Livraison \u00e0 domicile par des vendeurs locaux<\/li>\n<li><strong>Est-ce personnalisable ?<\/strong>:Oui<\/li>\n<li><strong>Origine<\/strong>:Chine continentale<\/li>\n<li><strong>Mat\u00e9riel<\/strong>:Miscellaneous wood core<\/li>\n<li><strong>Niveau de protection de l&#039;environnement<\/strong>:E0<\/li>\n<li><strong>trier par couleur<\/strong>:White board suitable for wall, black mirror board suitable for ceiling, various mirror panels<\/li>\n<\/ul>","protected":false},"excerpt":{"rendered":"<p>Marque de placage:Choisir un arbre mod\u00e8le:026 Envoyer des \u00e9chantillons?:D\u00e9coupe gratuite d'\u00e9chantillons, exp\u00e9dition gratuite Unit\u00e9 de mesure:M\u00e8tre carr\u00e9 Province:Province de Shandong Ville:Linyi Ville Finition<\/p>","protected":false},"featured_media":164059,"comment_status":"open","ping_status":"closed","template":"","meta":[],"product_brand":[],"product_cat":[30892,30878,30985],"product_tag":[30891],"class_list":{"0":"post-164060","1":"product","2":"type-product","3":"status-publish","4":"has-post-thumbnail","6":"product_cat-export","7":"product_cat-wall-panel","8":"product_cat-wall-panels","9":"product_tag-title-adjust","11":"first","12":"instock","13":"taxable","14":"shipping-taxable","15":"purchasable","16":"product-type-variable"},"_links":{"self":[{"href":"https:\/\/nexgendecors.com\/fr\/wp-json\/wp\/v2\/product\/164060","targetHints":{"allow":["GET"]}}],"collection":[{"href":"https:\/\/nexgendecors.com\/fr\/wp-json\/wp\/v2\/product"}],"about":[{"href":"https:\/\/nexgendecors.com\/fr\/wp-json\/wp\/v2\/types\/product"}],"replies":[{"embeddable":true,"href":"https:\/\/nexgendecors.com\/fr\/wp-json\/wp\/v2\/comments?post=164060"}],"version-history":[{"count":0,"href":"https:\/\/nexgendecors.com\/fr\/wp-json\/wp\/v2\/product\/164060\/revisions"}],"wp:featuredmedia":[{"embeddable":true,"href":"https:\/\/nexgendecors.com\/fr\/wp-json\/wp\/v2\/media\/164059"}],"wp:attachment":[{"href":"https:\/\/nexgendecors.com\/fr\/wp-json\/wp\/v2\/media?parent=164060"}],"wp:term":[{"taxonomy":"product_brand","embeddable":true,"href":"https:\/\/nexgendecors.com\/fr\/wp-json\/wp\/v2\/product_brand?post=164060"},{"taxonomy":"product_cat","embeddable":true,"href":"https:\/\/nexgendecors.com\/fr\/wp-json\/wp\/v2\/product_cat?post=164060"},{"taxonomy":"product_tag","embeddable":true,"href":"https:\/\/nexgendecors.com\/fr\/wp-json\/wp\/v2\/product_tag?post=164060"}],"curies":[{"name":"wp","href":"https:\/\/api.w.org\/{rel}","templated":true}]}}