{"id":164216,"date":"2025-02-11T12:38:41","date_gmt":"2025-02-11T12:38:41","guid":{"rendered":"https:\/\/nexgendecors.com\/en\/product\/bamboo-woven-board-resin-board-translucent-veneer-bamboo-shadow-board-rattan-woven-decorative-board-screen-partition-background-wall-wood-veneer-2\/"},"modified":"2025-04-15T10:59:05","modified_gmt":"2025-04-15T10:59:05","slug":"bamboo-woven-board-resin-board-translucent-veneer-bamboo-shadow-board-rattan-woven-decorative-board-screen-partition-background-wall-wood-veneer-2","status":"publish","type":"product","link":"https:\/\/nexgendecors.com\/fr\/product\/bamboo-woven-board-resin-board-translucent-veneer-bamboo-shadow-board-rattan-woven-decorative-board-screen-partition-background-wall-wood-veneer-2\/","title":{"rendered":"Cloison d\u00e9corative tiss\u00e9e en bambou translucide"},"content":{"rendered":"<ul>\n<li><strong>Veneer brand<\/strong>:Back Tower<\/li>\n<li><strong>mod\u00e8le<\/strong>:Bamboo board<\/li>\n<li><strong>Est-ce personnalisable ?<\/strong>:Oui<\/li>\n<li><strong>Origine<\/strong>:Chine continentale<\/li>\n<li><strong>province<\/strong>:Province du Guangdong<\/li>\n<li><strong>Ville<\/strong>:Ville de Zhongshan<\/li>\n<li><strong>Envoyer des \u00e9chantillons ?<\/strong>:D\u00e9coupe d&#039;\u00e9chantillon gratuite, livraison gratuite<\/li>\n<li><strong>\u00e9paisseur<\/strong>:3mm<\/li>\n<li><strong>taille<\/strong>:1220 mm<\/li>\n<li><strong>Tree species<\/strong>:Autre<\/li>\n<li><strong>Service en ville<\/strong>:Livraison porte-\u00e0-porte logistique intra-urbaine<\/li>\n<li><strong>Niveau de protection de l&#039;environnement<\/strong>:E0<\/li>\n<li><strong>trier par couleur<\/strong>:Resin bamboo board PA264 Resin bamboo board PA265 Resin bamboo board PA266 Resin bamboo board light brown imitation rattan PA239 Resin bamboo board dark brown imitation rattan PA239 Resin bamboo board yellow imitation rattan PA239<\/li>\n<li><strong><\/strong>:<\/li>\n<\/ul>","protected":false},"excerpt":{"rendered":"<p>Marque de placage:Back Tower Mod\u00e8le:Bamboo board Est-il personnalisable?:oui Origine:Province chinoise continentale:Guangdong Province Ville:Zhongshan Ville Envoyer des \u00e9chantillons:D\u00e9coupe gratuite d'\u00e9chantillons, exp\u00e9dition gratuite<\/p>","protected":false},"featured_media":164215,"comment_status":"open","ping_status":"closed","template":"","meta":[],"product_brand":[],"product_cat":[30892,30878,30985],"product_tag":[30891],"class_list":{"0":"post-164216","1":"product","2":"type-product","3":"status-publish","4":"has-post-thumbnail","6":"product_cat-export","7":"product_cat-wall-panel","8":"product_cat-wall-panels","9":"product_tag-title-adjust","11":"first","12":"instock","13":"taxable","14":"shipping-taxable","15":"purchasable","16":"product-type-variable"},"_links":{"self":[{"href":"https:\/\/nexgendecors.com\/fr\/wp-json\/wp\/v2\/product\/164216","targetHints":{"allow":["GET"]}}],"collection":[{"href":"https:\/\/nexgendecors.com\/fr\/wp-json\/wp\/v2\/product"}],"about":[{"href":"https:\/\/nexgendecors.com\/fr\/wp-json\/wp\/v2\/types\/product"}],"replies":[{"embeddable":true,"href":"https:\/\/nexgendecors.com\/fr\/wp-json\/wp\/v2\/comments?post=164216"}],"version-history":[{"count":0,"href":"https:\/\/nexgendecors.com\/fr\/wp-json\/wp\/v2\/product\/164216\/revisions"}],"wp:featuredmedia":[{"embeddable":true,"href":"https:\/\/nexgendecors.com\/fr\/wp-json\/wp\/v2\/media\/164215"}],"wp:attachment":[{"href":"https:\/\/nexgendecors.com\/fr\/wp-json\/wp\/v2\/media?parent=164216"}],"wp:term":[{"taxonomy":"product_brand","embeddable":true,"href":"https:\/\/nexgendecors.com\/fr\/wp-json\/wp\/v2\/product_brand?post=164216"},{"taxonomy":"product_cat","embeddable":true,"href":"https:\/\/nexgendecors.com\/fr\/wp-json\/wp\/v2\/product_cat?post=164216"},{"taxonomy":"product_tag","embeddable":true,"href":"https:\/\/nexgendecors.com\/fr\/wp-json\/wp\/v2\/product_tag?post=164216"}],"curies":[{"name":"wp","href":"https:\/\/api.w.org\/{rel}","templated":true}]}}