{"id":165478,"date":"2025-02-22T05:50:17","date_gmt":"2025-02-22T05:50:17","guid":{"rendered":"https:\/\/nexgendecors.com\/en\/product\/customized-fc9001-steam-fabric-cleaning-machine-high-temperature-multifunctional-sofa-carpet-curtain-suction-integrated-cleaning-machine\/"},"modified":"2025-04-06T09:59:38","modified_gmt":"2025-04-06T09:59:38","slug":"customized-fc9001-steam-fabric-cleaning-machine-high-temperature-multifunctional-sofa-carpet-curtain-suction-integrated-cleaning-machine","status":"publish","type":"product","link":"https:\/\/nexgendecors.com\/fr\/product\/customized-fc9001-steam-fabric-cleaning-machine-high-temperature-multifunctional-sofa-carpet-curtain-suction-integrated-cleaning-machine\/","title":{"rendered":"Machine de nettoyage \u00e0 vapeur FC9001 \u00e0 haute temp\u00e9rature pour canap\u00e9, tapis, rideau et aspirateur int\u00e9gr\u00e9"},"content":{"rendered":"<p><b>marque<\/b>: neutral<\/p>\n<p><b>Tension nominale<\/b>: 111V~240V inclus<\/p>\n<p><b>Puissance nominale<\/b>: 400W<\/p>\n<p><b>Num\u00e9ro de pi\u00e8ce<\/b>: FC9001 cleaning machine<\/p>\n<p><b>couleur<\/b>: black<\/p>\n<p><b>Sp\u00e9cifications du produit<\/b>: FC9001 Steam Fabric Cleaning Machine European Standard, FC9001 Steam Fabric Cleaning Machine US Standard<\/p>\n<p><b>Capacit\u00e9 du r\u00e9servoir d&#039;eau<\/b>: Clean water 1L Sewage 1.5L<\/p>\n<p><b>Vacuum suction<\/b>: \u226511kpa<\/p>\n<p><b>Cross-border qualifications<\/b>: CB CE<\/p>\n<p><b>Steam flow<\/b>: 25g\/min 90\u00b0\u2265<\/p>","protected":false},"excerpt":{"rendered":"<p>marque : neutre Tension nominale : 111V~240V inclus Puissance nominale : 400W Num\u00e9ro de pi\u00e8ce : FC9001 machine de nettoyage couleur : noir Sp\u00e9cifications du produit : FC9001 Machine \u00e0 vapeur<\/p>","protected":false},"featured_media":165477,"comment_status":"open","ping_status":"closed","template":"","meta":[],"product_brand":[],"product_cat":[30929,30945],"product_tag":[],"class_list":{"0":"post-165478","1":"product","2":"type-product","3":"status-publish","4":"has-post-thumbnail","6":"product_cat-housekeeping","7":"product_cat-steam-cleaners","9":"first","10":"instock","11":"taxable","12":"shipping-taxable","13":"purchasable","14":"product-type-variable"},"_links":{"self":[{"href":"https:\/\/nexgendecors.com\/fr\/wp-json\/wp\/v2\/product\/165478","targetHints":{"allow":["GET"]}}],"collection":[{"href":"https:\/\/nexgendecors.com\/fr\/wp-json\/wp\/v2\/product"}],"about":[{"href":"https:\/\/nexgendecors.com\/fr\/wp-json\/wp\/v2\/types\/product"}],"replies":[{"embeddable":true,"href":"https:\/\/nexgendecors.com\/fr\/wp-json\/wp\/v2\/comments?post=165478"}],"version-history":[{"count":0,"href":"https:\/\/nexgendecors.com\/fr\/wp-json\/wp\/v2\/product\/165478\/revisions"}],"wp:featuredmedia":[{"embeddable":true,"href":"https:\/\/nexgendecors.com\/fr\/wp-json\/wp\/v2\/media\/165477"}],"wp:attachment":[{"href":"https:\/\/nexgendecors.com\/fr\/wp-json\/wp\/v2\/media?parent=165478"}],"wp:term":[{"taxonomy":"product_brand","embeddable":true,"href":"https:\/\/nexgendecors.com\/fr\/wp-json\/wp\/v2\/product_brand?post=165478"},{"taxonomy":"product_cat","embeddable":true,"href":"https:\/\/nexgendecors.com\/fr\/wp-json\/wp\/v2\/product_cat?post=165478"},{"taxonomy":"product_tag","embeddable":true,"href":"https:\/\/nexgendecors.com\/fr\/wp-json\/wp\/v2\/product_tag?post=165478"}],"curies":[{"name":"wp","href":"https:\/\/api.w.org\/{rel}","templated":true}]}}