{"id":165534,"date":"2025-02-23T03:46:33","date_gmt":"2025-02-23T03:46:33","guid":{"rendered":"https:\/\/nexgendecors.com\/en\/product\/steam-type-fabric-cleaning-machine-household-small-all-in-one-machine-multi-function-carpet-window-cleaning-machine-vacuum-cleaning\/"},"modified":"2025-04-06T09:59:46","modified_gmt":"2025-04-06T09:59:46","slug":"steam-type-fabric-cleaning-machine-household-small-all-in-one-machine-multi-function-carpet-window-cleaning-machine-vacuum-cleaning","status":"publish","type":"product","link":"https:\/\/nexgendecors.com\/fr\/product\/steam-type-fabric-cleaning-machine-household-small-all-in-one-machine-multi-function-carpet-window-cleaning-machine-vacuum-cleaning\/","title":{"rendered":"Machine \u00e0 nettoyer les tissus \u00e0 la vapeur petite machine m\u00e9nag\u00e8re tout-en-un machine multifonctionnelle pour le nettoyage des tapis et des vitres machine \u00e0 aspirer"},"content":{"rendered":"<p><b>marque<\/b>: Chinese Cabbage<\/p>\n<p><b>Tension nominale<\/b>: 111V~240V inclus<\/p>\n<p><b>Puissance nominale<\/b>: 450W<\/p>\n<p><b>Num\u00e9ro de pi\u00e8ce<\/b>: K15PLS<\/p>\n<p><b>couleur<\/b>: Gray customizable<\/p>\n<p><b>Sp\u00e9cifications du produit<\/b>: Standard version<\/p>\n<p><b>Capacit\u00e9 du r\u00e9servoir d&#039;eau<\/b>: 0.5-1L inclusive<\/p>\n<p><b>Fresh water tank capacity<\/b>: 1800ml<\/p>\n<p><b>Fonction<\/b>: Steam cleaning<\/p>\n<p><b>Sewage tank capacity<\/b>: 600ml<\/p>","protected":false},"excerpt":{"rendered":"<p>marque : Chinese Cabbage Tension nominale : 111V~240V inclus Puissance nominale : 450W Num\u00e9ro de pi\u00e8ce : K15PLS couleur : Gris personnalisable Sp\u00e9cifications du produit : Version standard<\/p>","protected":false},"featured_media":165533,"comment_status":"open","ping_status":"closed","template":"","meta":[],"product_brand":[],"product_cat":[30929,30945],"product_tag":[],"class_list":{"0":"post-165534","1":"product","2":"type-product","3":"status-publish","4":"has-post-thumbnail","6":"product_cat-housekeeping","7":"product_cat-steam-cleaners","9":"first","10":"instock","11":"taxable","12":"shipping-taxable","13":"purchasable","14":"product-type-variable"},"_links":{"self":[{"href":"https:\/\/nexgendecors.com\/fr\/wp-json\/wp\/v2\/product\/165534","targetHints":{"allow":["GET"]}}],"collection":[{"href":"https:\/\/nexgendecors.com\/fr\/wp-json\/wp\/v2\/product"}],"about":[{"href":"https:\/\/nexgendecors.com\/fr\/wp-json\/wp\/v2\/types\/product"}],"replies":[{"embeddable":true,"href":"https:\/\/nexgendecors.com\/fr\/wp-json\/wp\/v2\/comments?post=165534"}],"version-history":[{"count":0,"href":"https:\/\/nexgendecors.com\/fr\/wp-json\/wp\/v2\/product\/165534\/revisions"}],"wp:featuredmedia":[{"embeddable":true,"href":"https:\/\/nexgendecors.com\/fr\/wp-json\/wp\/v2\/media\/165533"}],"wp:attachment":[{"href":"https:\/\/nexgendecors.com\/fr\/wp-json\/wp\/v2\/media?parent=165534"}],"wp:term":[{"taxonomy":"product_brand","embeddable":true,"href":"https:\/\/nexgendecors.com\/fr\/wp-json\/wp\/v2\/product_brand?post=165534"},{"taxonomy":"product_cat","embeddable":true,"href":"https:\/\/nexgendecors.com\/fr\/wp-json\/wp\/v2\/product_cat?post=165534"},{"taxonomy":"product_tag","embeddable":true,"href":"https:\/\/nexgendecors.com\/fr\/wp-json\/wp\/v2\/product_tag?post=165534"}],"curies":[{"name":"wp","href":"https:\/\/api.w.org\/{rel}","templated":true}]}}