{"id":165543,"date":"2025-02-23T03:48:17","date_gmt":"2025-02-23T03:48:17","guid":{"rendered":"https:\/\/nexgendecors.com\/en\/product\/pc2204-fabric-cleaning-machine-high-temperature-steam-spray-suction-machine-household-small-carpet-sofa-cleaning-machine\/"},"modified":"2025-04-22T06:31:30","modified_gmt":"2025-04-22T06:31:30","slug":"machine-de-nettoyage-de-tissus-pc2204-machine-daspiration-par-pulverisation-de-vapeur-haute-temperature-machine-de-nettoyage-de-petits-tapis-et-canapes-pour-la-maison","status":"publish","type":"product","link":"https:\/\/nexgendecors.com\/fr\/product\/machine-de-nettoyage-de-tissus-pc2204-machine-daspiration-par-pulverisation-de-vapeur-haute-temperature-machine-de-nettoyage-de-petits-tapis-et-canapes-pour-la-maison\/","title":{"rendered":"PC2204 machine \u00e0 nettoyer les tissus machine \u00e0 vapeur \u00e0 haute temp\u00e9rature machine \u00e0 aspirer petite machine \u00e0 nettoyer les tapis et les canap\u00e9s"},"content":{"rendered":"<p><b>marque<\/b>: Brocart<\/p>\n<p><b>Tension nominale<\/b>: 111V~240V inclus<\/p>\n<p><b>Puissance nominale<\/b>: 1200w<\/p>\n<p><b>Num\u00e9ro de pi\u00e8ce<\/b>: Machine de nettoyage de tissus<\/p>\n<p><b>couleur<\/b>: Blanc<\/p>\n<p><b>Sp\u00e9cifications du produit<\/b>: Machine de nettoyage de tissus PC2204<\/p>\n<p><b>Capacit\u00e9 du r\u00e9servoir d&#039;eau<\/b>: 1300<\/p>\n<p><b>Num\u00e9ro de certificat 3C<\/b>: 2023200709000054<\/p>","protected":false},"excerpt":{"rendered":"<p>marque : Brocade Tension nominale : 111V~240V inclus Puissance nominale : 1200w Num\u00e9ro de pi\u00e8ce : Machine de nettoyage de tissu couleur : blanc Sp\u00e9cifications du produit : PC2204 Machine \u00e0 nettoyer les tissus<\/p>","protected":false},"featured_media":165542,"comment_status":"open","ping_status":"closed","template":"","meta":[],"product_brand":[],"product_cat":[30929,30947,30945],"product_tag":[],"class_list":{"0":"post-165543","1":"product","2":"type-product","3":"status-publish","4":"has-post-thumbnail","6":"product_cat-housekeeping","7":"product_cat-janitorial-supplies","8":"product_cat-steam-cleaners","10":"first","11":"instock","12":"taxable","13":"shipping-taxable","14":"purchasable","15":"product-type-variable"},"_links":{"self":[{"href":"https:\/\/nexgendecors.com\/fr\/wp-json\/wp\/v2\/product\/165543","targetHints":{"allow":["GET"]}}],"collection":[{"href":"https:\/\/nexgendecors.com\/fr\/wp-json\/wp\/v2\/product"}],"about":[{"href":"https:\/\/nexgendecors.com\/fr\/wp-json\/wp\/v2\/types\/product"}],"replies":[{"embeddable":true,"href":"https:\/\/nexgendecors.com\/fr\/wp-json\/wp\/v2\/comments?post=165543"}],"version-history":[{"count":0,"href":"https:\/\/nexgendecors.com\/fr\/wp-json\/wp\/v2\/product\/165543\/revisions"}],"wp:featuredmedia":[{"embeddable":true,"href":"https:\/\/nexgendecors.com\/fr\/wp-json\/wp\/v2\/media\/165542"}],"wp:attachment":[{"href":"https:\/\/nexgendecors.com\/fr\/wp-json\/wp\/v2\/media?parent=165543"}],"wp:term":[{"taxonomy":"product_brand","embeddable":true,"href":"https:\/\/nexgendecors.com\/fr\/wp-json\/wp\/v2\/product_brand?post=165543"},{"taxonomy":"product_cat","embeddable":true,"href":"https:\/\/nexgendecors.com\/fr\/wp-json\/wp\/v2\/product_cat?post=165543"},{"taxonomy":"product_tag","embeddable":true,"href":"https:\/\/nexgendecors.com\/fr\/wp-json\/wp\/v2\/product_tag?post=165543"}],"curies":[{"name":"wp","href":"https:\/\/api.w.org\/{rel}","templated":true}]}}