{"id":165610,"date":"2025-02-23T04:34:48","date_gmt":"2025-02-23T04:34:48","guid":{"rendered":"https:\/\/nexgendecors.com\/en\/product\/gnf-tea-residue-trash-can-dry-and-wet-classification-separation-stainless-steel-double-barrel-unit-office-tea-room-lounge\/"},"modified":"2025-04-06T09:59:56","modified_gmt":"2025-04-06T09:59:56","slug":"poubelle-a-residus-de-the-gnf-separation-de-classification-seche-et-humide-unite-a-double-barillet-en-acier-inoxydable-bureau-salon-de-the","status":"publish","type":"product","link":"https:\/\/nexgendecors.com\/fr\/product\/poubelle-a-residus-de-the-gnf-separation-de-classification-seche-et-humide-unite-a-double-barillet-en-acier-inoxydable-bureau-salon-de-the\/","title":{"rendered":"Poubelle \u00e0 r\u00e9sidus de th\u00e9 GNF, s\u00e9paration de classification s\u00e8che et humide, unit\u00e9 \u00e0 double baril en acier inoxydable, bureau, salon de th\u00e9"},"content":{"rendered":"<p><b>Fonction<\/b>: Bac de rangement<\/p>\n<p><b>M\u00e9thode d&#039;ouverture et de fermeture<\/b>: \u00c0 commande au pied<\/p>\n<p><b>Import\u00e9 ou non<\/b>: Non<\/p>\n<p><b>Mat\u00e9riel<\/b>: Acier inoxydable<\/p>\n<p><b>poids<\/b>: 5 kg<\/p>\n<p><b>Origine<\/b>: Foshan, Guangdong<\/p>\n<p><b>Quantit\u00e9 par bo\u00eete<\/b>: 1<\/p>\n<p><b>Attributs commerciaux<\/b>: Commerce int\u00e9rieur<\/p>\n<p><b>Gamme de prix<\/b>: 200-300 yuans<\/p>\n<p><b>D\u00e9lai de mise sur le march\u00e9<\/b>: 2020<\/p>\n<p><b>brevet<\/b>: Non<\/p>\n<p><b>Num\u00e9ro de pi\u00e8ce<\/b>: Poubelle de classification des r\u00e9sidus de th\u00e9 secs et humides, SFD-25, SJ20-F01<\/p>\n<p><b>capacit\u00e9<\/b>: 12L et plus<\/p>\n<p><b>marque<\/b>: GNF<\/p>\n<p><b>forme<\/b>: Carr\u00e9<\/p>\n<p><b>couleur<\/b>: F\u00fbt de classification \u00e0 p\u00e9dale pour marc de th\u00e9, f\u00fbt simple \u00e0 p\u00e9dale pour marc de th\u00e9, acier au sable 25, or noir 25, acier au sable 20, or noir 20, 20 litres de marc de th\u00e9 \u00e0 p\u00e9dale, 30 litres de marc de th\u00e9 sans couvercle<\/p>\n<p><b>Qu&#039;il s&#039;agisse d&#039;une source d\u00e9di\u00e9e de marchandises destin\u00e9es \u00e0 l&#039;exportation transfrontali\u00e8re<\/b>: Non<\/p>\n<p><b>Sc\u00e9narios d&#039;utilisation<\/b>: Commercial<\/p>\n<p><b>Normes d&#039;inspection d&#039;usine<\/b>: aucun<\/p>\n<p><b>Poids brut<\/b>: 6.5<\/p>\n<p><b>droits d&#039;auteur<\/b>: aucun<\/p>","protected":false},"excerpt":{"rendered":"<p>Fonction : Bac de rangement M\u00e9thode d&#039;ouverture et de fermeture : \u00c0 p\u00e9dale Import\u00e9 ou non : non Mat\u00e9riau : Acier inoxydable Poids : 5 kg Origine : Foshan,<\/p>","protected":false},"featured_media":165609,"comment_status":"open","ping_status":"closed","template":"","meta":[],"product_brand":[],"product_cat":[30929],"product_tag":[],"class_list":{"0":"post-165610","1":"product","2":"type-product","3":"status-publish","4":"has-post-thumbnail","6":"product_cat-housekeeping","8":"first","9":"instock","10":"taxable","11":"shipping-taxable","12":"purchasable","13":"product-type-variable"},"_links":{"self":[{"href":"https:\/\/nexgendecors.com\/fr\/wp-json\/wp\/v2\/product\/165610","targetHints":{"allow":["GET"]}}],"collection":[{"href":"https:\/\/nexgendecors.com\/fr\/wp-json\/wp\/v2\/product"}],"about":[{"href":"https:\/\/nexgendecors.com\/fr\/wp-json\/wp\/v2\/types\/product"}],"replies":[{"embeddable":true,"href":"https:\/\/nexgendecors.com\/fr\/wp-json\/wp\/v2\/comments?post=165610"}],"version-history":[{"count":0,"href":"https:\/\/nexgendecors.com\/fr\/wp-json\/wp\/v2\/product\/165610\/revisions"}],"wp:featuredmedia":[{"embeddable":true,"href":"https:\/\/nexgendecors.com\/fr\/wp-json\/wp\/v2\/media\/165609"}],"wp:attachment":[{"href":"https:\/\/nexgendecors.com\/fr\/wp-json\/wp\/v2\/media?parent=165610"}],"wp:term":[{"taxonomy":"product_brand","embeddable":true,"href":"https:\/\/nexgendecors.com\/fr\/wp-json\/wp\/v2\/product_brand?post=165610"},{"taxonomy":"product_cat","embeddable":true,"href":"https:\/\/nexgendecors.com\/fr\/wp-json\/wp\/v2\/product_cat?post=165610"},{"taxonomy":"product_tag","embeddable":true,"href":"https:\/\/nexgendecors.com\/fr\/wp-json\/wp\/v2\/product_tag?post=165610"}],"curies":[{"name":"wp","href":"https:\/\/api.w.org\/{rel}","templated":true}]}}