{"id":165710,"date":"2025-02-23T04:41:19","date_gmt":"2025-02-23T04:41:19","guid":{"rendered":"https:\/\/nexgendecors.com\/en\/product\/southern-gnf-thickened-plastic-room-service-cart-linen-cart-five-star-hotel-room-car-cleaning-storage-work\/"},"modified":"2025-04-06T10:00:02","modified_gmt":"2025-04-06T10:00:02","slug":"southern-gnf-thickened-plastic-room-service-cart-linen-cart-five-star-hotel-room-car-cleaning-storage-work","status":"publish","type":"product","link":"https:\/\/nexgendecors.com\/fr\/product\/southern-gnf-thickened-plastic-room-service-cart-linen-cart-five-star-hotel-room-car-cleaning-storage-work\/","title":{"rendered":"Chariot de service de chambre en plastique \u00e9paissi Southern GNF chariot \u00e0 linge chambre d&#039;h\u00f4tel cinq \u00e9toiles nettoyage de voiture stockage travail"},"content":{"rendered":"<p><b>Cat\u00e9gories de produits<\/b>: Chariot \u00e0 linge<\/p>\n<p><b>marque<\/b>: \u5357<\/p>\n<p><b>\u662f\u5426\u8fdb\u53e3<\/b>: \u5426<\/p>\n<p><b>\u6750\u8d28<\/b>: \u5851\u6599<\/p>\n<p><b>\u4ea7\u5730<\/b>: \u4f5b\u5c71<\/p>\n<p><b>\u8d27\u53f7<\/b>: SFC-01\/SFC-07\/SFC-05\/SFC-06<\/p>\n<p><b>\u52a0\u5de5\u5b9a\u5236<\/b>: \u662f<\/p>\n<p><b>\u52a0\u5370LOGO<\/b>: \u4e0d\u53ef\u4ee5<\/p>\n<p><b>\u662f\u5426\u8de8\u5883\u51fa\u53e3\u4e13\u4f9b\u8d27\u6e90<\/b>: \u5426<\/p>\n<p><b>\u989c\u8272<\/b>: SFC-01\u65e0\u95e8\u6b3e8\u5bf8\u5927\u8f6e \u65e0\u5206\u9694\u680f \u914d\u957f\u77ed\u5e03\u5e26,SFC-01\u5e26\u95e8\u6b3e8\u5bf8\u5927\u8f6e \u65e0\u5206\u9694\u680f \u914d\u957f\u77ed\u5e03\u5e26,SFC-07\u65e0\u95e8\u6b3e8\u5bf8\u5927\u8f6e \u81ea\u5e26\u5206\u9694\u680f \u914d\u957f\u77ed\u5e03\u5e26,SFC-07\u5e26\u95e8\u6b3e8\u5bf8\u5927\u8f6e \u81ea\u5e26\u5206\u9694\u680f \u914d\u957f\u77ed\u5e03\u5e26,SFC-05\u65e0\u95e8\u6b3e6\u5bf8\u5c0f\u8f6e \u81ea\u5e26\u5206\u9694\u680f \u914d\u957f\u77ed\u5e03\u5e26 \u53ef\u6d3b\u52a8\u628a\u624b,SFC-05\u5e26\u95e8\u6b3e6\u5bf8\u5c0f\u8f6e \u81ea\u5e26\u5206\u9694\u680f \u914d\u957f\u77ed\u5e03 \u53ef\u6d3b\u52a8\u628a\u624b,SFC-06\u65e0\u95e8\u6b3e6\u5bf8\u5c0f\u8f6e \u81ea\u5e26\u5206\u9694\u680f \u914d\u957f\u5e03\u5e26 \u53ef\u6d3b\u52a8\u628a\u624b,SFC-06\u5e26\u95e8\u6b3e6\u5bf8\u5c0f\u8f6e \u81ea\u5e26\u5206\u9694\u680f \u914d\u957f\u5e03\u5e26 \u53ef\u6d3b\u52a8\u628a\u624b<\/p>\n<p><b>\u662f\u5426\u6709\u4e13\u5229<\/b>: \u5426<\/p>\n<p><b>\u98ce\u683c<\/b>: \u6b27\u5f0f,\u7f8e\u5f0f,\u7b80\u7ea6,\u8f7b\u5962<\/p>","protected":false},"excerpt":{"rendered":"<p>Cat\u00e9gories de produits\u00a0: Marque du chariot \u00e0 linge\u00a0: \u5357 \u662f\u5426\u8fdb\u53e3: \u5426 \u6750\u8d28: \u5851\u6599 \u4ea7\u5730: \u4f5b\u5c71 \u8d27\u53f7: SFC-01\/SFC-07\/SFC-05\/SFC-06 \u52a0\u5de5\u5b9a\u5236: \u662f\u52a0\u5370LOGO\u00a0: \u4e0d\u53ef\u4ee5 \u662f\u5426\u8de8\u5883\u51fa\u53e3\u4e13\u4f9b\u8d27\u6e90\u00a0: \u5426<\/p>","protected":false},"featured_media":165709,"comment_status":"open","ping_status":"closed","template":"","meta":[],"product_brand":[],"product_cat":[30929,30943],"product_tag":[],"class_list":{"0":"post-165710","1":"product","2":"type-product","3":"status-publish","4":"has-post-thumbnail","6":"product_cat-housekeeping","7":"product_cat-maids-carts","9":"first","10":"instock","11":"taxable","12":"shipping-taxable","13":"purchasable","14":"product-type-variable"},"_links":{"self":[{"href":"https:\/\/nexgendecors.com\/fr\/wp-json\/wp\/v2\/product\/165710","targetHints":{"allow":["GET"]}}],"collection":[{"href":"https:\/\/nexgendecors.com\/fr\/wp-json\/wp\/v2\/product"}],"about":[{"href":"https:\/\/nexgendecors.com\/fr\/wp-json\/wp\/v2\/types\/product"}],"replies":[{"embeddable":true,"href":"https:\/\/nexgendecors.com\/fr\/wp-json\/wp\/v2\/comments?post=165710"}],"version-history":[{"count":0,"href":"https:\/\/nexgendecors.com\/fr\/wp-json\/wp\/v2\/product\/165710\/revisions"}],"wp:featuredmedia":[{"embeddable":true,"href":"https:\/\/nexgendecors.com\/fr\/wp-json\/wp\/v2\/media\/165709"}],"wp:attachment":[{"href":"https:\/\/nexgendecors.com\/fr\/wp-json\/wp\/v2\/media?parent=165710"}],"wp:term":[{"taxonomy":"product_brand","embeddable":true,"href":"https:\/\/nexgendecors.com\/fr\/wp-json\/wp\/v2\/product_brand?post=165710"},{"taxonomy":"product_cat","embeddable":true,"href":"https:\/\/nexgendecors.com\/fr\/wp-json\/wp\/v2\/product_cat?post=165710"},{"taxonomy":"product_tag","embeddable":true,"href":"https:\/\/nexgendecors.com\/fr\/wp-json\/wp\/v2\/product_tag?post=165710"}],"curies":[{"name":"wp","href":"https:\/\/api.w.org\/{rel}","templated":true}]}}