{"id":165971,"date":"2025-02-23T06:16:20","date_gmt":"2025-02-23T06:16:20","guid":{"rendered":"https:\/\/nexgendecors.com\/en\/product\/c-116-black-foldable-double-room-cart-hotel-room-linen-cart-work-cart-service-cart-double-room-cart-2\/"},"modified":"2025-02-23T06:16:46","modified_gmt":"2025-02-23T06:16:46","slug":"c-116-black-foldable-double-room-cart-hotel-room-linen-cart-work-cart-service-cart-double-room-cart-2","status":"publish","type":"product","link":"https:\/\/nexgendecors.com\/fr\/product\/c-116-black-foldable-double-room-cart-hotel-room-linen-cart-work-cart-service-cart-double-room-cart-2\/","title":{"rendered":"C-116 Chariot de chambre double pliable noir Chariot de linge de chambre d&#039;h\u00f4tel Chariot de travail Chariot de service Chariot de chambre double"},"content":{"rendered":"<p><b>Cat\u00e9gories de produits<\/b>: House car<\/p>\n<p><b>marque<\/b>: Sud<\/p>\n<p><b>Import\u00e9 ou non<\/b>: Non<\/p>\n<p><b>Mat\u00e9riel<\/b>: Iron paint + wood board<\/p>\n<p><b>Origine<\/b>: Foshan, Guangdong<\/p>\n<p><b>Num\u00e9ro de pi\u00e8ce<\/b>: C-7A<\/p>\n<p><b>Personnalisation du traitement<\/b>: Non<\/p>\n<p><b>Impression du LOGO<\/b>: Peut<\/p>\n<p><b>Qu&#039;il s&#039;agisse d&#039;une source d\u00e9di\u00e9e de marchandises destin\u00e9es \u00e0 l&#039;exportation transfrontali\u00e8re<\/b>: Non<\/p>\n<p><b>couleur<\/b>: C-116 comes standard with no grid, C-116 with grid, and optional grid CH-8<\/p>\n<p><b>Existe-t-il un brevet ?<\/b>: Non<\/p>\n<p><b>mod\u00e8le<\/b>: C-116<\/p>","protected":false},"excerpt":{"rendered":"<p>Cat\u00e9gories de produits : Maison marque de voiture : Sud Import\u00e9 ou non : non Mat\u00e9riau : Peinture en fer + planche de bois Origine : Foshan, Guangdong Partie<\/p>","protected":false},"featured_media":165970,"comment_status":"open","ping_status":"closed","template":"","meta":[],"product_brand":[],"product_cat":[30929,30943],"product_tag":[],"class_list":{"0":"post-165971","1":"product","2":"type-product","3":"status-publish","4":"has-post-thumbnail","6":"product_cat-housekeeping","7":"product_cat-maids-carts","9":"first","10":"instock","11":"taxable","12":"shipping-taxable","13":"purchasable","14":"product-type-variable"},"_links":{"self":[{"href":"https:\/\/nexgendecors.com\/fr\/wp-json\/wp\/v2\/product\/165971","targetHints":{"allow":["GET"]}}],"collection":[{"href":"https:\/\/nexgendecors.com\/fr\/wp-json\/wp\/v2\/product"}],"about":[{"href":"https:\/\/nexgendecors.com\/fr\/wp-json\/wp\/v2\/types\/product"}],"replies":[{"embeddable":true,"href":"https:\/\/nexgendecors.com\/fr\/wp-json\/wp\/v2\/comments?post=165971"}],"version-history":[{"count":0,"href":"https:\/\/nexgendecors.com\/fr\/wp-json\/wp\/v2\/product\/165971\/revisions"}],"wp:featuredmedia":[{"embeddable":true,"href":"https:\/\/nexgendecors.com\/fr\/wp-json\/wp\/v2\/media\/165970"}],"wp:attachment":[{"href":"https:\/\/nexgendecors.com\/fr\/wp-json\/wp\/v2\/media?parent=165971"}],"wp:term":[{"taxonomy":"product_brand","embeddable":true,"href":"https:\/\/nexgendecors.com\/fr\/wp-json\/wp\/v2\/product_brand?post=165971"},{"taxonomy":"product_cat","embeddable":true,"href":"https:\/\/nexgendecors.com\/fr\/wp-json\/wp\/v2\/product_cat?post=165971"},{"taxonomy":"product_tag","embeddable":true,"href":"https:\/\/nexgendecors.com\/fr\/wp-json\/wp\/v2\/product_tag?post=165971"}],"curies":[{"name":"wp","href":"https:\/\/api.w.org\/{rel}","templated":true}]}}