{"id":165985,"date":"2025-02-23T06:17:05","date_gmt":"2025-02-23T06:17:05","guid":{"rendered":"https:\/\/nexgendecors.com\/en\/product\/gnf40l-pedal-stainless-steel-trash-can-slow-down-and-quiet-large-capacity-factory-hospital-office-garbage-bin-40l-2\/"},"modified":"2025-04-06T10:00:16","modified_gmt":"2025-04-06T10:00:16","slug":"gnf40l-pedal-stainless-steel-trash-can-slow-down-and-quiet-large-capacity-factory-hospital-office-garbage-bin-40l-2","status":"publish","type":"product","link":"https:\/\/nexgendecors.com\/fr\/product\/gnf40l-pedal-stainless-steel-trash-can-slow-down-and-quiet-large-capacity-factory-hospital-office-garbage-bin-40l-2\/","title":{"rendered":"GNF40L poubelle \u00e0 p\u00e9dale en acier inoxydable ralentie et silencieuse grande capacit\u00e9 usine h\u00f4pital bureau poubelle 40L"},"content":{"rendered":"<p><b>Fonction<\/b>: Bac de rangement<\/p>\n<p><b>M\u00e9thode d&#039;ouverture et de fermeture<\/b>: \u00c0 commande au pied<\/p>\n<p><b>Import\u00e9 ou non<\/b>: Non<\/p>\n<p><b>Mat\u00e9riel<\/b>: Acier inoxydable<\/p>\n<p><b>poids<\/b>: 9 kg<\/p>\n<p><b>Origine<\/b>: Canton<\/p>\n<p><b>Quantit\u00e9 par bo\u00eete<\/b>: 1<\/p>\n<p><b>Attributs commerciaux<\/b>: Commerce int\u00e9rieur<\/p>\n<p><b>Gamme de prix<\/b>: 200-300 yuans<\/p>\n<p><b>D\u00e9lai de mise sur le march\u00e9<\/b>: 2018<\/p>\n<p><b>brevet<\/b>: Non<\/p>\n<p><b>Num\u00e9ro de pi\u00e8ce<\/b>: SJ40-F01<\/p>\n<p><b>capacit\u00e9<\/b>: 12L et plus<\/p>\n<p><b>marque<\/b>: GNF<\/p>\n<p><b>forme<\/b>: Carr\u00e9<\/p>\n<p><b>couleur<\/b>: 40L champagne or, 40L acier argent sabl\u00e9, double canon acier sabl\u00e9 personnalis\u00e9, triple canon acier sabl\u00e9 personnalis\u00e9, quadruple canon acier sabl\u00e9 personnalis\u00e9<\/p>\n<p><b>Principales plateformes aval<\/b>: Amazon<\/p>\n<p><b>Principaux domaines de vente<\/b>: Am\u00e9rique du Nord<\/p>\n<p><b>Avoir une marque priv\u00e9e sous licence<\/b>: Non<\/p>\n<p><b>Qu&#039;il s&#039;agisse d&#039;une source d\u00e9di\u00e9e de marchandises destin\u00e9es \u00e0 l&#039;exportation transfrontali\u00e8re<\/b>: Oui<\/p>\n<p><b>Sc\u00e9narios d&#039;utilisation<\/b>: Commercial<\/p>\n<p><b>Agence d&#039;inspection des exportations<\/b>: aucun<\/p>\n<p><b>Poids brut<\/b>: 9,7 kg<\/p>\n<p><b>droits d&#039;auteur<\/b>: aucun<\/p>","protected":false},"excerpt":{"rendered":"<p>Fonction : Bac de rangement M\u00e9thode d'ouverture et de fermeture : Actionn\u00e9 par le pied Import\u00e9 ou non : non Mat\u00e9riau : Acier inoxydable Poids : 9 kg Origine : Guangzhou Guangzhou<\/p>","protected":false},"featured_media":165984,"comment_status":"open","ping_status":"closed","template":"","meta":[],"product_brand":[],"product_cat":[30948,30929],"product_tag":[],"class_list":{"0":"post-165985","1":"product","2":"type-product","3":"status-publish","4":"has-post-thumbnail","6":"product_cat-hotel-maintenance","7":"product_cat-housekeeping","9":"first","10":"instock","11":"taxable","12":"shipping-taxable","13":"purchasable","14":"product-type-variable"},"_links":{"self":[{"href":"https:\/\/nexgendecors.com\/fr\/wp-json\/wp\/v2\/product\/165985","targetHints":{"allow":["GET"]}}],"collection":[{"href":"https:\/\/nexgendecors.com\/fr\/wp-json\/wp\/v2\/product"}],"about":[{"href":"https:\/\/nexgendecors.com\/fr\/wp-json\/wp\/v2\/types\/product"}],"replies":[{"embeddable":true,"href":"https:\/\/nexgendecors.com\/fr\/wp-json\/wp\/v2\/comments?post=165985"}],"version-history":[{"count":0,"href":"https:\/\/nexgendecors.com\/fr\/wp-json\/wp\/v2\/product\/165985\/revisions"}],"wp:featuredmedia":[{"embeddable":true,"href":"https:\/\/nexgendecors.com\/fr\/wp-json\/wp\/v2\/media\/165984"}],"wp:attachment":[{"href":"https:\/\/nexgendecors.com\/fr\/wp-json\/wp\/v2\/media?parent=165985"}],"wp:term":[{"taxonomy":"product_brand","embeddable":true,"href":"https:\/\/nexgendecors.com\/fr\/wp-json\/wp\/v2\/product_brand?post=165985"},{"taxonomy":"product_cat","embeddable":true,"href":"https:\/\/nexgendecors.com\/fr\/wp-json\/wp\/v2\/product_cat?post=165985"},{"taxonomy":"product_tag","embeddable":true,"href":"https:\/\/nexgendecors.com\/fr\/wp-json\/wp\/v2\/product_tag?post=165985"}],"curies":[{"name":"wp","href":"https:\/\/api.w.org\/{rel}","templated":true}]}}