{"id":166095,"date":"2025-02-23T06:24:34","date_gmt":"2025-02-23T06:24:34","guid":{"rendered":"https:\/\/nexgendecors.com\/en\/product\/hotel-hospital-property-restaurant-cleaning-tool-car-sanitation-cleaning-car-trolley-multifunctional-cleaning-sundries-car\/"},"modified":"2025-04-06T10:00:23","modified_gmt":"2025-04-06T10:00:23","slug":"hotel-hospital-property-restaurant-cleaning-tool-car-sanitation-cleaning-car-trolley-multifunctional-cleaning-sundries-car","status":"publish","type":"product","link":"https:\/\/nexgendecors.com\/fr\/product\/hotel-hospital-property-restaurant-cleaning-tool-car-sanitation-cleaning-car-trolley-multifunctional-cleaning-sundries-car\/","title":{"rendered":"H\u00f4tel h\u00f4pital propri\u00e9t\u00e9 restaurant outil de nettoyage voiture assainissement nettoyage voiture chariot multifonctionnel nettoyage divers voiture"},"content":{"rendered":"<p><b>Cat\u00e9gories de produits<\/b>: trolley<\/p>\n<p><b>marque<\/b>: Xin Yang<\/p>\n<p><b>Import\u00e9 ou non<\/b>: Non<\/p>\n<p><b>Mat\u00e9riel<\/b>: Engineering Plastics<\/p>\n<p><b>Sp\u00e9cification<\/b>: 1135*510*980 mm<\/p>\n<p><b>Origine<\/b>: Dongguan<\/p>\n<p><b>Num\u00e9ro de pi\u00e8ce<\/b>: XY-QJ001B<\/p>\n<p><b>Personnalisation du traitement<\/b>: Oui<\/p>\n<p><b>Impression du LOGO<\/b>: Peut<\/p>\n<p><b>Principales plateformes aval<\/b>: ebay, Amazon, wish, AliExpress, independent station, LAZADA<\/p>\n<p><b>Principaux domaines de vente<\/b>: Africa,Europe,South America,Southeast Asia,North America,Northeast Asia,Middle East<\/p>\n<p><b>Avoir une marque priv\u00e9e sous licence<\/b>: Oui<\/p>\n<p><b>Qu&#039;il s&#039;agisse d&#039;une source d\u00e9di\u00e9e de marchandises destin\u00e9es \u00e0 l&#039;exportation transfrontali\u00e8re<\/b>: Oui<\/p>\n<p><b>couleur<\/b>: grey<\/p>\n<p><b>Existe-t-il un brevet ?<\/b>: Non<\/p>\n<p><b>style<\/b>: Japanese style, Chinese style, New Chinese style, Simple<\/p>","protected":false},"excerpt":{"rendered":"<p>Cat\u00e9gories de produits : chariot marque : Xin Yang Import\u00e9 ou non : non Mat\u00e9riau : plastiques techniques Sp\u00e9cification : 1135*510*980 mm Origine : Dongguan Num\u00e9ro de pi\u00e8ce :<\/p>","protected":false},"featured_media":166094,"comment_status":"open","ping_status":"closed","template":"","meta":[],"product_brand":[],"product_cat":[30944,30929],"product_tag":[],"class_list":{"0":"post-166095","1":"product","2":"type-product","3":"status-publish","4":"has-post-thumbnail","6":"product_cat-cleaning-carts","7":"product_cat-housekeeping","9":"first","10":"instock","11":"taxable","12":"shipping-taxable","13":"purchasable","14":"product-type-variable"},"_links":{"self":[{"href":"https:\/\/nexgendecors.com\/fr\/wp-json\/wp\/v2\/product\/166095","targetHints":{"allow":["GET"]}}],"collection":[{"href":"https:\/\/nexgendecors.com\/fr\/wp-json\/wp\/v2\/product"}],"about":[{"href":"https:\/\/nexgendecors.com\/fr\/wp-json\/wp\/v2\/types\/product"}],"replies":[{"embeddable":true,"href":"https:\/\/nexgendecors.com\/fr\/wp-json\/wp\/v2\/comments?post=166095"}],"version-history":[{"count":0,"href":"https:\/\/nexgendecors.com\/fr\/wp-json\/wp\/v2\/product\/166095\/revisions"}],"wp:featuredmedia":[{"embeddable":true,"href":"https:\/\/nexgendecors.com\/fr\/wp-json\/wp\/v2\/media\/166094"}],"wp:attachment":[{"href":"https:\/\/nexgendecors.com\/fr\/wp-json\/wp\/v2\/media?parent=166095"}],"wp:term":[{"taxonomy":"product_brand","embeddable":true,"href":"https:\/\/nexgendecors.com\/fr\/wp-json\/wp\/v2\/product_brand?post=166095"},{"taxonomy":"product_cat","embeddable":true,"href":"https:\/\/nexgendecors.com\/fr\/wp-json\/wp\/v2\/product_cat?post=166095"},{"taxonomy":"product_tag","embeddable":true,"href":"https:\/\/nexgendecors.com\/fr\/wp-json\/wp\/v2\/product_tag?post=166095"}],"curies":[{"name":"wp","href":"https:\/\/api.w.org\/{rel}","templated":true}]}}