{"id":166132,"date":"2025-02-23T06:30:17","date_gmt":"2025-02-23T06:30:17","guid":{"rendered":"https:\/\/nexgendecors.com\/en\/product\/commercial-thickened-water-squeezer-32-liters-squeeze-bucket-mop-bucket-squeeze-water-car-mop-bucket-cleaning-car-mop-bucket-free-shipping\/"},"modified":"2025-04-06T10:00:28","modified_gmt":"2025-04-06T10:00:28","slug":"commercial-thickened-water-squeezer-32-liters-squeeze-bucket-mop-bucket-squeeze-water-car-mop-bucket-cleaning-car-mop-bucket-free-shipping","status":"publish","type":"product","link":"https:\/\/nexgendecors.com\/fr\/product\/commercial-thickened-water-squeezer-32-liters-squeeze-bucket-mop-bucket-squeeze-water-car-mop-bucket-cleaning-car-mop-bucket-free-shipping\/","title":{"rendered":"Seau \u00e0 eau commercial \u00e9paissi de 32 litres, seau \u00e0 eau pour voiture"},"content":{"rendered":"<p><b>Cat\u00e9gories de produits<\/b>: trolley<\/p>\n<p><b>marque<\/b>: Foshan Yongliang<\/p>\n<p><b>Import\u00e9 ou non<\/b>: Non<\/p>\n<p><b>Mat\u00e9riel<\/b>: 201 stainless steel<\/p>\n<p><b>Origine<\/b>: Foshan, Guangdong<\/p>\n<p><b>Num\u00e9ro de pi\u00e8ce<\/b>: 028VL<\/p>\n<p><b>Personnalisation du traitement<\/b>: Oui<\/p>\n<p><b>Impression du LOGO<\/b>: Peut<\/p>\n<p><b>Qu&#039;il s&#039;agisse d&#039;une source d\u00e9di\u00e9e de marchandises destin\u00e9es \u00e0 l&#039;exportation transfrontali\u00e8re<\/b>: Non<\/p>\n<p><b>couleur<\/b>: 20L water squeezer, 25L thickened water squeezer side pressure type, 25L thickened water squeezer downward pressure type, 32L thickened water squeezer side pressure type, 32L thickened water squeezer downward pressure type, 36L thickened water squeezer side pressure type, 32L thickened water squeezer patented water outlet<\/p>\n<p><b>Existe-t-il un brevet ?<\/b>: Non<\/p>\n<p><b>style<\/b>: European, American, Simple<\/p>","protected":false},"excerpt":{"rendered":"<p>Cat\u00e9gories de produits : chariot marque : Foshan Yongliang Import\u00e9 ou non : non Mat\u00e9riau : acier inoxydable 201 Origine : Foshan, Guangdong Num\u00e9ro de pi\u00e8ce : 028VL<\/p>","protected":false},"featured_media":166131,"comment_status":"open","ping_status":"closed","template":"","meta":[],"product_brand":[],"product_cat":[30944,30929],"product_tag":[],"class_list":{"0":"post-166132","1":"product","2":"type-product","3":"status-publish","4":"has-post-thumbnail","6":"product_cat-cleaning-carts","7":"product_cat-housekeeping","9":"first","10":"instock","11":"taxable","12":"shipping-taxable","13":"purchasable","14":"product-type-variable"},"_links":{"self":[{"href":"https:\/\/nexgendecors.com\/fr\/wp-json\/wp\/v2\/product\/166132","targetHints":{"allow":["GET"]}}],"collection":[{"href":"https:\/\/nexgendecors.com\/fr\/wp-json\/wp\/v2\/product"}],"about":[{"href":"https:\/\/nexgendecors.com\/fr\/wp-json\/wp\/v2\/types\/product"}],"replies":[{"embeddable":true,"href":"https:\/\/nexgendecors.com\/fr\/wp-json\/wp\/v2\/comments?post=166132"}],"version-history":[{"count":0,"href":"https:\/\/nexgendecors.com\/fr\/wp-json\/wp\/v2\/product\/166132\/revisions"}],"wp:featuredmedia":[{"embeddable":true,"href":"https:\/\/nexgendecors.com\/fr\/wp-json\/wp\/v2\/media\/166131"}],"wp:attachment":[{"href":"https:\/\/nexgendecors.com\/fr\/wp-json\/wp\/v2\/media?parent=166132"}],"wp:term":[{"taxonomy":"product_brand","embeddable":true,"href":"https:\/\/nexgendecors.com\/fr\/wp-json\/wp\/v2\/product_brand?post=166132"},{"taxonomy":"product_cat","embeddable":true,"href":"https:\/\/nexgendecors.com\/fr\/wp-json\/wp\/v2\/product_cat?post=166132"},{"taxonomy":"product_tag","embeddable":true,"href":"https:\/\/nexgendecors.com\/fr\/wp-json\/wp\/v2\/product_tag?post=166132"}],"curies":[{"name":"wp","href":"https:\/\/api.w.org\/{rel}","templated":true}]}}