{"id":166153,"date":"2025-02-23T06:41:59","date_gmt":"2025-02-23T06:41:59","guid":{"rendered":"https:\/\/nexgendecors.com\/en\/product\/commercial-restaurant-mobile-meal-hotel-three-story-dining-cart-with-double-armrests-for-removing-dining-bowls\/"},"modified":"2025-04-06T10:00:30","modified_gmt":"2025-04-06T10:00:30","slug":"commercial-restaurant-mobile-meal-hotel-three-story-dining-cart-with-double-armrests-for-removing-dining-bowls","status":"publish","type":"product","link":"https:\/\/nexgendecors.com\/fr\/product\/commercial-restaurant-mobile-meal-hotel-three-story-dining-cart-with-double-armrests-for-removing-dining-bowls\/","title":{"rendered":"Chariot \u00e0 trois \u00e9tages pour restaurant commercial, repas mobile, h\u00f4tel, avec accoudoirs doubles pour retirer les bols de salle \u00e0 manger"},"content":{"rendered":"<p><b>Mat\u00e9riel<\/b>: plastique<\/p>\n<p><b>Num\u00e9ro de pi\u00e8ce<\/b>: YL-014A<\/p>\n<p><b>style<\/b>: Moderne et simple<\/p>\n<p><b>Processing method<\/b>: LOGO OEM<\/p>\n<p><b>marque<\/b>: Foshan Yongliang<\/p>\n<p><b>mod\u00e8le<\/b>: YL-014A\/032D<\/p>\n<p><b>Sp\u00e9cification<\/b>: 96*50*96CM 107*51*96CM<\/p>\n<p><b>couleur<\/b>: Deluxe double armrest bowl collection cart 4 basins and 2 barrels, single armrest bowl collection cart 3 basins and 2 barrels, single armrest bowl collection cart 4 basins and 2 barrels<\/p>\n<p><b>taille<\/b>: Gray standard universal wheel, black standard universal wheel<\/p>\n<p><b>Qu&#039;il s&#039;agisse d&#039;une source d\u00e9di\u00e9e de marchandises destin\u00e9es \u00e0 l&#039;exportation transfrontali\u00e8re<\/b>: Oui<\/p>\n<p><b>Principales plateformes aval<\/b>: ebay, Amazon, AliExpress, others<\/p>\n<p><b>Principaux domaines de vente<\/b>: Southeast Asia, North America, Middle East<\/p>\n<p><b>Avoir une marque priv\u00e9e sous licence<\/b>: Non<\/p>\n<p><b>Whether to deliver to your door<\/b>: Delivery to downstairs<\/p>\n<p><b>Le service d&#039;installation est-il fourni ?<\/b>: Non<\/p>\n<p><b>space<\/b>: Dining room<\/p>\n<p><b>S&#039;agit-il d&#039;un contribuable g\u00e9n\u00e9ral ?<\/b>: Oui<\/p>\n<p><b>Existe-t-il un brevet ?<\/b>: Non<\/p>\n<p><b>Patent Number<\/b>: ,<\/p>\n<p><b>Client\u00e8le cible<\/b>: adulte<\/p>\n<p><b>Fonction<\/b>: Multi-function, bracket, other<\/p>\n<p><b>Is there a 3D model?<\/b>: Non<\/p>","protected":false},"excerpt":{"rendered":"<p>Mat\u00e9riau : plastique Num\u00e9ro de pi\u00e8ce : YL-014A Style : Moderne et simple M\u00e9thode de traitement : LOGO Marque OEM : Foshan Yongliang Mod\u00e8le : YL-014A\/032D Sp\u00e9cification : 96*50*96CM<\/p>","protected":false},"featured_media":166152,"comment_status":"open","ping_status":"closed","template":"","meta":[],"product_brand":[],"product_cat":[30929,30943],"product_tag":[],"class_list":{"0":"post-166153","1":"product","2":"type-product","3":"status-publish","4":"has-post-thumbnail","6":"product_cat-housekeeping","7":"product_cat-maids-carts","9":"first","10":"instock","11":"taxable","12":"shipping-taxable","13":"purchasable","14":"product-type-variable"},"_links":{"self":[{"href":"https:\/\/nexgendecors.com\/fr\/wp-json\/wp\/v2\/product\/166153","targetHints":{"allow":["GET"]}}],"collection":[{"href":"https:\/\/nexgendecors.com\/fr\/wp-json\/wp\/v2\/product"}],"about":[{"href":"https:\/\/nexgendecors.com\/fr\/wp-json\/wp\/v2\/types\/product"}],"replies":[{"embeddable":true,"href":"https:\/\/nexgendecors.com\/fr\/wp-json\/wp\/v2\/comments?post=166153"}],"version-history":[{"count":0,"href":"https:\/\/nexgendecors.com\/fr\/wp-json\/wp\/v2\/product\/166153\/revisions"}],"wp:featuredmedia":[{"embeddable":true,"href":"https:\/\/nexgendecors.com\/fr\/wp-json\/wp\/v2\/media\/166152"}],"wp:attachment":[{"href":"https:\/\/nexgendecors.com\/fr\/wp-json\/wp\/v2\/media?parent=166153"}],"wp:term":[{"taxonomy":"product_brand","embeddable":true,"href":"https:\/\/nexgendecors.com\/fr\/wp-json\/wp\/v2\/product_brand?post=166153"},{"taxonomy":"product_cat","embeddable":true,"href":"https:\/\/nexgendecors.com\/fr\/wp-json\/wp\/v2\/product_cat?post=166153"},{"taxonomy":"product_tag","embeddable":true,"href":"https:\/\/nexgendecors.com\/fr\/wp-json\/wp\/v2\/product_tag?post=166153"}],"curies":[{"name":"wp","href":"https:\/\/api.w.org\/{rel}","templated":true}]}}