{"id":166226,"date":"2025-02-23T06:44:38","date_gmt":"2025-02-23T06:44:38","guid":{"rendered":"https:\/\/nexgendecors.com\/en\/product\/factory-processing-custom-linen-cart-hotel-room-service-cart-stainless-steel-laundry-storage-cart-electric\/"},"modified":"2025-04-06T10:00:38","modified_gmt":"2025-04-06T10:00:38","slug":"factory-processing-custom-linen-cart-hotel-room-service-cart-stainless-steel-laundry-storage-cart-electric","status":"publish","type":"product","link":"https:\/\/nexgendecors.com\/fr\/product\/factory-processing-custom-linen-cart-hotel-room-service-cart-stainless-steel-laundry-storage-cart-electric\/","title":{"rendered":"Chariot \u00e0 linge personnalis\u00e9 en acier inoxydable, chariot de service de chambre d&#039;h\u00f4tel, chariot de rangement de linge \u00e9lectrique"},"content":{"rendered":"<p><b>Cat\u00e9gories de produits<\/b>: Chariot \u00e0 linge<\/p>\n<p><b>marque<\/b>: Sheng Yi<\/p>\n<p><b>Import\u00e9 ou non<\/b>: Non<\/p>\n<p><b>Mat\u00e9riel<\/b>: Acier inoxydable<\/p>\n<p><b>Origine<\/b>: Foshan<\/p>\n<p><b>Num\u00e9ro de pi\u00e8ce<\/b>: FW<\/p>\n<p><b>Personnalisation du traitement<\/b>: Oui<\/p>\n<p><b>Impression du LOGO<\/b>: Peut<\/p>\n<p><b>Qu&#039;il s&#039;agisse d&#039;une source d\u00e9di\u00e9e de marchandises destin\u00e9es \u00e0 l&#039;exportation transfrontali\u00e8re<\/b>: Non<\/p>\n<p><b>Existe-t-il un brevet ?<\/b>: Non<\/p>","protected":false},"excerpt":{"rendered":"<p>Cat\u00e9gories de produits : Chariot \u00e0 linge Marque : Sheng Yi Import\u00e9 ou non : non Mat\u00e9riau : Acier inoxydable Origine : Foshan Num\u00e9ro de pi\u00e8ce : FW Processing<\/p>","protected":false},"featured_media":166231,"comment_status":"open","ping_status":"closed","template":"","meta":[],"product_brand":[],"product_cat":[30929,30943],"product_tag":[],"class_list":{"0":"post-166226","1":"product","2":"type-product","3":"status-publish","4":"has-post-thumbnail","6":"product_cat-housekeeping","7":"product_cat-maids-carts","9":"first","10":"instock","11":"taxable","12":"shipping-taxable","13":"purchasable","14":"product-type-simple"},"_links":{"self":[{"href":"https:\/\/nexgendecors.com\/fr\/wp-json\/wp\/v2\/product\/166226","targetHints":{"allow":["GET"]}}],"collection":[{"href":"https:\/\/nexgendecors.com\/fr\/wp-json\/wp\/v2\/product"}],"about":[{"href":"https:\/\/nexgendecors.com\/fr\/wp-json\/wp\/v2\/types\/product"}],"replies":[{"embeddable":true,"href":"https:\/\/nexgendecors.com\/fr\/wp-json\/wp\/v2\/comments?post=166226"}],"version-history":[{"count":0,"href":"https:\/\/nexgendecors.com\/fr\/wp-json\/wp\/v2\/product\/166226\/revisions"}],"wp:featuredmedia":[{"embeddable":true,"href":"https:\/\/nexgendecors.com\/fr\/wp-json\/wp\/v2\/media\/166231"}],"wp:attachment":[{"href":"https:\/\/nexgendecors.com\/fr\/wp-json\/wp\/v2\/media?parent=166226"}],"wp:term":[{"taxonomy":"product_brand","embeddable":true,"href":"https:\/\/nexgendecors.com\/fr\/wp-json\/wp\/v2\/product_brand?post=166226"},{"taxonomy":"product_cat","embeddable":true,"href":"https:\/\/nexgendecors.com\/fr\/wp-json\/wp\/v2\/product_cat?post=166226"},{"taxonomy":"product_tag","embeddable":true,"href":"https:\/\/nexgendecors.com\/fr\/wp-json\/wp\/v2\/product_tag?post=166226"}],"curies":[{"name":"wp","href":"https:\/\/api.w.org\/{rel}","templated":true}]}}