{"id":166308,"date":"2025-02-23T06:48:33","date_gmt":"2025-02-23T06:48:33","guid":{"rendered":"https:\/\/nexgendecors.com\/en\/product\/ash-column-stainless-steel-outdoor-cigarette-butt-column-smoking-area-public-vertical-with-ashtray-trash-can-smoke-extinguishing-trash-can\/"},"modified":"2025-02-23T07:02:33","modified_gmt":"2025-02-23T07:02:33","slug":"ash-column-stainless-steel-outdoor-cigarette-butt-column-smoking-area-public-vertical-with-ashtray-trash-can-smoke-extinguishing-trash-can","status":"publish","type":"product","link":"https:\/\/nexgendecors.com\/fr\/product\/ash-column-stainless-steel-outdoor-cigarette-butt-column-smoking-area-public-vertical-with-ashtray-trash-can-smoke-extinguishing-trash-can\/","title":{"rendered":"Colonne \u00e0 cendres en acier inoxydable pour ext\u00e9rieur, colonne \u00e0 m\u00e9gots de cigarettes, zone fumeur, public vertical avec cendrier, poubelle, extinction de fum\u00e9e, poubelle"},"content":{"rendered":"<p><b>Fonction<\/b>: Cigarette butt collection<\/p>\n<p><b>M\u00e9thode d&#039;ouverture et de fermeture<\/b>: Without cover<\/p>\n<p><b>Import\u00e9 ou non<\/b>: Non<\/p>\n<p><b>Mat\u00e9riel<\/b>: Acier inoxydable<\/p>\n<p><b>poids<\/b>: 14 kg<\/p>\n<p><b>Origine<\/b>: Foshan<\/p>\n<p><b>Quantit\u00e9 par bo\u00eete<\/b>: 1<\/p>\n<p><b>Attributs commerciaux<\/b>: Domestic trade + foreign trade<\/p>\n<p><b>Gamme de prix<\/b>: 300 yuan or more<\/p>\n<p><b>D\u00e9lai de mise sur le march\u00e9<\/b>: Winter 2012<\/p>\n<p><b>brevet<\/b>: Non<\/p>\n<p><b>Num\u00e9ro de pi\u00e8ce<\/b>: YH-299 YH-241 YH-247 YH-926 YH-316B<\/p>\n<p><b>capacit\u00e9<\/b>: 12L et plus<\/p>\n<p><b>marque<\/b>: Sheng Yi<\/p>\n<p><b>forme<\/b>: Barrel<\/p>\n<p><b>couleur<\/b>: YH-299 black, YH-299 gray, YH-241A silver, YH-241B stainless steel, YH-247 stainless steel, YH-247 black paint, YH-926 stainless steel, YH-926 black, YH-316B stainless steel<\/p>\n<p><b>Qu&#039;il s&#039;agisse d&#039;une source d\u00e9di\u00e9e de marchandises destin\u00e9es \u00e0 l&#039;exportation transfrontali\u00e8re<\/b>: Non<\/p>\n<p><b>Sc\u00e9narios d&#039;utilisation<\/b>: outdoor<\/p>\n<p><b>Agence d&#039;inspection des exportations<\/b>: aucun<\/p>\n<p><b>Poids brut<\/b>: 12<\/p>\n<p><b>droits d&#039;auteur<\/b>: aucun<\/p>","protected":false},"excerpt":{"rendered":"<p>Fonction : Ramassage des m\u00e9gots M\u00e9thode d&#039;ouverture et de fermeture : Sans couvercle Import\u00e9 ou non : non Mat\u00e9riau : Acier inoxydable Poids : 14 kg<\/p>","protected":false},"featured_media":166307,"comment_status":"open","ping_status":"closed","template":"","meta":[],"product_brand":[],"product_cat":[30948,30929],"product_tag":[],"class_list":{"0":"post-166308","1":"product","2":"type-product","3":"status-publish","4":"has-post-thumbnail","6":"product_cat-hotel-maintenance","7":"product_cat-housekeeping","9":"first","10":"instock","11":"taxable","12":"shipping-taxable","13":"purchasable","14":"product-type-variable"},"_links":{"self":[{"href":"https:\/\/nexgendecors.com\/fr\/wp-json\/wp\/v2\/product\/166308","targetHints":{"allow":["GET"]}}],"collection":[{"href":"https:\/\/nexgendecors.com\/fr\/wp-json\/wp\/v2\/product"}],"about":[{"href":"https:\/\/nexgendecors.com\/fr\/wp-json\/wp\/v2\/types\/product"}],"replies":[{"embeddable":true,"href":"https:\/\/nexgendecors.com\/fr\/wp-json\/wp\/v2\/comments?post=166308"}],"version-history":[{"count":0,"href":"https:\/\/nexgendecors.com\/fr\/wp-json\/wp\/v2\/product\/166308\/revisions"}],"wp:featuredmedia":[{"embeddable":true,"href":"https:\/\/nexgendecors.com\/fr\/wp-json\/wp\/v2\/media\/166307"}],"wp:attachment":[{"href":"https:\/\/nexgendecors.com\/fr\/wp-json\/wp\/v2\/media?parent=166308"}],"wp:term":[{"taxonomy":"product_brand","embeddable":true,"href":"https:\/\/nexgendecors.com\/fr\/wp-json\/wp\/v2\/product_brand?post=166308"},{"taxonomy":"product_cat","embeddable":true,"href":"https:\/\/nexgendecors.com\/fr\/wp-json\/wp\/v2\/product_cat?post=166308"},{"taxonomy":"product_tag","embeddable":true,"href":"https:\/\/nexgendecors.com\/fr\/wp-json\/wp\/v2\/product_tag?post=166308"}],"curies":[{"name":"wp","href":"https:\/\/api.w.org\/{rel}","templated":true}]}}