{"id":166332,"date":"2025-02-23T06:49:01","date_gmt":"2025-02-23T06:49:01","guid":{"rendered":"https:\/\/nexgendecors.com\/en\/product\/new-outdoor-trash-cans-are-divided-into-stainless-steel-trash-cans-and-round-shopping-mall-subway-trash-cans\/"},"modified":"2025-04-22T06:34:36","modified_gmt":"2025-04-22T06:34:36","slug":"new-outdoor-trash-cans-are-divided-into-stainless-steel-trash-cans-and-round-shopping-mall-subway-trash-cans","status":"publish","type":"product","link":"https:\/\/nexgendecors.com\/fr\/product\/new-outdoor-trash-cans-are-divided-into-stainless-steel-trash-cans-and-round-shopping-mall-subway-trash-cans\/","title":{"rendered":"Les nouvelles poubelles ext\u00e9rieures sont divis\u00e9es en poubelles en acier inoxydable et en poubelles rondes de m\u00e9tro de centre commercial"},"content":{"rendered":"<p><b>Import\u00e9 ou non<\/b>: Non<\/p>\n<p><b>Personnalisation du traitement<\/b>: Oui<\/p>\n<p><b>Num\u00e9ro de pi\u00e8ce<\/b>: HW-106B<\/p>\n<p><b>Sp\u00e9cification<\/b>: 720*340*810mm<\/p>\n<p><b>Origine<\/b>: Foshan Sanshui<\/p>\n<p><b>Volume<\/b>: 60 L<\/p>\n<p><b>\u00e9paisseur<\/b>: 0.8 mm<\/p>\n<p><b>Mat\u00e9riel<\/b>: Acier inoxydable<\/p>\n<p><b>forme<\/b>: Oval<\/p>\n<p><b>marque<\/b>: Sheng Yi<\/p>\n<p><b>mod\u00e8le<\/b>: HW-106<\/p>","protected":false},"excerpt":{"rendered":"<p>Import\u00e9 ou non : non Personnalisation du traitement : oui Num\u00e9ro de pi\u00e8ce : HW-106B Sp\u00e9cification : 720*340*810mm Origine : Foshan Sanshui Volume : 60 L \u00e9paisseur : 0,8<\/p>","protected":false},"featured_media":166331,"comment_status":"open","ping_status":"closed","template":"","meta":[],"product_brand":[],"product_cat":[30948,30929,30947],"product_tag":[],"class_list":{"0":"post-166332","1":"product","2":"type-product","3":"status-publish","4":"has-post-thumbnail","6":"product_cat-hotel-maintenance","7":"product_cat-housekeeping","8":"product_cat-janitorial-supplies","10":"first","11":"instock","12":"taxable","13":"shipping-taxable","14":"purchasable","15":"product-type-variable"},"_links":{"self":[{"href":"https:\/\/nexgendecors.com\/fr\/wp-json\/wp\/v2\/product\/166332","targetHints":{"allow":["GET"]}}],"collection":[{"href":"https:\/\/nexgendecors.com\/fr\/wp-json\/wp\/v2\/product"}],"about":[{"href":"https:\/\/nexgendecors.com\/fr\/wp-json\/wp\/v2\/types\/product"}],"replies":[{"embeddable":true,"href":"https:\/\/nexgendecors.com\/fr\/wp-json\/wp\/v2\/comments?post=166332"}],"version-history":[{"count":0,"href":"https:\/\/nexgendecors.com\/fr\/wp-json\/wp\/v2\/product\/166332\/revisions"}],"wp:featuredmedia":[{"embeddable":true,"href":"https:\/\/nexgendecors.com\/fr\/wp-json\/wp\/v2\/media\/166331"}],"wp:attachment":[{"href":"https:\/\/nexgendecors.com\/fr\/wp-json\/wp\/v2\/media?parent=166332"}],"wp:term":[{"taxonomy":"product_brand","embeddable":true,"href":"https:\/\/nexgendecors.com\/fr\/wp-json\/wp\/v2\/product_brand?post=166332"},{"taxonomy":"product_cat","embeddable":true,"href":"https:\/\/nexgendecors.com\/fr\/wp-json\/wp\/v2\/product_cat?post=166332"},{"taxonomy":"product_tag","embeddable":true,"href":"https:\/\/nexgendecors.com\/fr\/wp-json\/wp\/v2\/product_tag?post=166332"}],"curies":[{"name":"wp","href":"https:\/\/api.w.org\/{rel}","templated":true}]}}