{"id":166342,"date":"2025-02-23T06:49:44","date_gmt":"2025-02-23T06:49:44","guid":{"rendered":"https:\/\/nexgendecors.com\/en\/product\/telescopic-three-fold-fabric-enclosure-escalator-inspection-warning-isolation-construction-safety-guardrail-elevator-maintenance-fence\/"},"modified":"2025-04-22T06:34:35","modified_gmt":"2025-04-22T06:34:35","slug":"telescopic-three-fold-fabric-enclosure-escalator-inspection-warning-isolation-construction-safety-guardrail-elevator-maintenance-fence","status":"publish","type":"product","link":"https:\/\/nexgendecors.com\/fr\/product\/telescopic-three-fold-fabric-enclosure-escalator-inspection-warning-isolation-construction-safety-guardrail-elevator-maintenance-fence\/","title":{"rendered":"Cl\u00f4ture t\u00e9lescopique en tissu \u00e0 trois volets inspection escalator avertissement isolation construction s\u00e9curit\u00e9 garde-corps maintenance ascenseur cl\u00f4ture"},"content":{"rendered":"<p><b>\u54c1\u724c<\/b>: \u5d07\u7766<\/p>\n<p><b>\u4e3b\u8981\u4e0b\u6e38\u5e73\u53f0<\/b>: \u4e9a\u9a6c\u900a<\/p>\n<p><b>\u4e3b\u8981\u9500\u552e\u5730\u533a<\/b>: \u56fd\u5185<\/p>\n<p><b>\u662f\u5426\u8de8\u5883\u51fa\u53e3\u4e13\u4f9b\u8d27\u6e90<\/b>: \u5426<\/p>\n<p><b>\u8d27\u53f7<\/b>: 016<\/p>\n<p><b>\u539f\u4ea7\u56fd\/\u5730\u533a<\/b>: \u4e2d\u56fd<\/p>\n<p><b>\u7528\u9014<\/b>: \u5e02\u653f\u56ed\u6797\u9632\u62a4\u7f51<\/p>\n<p><b>\u7cfb\u5217<\/b>: \u5e03\u827a\u56f4\u6321<\/p>\n<p><b>\u4ea7\u5730<\/b>: \u6d59\u6c5f\u53f0\u5dde<\/p>\n<p><b>\u662f\u5426\u8fdb\u53e3<\/b>: \u975e\u8fdb\u53e3<\/p>\n<p><b>\u6709\u53ef\u6388\u6743\u7684\u81ea\u6709\u54c1\u724c<\/b>: \u5426<\/p>\n<p><b>\u578b\u53f7<\/b>: \u5e03\u827a\u56f4\u680f<\/p>\n<p><b>\u9002\u7528\u8303\u56f4<\/b>: \u65bd\u5de5\u9694\u79bb\u5730\u70b9<\/p>\n<p><b>\u8ba2\u8d27\u53f7<\/b>: 016<\/p>","protected":false},"excerpt":{"rendered":"<p>\u54c1\u724c : \u5d07\u7766 \u4e3b\u8981\u4e0b\u6e38\u5e73\u53f0 : \u4e9a\u9a6c\u900a \u4e3b\u8981\u9500\u552e\u5730\u533a : \u56fd\u5185 \u662f\u5426\u8de8\u5883\u51fa\u53e3\u4e13\u4f9b\u8d27\u6e90 : \u5426 \u8d27\u53f7 : 016 \u539f\u4ea7\u56fd\/\u5730\u533a : \u4e2d\u56fd \u7528\u9014 : \u5e02\u653f\u56ed\u6797\u9632\u62a4\u7f51 \u7cfb\u5217 : \u5e03\u827a\u56f4\u6321 \u4ea7\u5730 : \u6d59\u6c5f\u53f0\u5dde \u662f\u5426\u8fdb\u53e3 : \u975e\u8fdb\u53e3<\/p>","protected":false},"featured_media":166341,"comment_status":"open","ping_status":"closed","template":"","meta":[],"product_brand":[],"product_cat":[30948,30929,30947],"product_tag":[],"class_list":{"0":"post-166342","1":"product","2":"type-product","3":"status-publish","4":"has-post-thumbnail","6":"product_cat-hotel-maintenance","7":"product_cat-housekeeping","8":"product_cat-janitorial-supplies","10":"first","11":"instock","12":"taxable","13":"shipping-taxable","14":"purchasable","15":"product-type-simple"},"_links":{"self":[{"href":"https:\/\/nexgendecors.com\/fr\/wp-json\/wp\/v2\/product\/166342","targetHints":{"allow":["GET"]}}],"collection":[{"href":"https:\/\/nexgendecors.com\/fr\/wp-json\/wp\/v2\/product"}],"about":[{"href":"https:\/\/nexgendecors.com\/fr\/wp-json\/wp\/v2\/types\/product"}],"replies":[{"embeddable":true,"href":"https:\/\/nexgendecors.com\/fr\/wp-json\/wp\/v2\/comments?post=166342"}],"version-history":[{"count":0,"href":"https:\/\/nexgendecors.com\/fr\/wp-json\/wp\/v2\/product\/166342\/revisions"}],"wp:featuredmedia":[{"embeddable":true,"href":"https:\/\/nexgendecors.com\/fr\/wp-json\/wp\/v2\/media\/166341"}],"wp:attachment":[{"href":"https:\/\/nexgendecors.com\/fr\/wp-json\/wp\/v2\/media?parent=166342"}],"wp:term":[{"taxonomy":"product_brand","embeddable":true,"href":"https:\/\/nexgendecors.com\/fr\/wp-json\/wp\/v2\/product_brand?post=166342"},{"taxonomy":"product_cat","embeddable":true,"href":"https:\/\/nexgendecors.com\/fr\/wp-json\/wp\/v2\/product_cat?post=166342"},{"taxonomy":"product_tag","embeddable":true,"href":"https:\/\/nexgendecors.com\/fr\/wp-json\/wp\/v2\/product_tag?post=166342"}],"curies":[{"name":"wp","href":"https:\/\/api.w.org\/{rel}","templated":true}]}}