{"id":166360,"date":"2025-02-23T06:50:41","date_gmt":"2025-02-23T06:50:41","guid":{"rendered":"https:\/\/nexgendecors.com\/en\/product\/rubber-road-cone-eva-road-reflective-cone-traffic-anti-collision-no-parking-safety-warning-rubber-ice-cream-bucket-roadblock\/"},"modified":"2025-04-22T06:34:35","modified_gmt":"2025-04-22T06:34:35","slug":"rubber-road-cone-eva-road-reflective-cone-traffic-anti-collision-no-parking-safety-warning-rubber-ice-cream-bucket-roadblock","status":"publish","type":"product","link":"https:\/\/nexgendecors.com\/fr\/product\/rubber-road-cone-eva-road-reflective-cone-traffic-anti-collision-no-parking-safety-warning-rubber-ice-cream-bucket-roadblock\/","title":{"rendered":"C\u00f4ne de route en caoutchouc EVA, c\u00f4ne r\u00e9fl\u00e9chissant pour la circulation, anti-collision, avertissement de s\u00e9curit\u00e9 pour le stationnement, seau de glace en caoutchouc, barrage routier"},"content":{"rendered":"<p><b>\u54c1\u724c<\/b>: \u5d07\u7766<\/p>\n<p><b>\u4e3b\u8981\u4e0b\u6e38\u5e73\u53f0<\/b>: \u4e9a\u9a6c\u900a<\/p>\n<p><b>\u4e3b\u8981\u9500\u552e\u5730\u533a<\/b>: \u56fd\u5185<\/p>\n<p><b>\u662f\u5426\u8de8\u5883\u51fa\u53e3\u4e13\u4f9b\u8d27\u6e90<\/b>: \u5426<\/p>\n<p><b>\u8d27\u53f7<\/b>: 013<\/p>\n<p><b>\u539f\u4ea7\u56fd\/\u5730\u533a<\/b>: \u4e2d\u56fd<\/p>\n<p><b>\u7528\u9014<\/b>: \u9053\u8def\u5b89\u5168\u8bbe\u65bd<\/p>\n<p><b>\u7cfb\u5217<\/b>: \u8def\u9525<\/p>\n<p><b>\u4ea7\u5730<\/b>: \u6d59\u6c5f\u53f0\u5dde<\/p>\n<p><b>\u662f\u5426\u8fdb\u53e3<\/b>: \u5426<\/p>\n<p><b>\u6709\u53ef\u6388\u6743\u7684\u81ea\u6709\u54c1\u724c<\/b>: \u5426<\/p>\n<p><b>\u5f3a\u5ea6<\/b>: \u5f3a<\/p>\n<p><b>\u8010\u6652\u5ea6<\/b>: \u9ad8<\/p>\n<p><b>\u8010\u7528\u6027\u80fd<\/b>: \u5f3a<\/p>","protected":false},"excerpt":{"rendered":"<p>Nom: Nom du produit: Nom du produit: Nom du produit: Nom du produit: 013 Nom\/\u5730\u533a: Nom du produit: Nom du produit: Nom du produit: Nom du produit: Nom du produit: Num\u00e9ro du mod\u00e8le: \u5426<\/p>","protected":false},"featured_media":166359,"comment_status":"open","ping_status":"closed","template":"","meta":[],"product_brand":[],"product_cat":[30948,30929,30947],"product_tag":[],"class_list":{"0":"post-166360","1":"product","2":"type-product","3":"status-publish","4":"has-post-thumbnail","6":"product_cat-hotel-maintenance","7":"product_cat-housekeeping","8":"product_cat-janitorial-supplies","10":"first","11":"instock","12":"taxable","13":"shipping-taxable","14":"purchasable","15":"product-type-simple"},"_links":{"self":[{"href":"https:\/\/nexgendecors.com\/fr\/wp-json\/wp\/v2\/product\/166360","targetHints":{"allow":["GET"]}}],"collection":[{"href":"https:\/\/nexgendecors.com\/fr\/wp-json\/wp\/v2\/product"}],"about":[{"href":"https:\/\/nexgendecors.com\/fr\/wp-json\/wp\/v2\/types\/product"}],"replies":[{"embeddable":true,"href":"https:\/\/nexgendecors.com\/fr\/wp-json\/wp\/v2\/comments?post=166360"}],"version-history":[{"count":0,"href":"https:\/\/nexgendecors.com\/fr\/wp-json\/wp\/v2\/product\/166360\/revisions"}],"wp:featuredmedia":[{"embeddable":true,"href":"https:\/\/nexgendecors.com\/fr\/wp-json\/wp\/v2\/media\/166359"}],"wp:attachment":[{"href":"https:\/\/nexgendecors.com\/fr\/wp-json\/wp\/v2\/media?parent=166360"}],"wp:term":[{"taxonomy":"product_brand","embeddable":true,"href":"https:\/\/nexgendecors.com\/fr\/wp-json\/wp\/v2\/product_brand?post=166360"},{"taxonomy":"product_cat","embeddable":true,"href":"https:\/\/nexgendecors.com\/fr\/wp-json\/wp\/v2\/product_cat?post=166360"},{"taxonomy":"product_tag","embeddable":true,"href":"https:\/\/nexgendecors.com\/fr\/wp-json\/wp\/v2\/product_tag?post=166360"}],"curies":[{"name":"wp","href":"https:\/\/api.w.org\/{rel}","templated":true}]}}