{"id":166373,"date":"2025-02-23T06:51:06","date_gmt":"2025-02-23T06:51:06","guid":{"rendered":"https:\/\/nexgendecors.com\/en\/product\/pu-warning-column-reflective-elastic-column-75cm-plastic-warning-column-anti-collision-column-cylindrical-road-column-guardrail-isolation-fence\/"},"modified":"2025-04-06T10:00:51","modified_gmt":"2025-04-06T10:00:51","slug":"colonne-davertissement-en-polyurethane-colonne-elastique-reflechissante-colonne-davertissement-en-plastique-de-75-cm-colonne-anti-collision-colonne-de-route-cylindrique-barriere-di","status":"publish","type":"product","link":"https:\/\/nexgendecors.com\/fr\/product\/colonne-davertissement-en-polyurethane-colonne-elastique-reflechissante-colonne-davertissement-en-plastique-de-75-cm-colonne-anti-collision-colonne-de-route-cylindrique-barriere-di\/","title":{"rendered":"Colonne d&#039;avertissement PU colonne \u00e9lastique r\u00e9fl\u00e9chissante 75CM colonne d&#039;avertissement en plastique colonne anti-collision colonne de route cylindrique cl\u00f4ture d&#039;isolation de garde-corps"},"content":{"rendered":"<p><b>\u54c1\u724c<\/b>: \u5d07\u7766<\/p>\n<p><b>\u4e3b\u8981\u4e0b\u6e38\u5e73\u53f0<\/b>: \u4e9a\u9a6c\u900a<\/p>\n<p><b>\u4e3b\u8981\u9500\u552e\u5730\u533a<\/b>: \u56fd\u5185\u4e36\u56fd\u5916<\/p>\n<p><b>\u662f\u5426\u8de8\u5883\u51fa\u53e3\u4e13\u4f9b\u8d27\u6e90<\/b>: \u5426<\/p>\n<p><b>\u8d27\u53f7<\/b>: 009<\/p>\n<p><b>\u539f\u4ea7\u56fd\/\u5730\u533a<\/b>: \u4e2d\u56fd<\/p>\n<p><b>\u7528\u9014<\/b>: \u8b66\u793a\u67f1<\/p>\n<p><b>\u7cfb\u5217<\/b>: \u8b66\u793a\u67f1<\/p>\n<p><b>\u4ea7\u5730<\/b>: \u6d59\u6c5f\u53f0\u5dde<\/p>\n<p><b>\u662f\u5426\u8fdb\u53e3<\/b>: \u5426<\/p>\n<p><b>\u6709\u53ef\u6388\u6743\u7684\u81ea\u6709\u54c1\u724c<\/b>: \u5426<\/p>\n<p><b>\u5f3a\u5ea6<\/b>: \u9ad8<\/p>\n<p><b>\u8010\u7528\u6027\u80fd<\/b>: \u9ad8<\/p>\n<p><b>\u8010\u6652\u5ea6<\/b>: \u9ad8<\/p>","protected":false},"excerpt":{"rendered":"<p>Nom: Nom du produit: Nom du produit: Nom du produit: Nom du produit: Num\u00e9ro du mod\u00e8le: \u5426Nom\u00a0: 009 Num\u00e9ro d&#039;utilisateur\/\u5730\u533a\u00a0: Num\u00e9ro d&#039;appel\u00a0: Num\u00e9ro d&#039;appel\u00a0: Num\u00e9ro d&#039;appel\u00a0: Num\u00e9ro d&#039;appel\u00a0: Num\u00e9ro d&#039;identification\u00a0: Num\u00e9ro d&#039;appel\u00a0:\u00a0<\/p>","protected":false},"featured_media":166372,"comment_status":"open","ping_status":"closed","template":"","meta":[],"product_brand":[],"product_cat":[30948,30929],"product_tag":[],"class_list":{"0":"post-166373","1":"product","2":"type-product","3":"status-publish","4":"has-post-thumbnail","6":"product_cat-hotel-maintenance","7":"product_cat-housekeeping","9":"first","10":"instock","11":"taxable","12":"shipping-taxable","13":"purchasable","14":"product-type-simple"},"_links":{"self":[{"href":"https:\/\/nexgendecors.com\/fr\/wp-json\/wp\/v2\/product\/166373","targetHints":{"allow":["GET"]}}],"collection":[{"href":"https:\/\/nexgendecors.com\/fr\/wp-json\/wp\/v2\/product"}],"about":[{"href":"https:\/\/nexgendecors.com\/fr\/wp-json\/wp\/v2\/types\/product"}],"replies":[{"embeddable":true,"href":"https:\/\/nexgendecors.com\/fr\/wp-json\/wp\/v2\/comments?post=166373"}],"version-history":[{"count":0,"href":"https:\/\/nexgendecors.com\/fr\/wp-json\/wp\/v2\/product\/166373\/revisions"}],"wp:featuredmedia":[{"embeddable":true,"href":"https:\/\/nexgendecors.com\/fr\/wp-json\/wp\/v2\/media\/166372"}],"wp:attachment":[{"href":"https:\/\/nexgendecors.com\/fr\/wp-json\/wp\/v2\/media?parent=166373"}],"wp:term":[{"taxonomy":"product_brand","embeddable":true,"href":"https:\/\/nexgendecors.com\/fr\/wp-json\/wp\/v2\/product_brand?post=166373"},{"taxonomy":"product_cat","embeddable":true,"href":"https:\/\/nexgendecors.com\/fr\/wp-json\/wp\/v2\/product_cat?post=166373"},{"taxonomy":"product_tag","embeddable":true,"href":"https:\/\/nexgendecors.com\/fr\/wp-json\/wp\/v2\/product_tag?post=166373"}],"curies":[{"name":"wp","href":"https:\/\/api.w.org\/{rel}","templated":true}]}}