{"id":166508,"date":"2025-02-23T08:37:48","date_gmt":"2025-02-23T08:37:48","guid":{"rendered":"https:\/\/nexgendecors.com\/en\/product\/stainless-steel-wall-mounted-soap-dispenser-bracket-shower-gel-conditioner-shampoo-bathroom-liquid-bottle-hotel-homestay\/"},"modified":"2025-04-06T10:00:59","modified_gmt":"2025-04-06T10:00:59","slug":"stainless-steel-wall-mounted-soap-dispenser-bracket-shower-gel-conditioner-shampoo-bathroom-liquid-bottle-hotel-homestay","status":"publish","type":"product","link":"https:\/\/nexgendecors.com\/fr\/product\/stainless-steel-wall-mounted-soap-dispenser-bracket-shower-gel-conditioner-shampoo-bathroom-liquid-bottle-hotel-homestay\/","title":{"rendered":"Distributeur de savon mural en acier inoxydable support gel douche conditionneur shampoing salle de bain liquide bouteille h\u00f4tel homestay"},"content":{"rendered":"<p><b>Mat\u00e9riel<\/b>: Acier inoxydable<\/p>\n<p><b>Certification<\/b>: aucun<\/p>\n<p><b>S&#039;agit-il d&#039;un contribuable g\u00e9n\u00e9ral ?<\/b>: Non<\/p>\n<p><b>Num\u00e9ro de pi\u00e8ce<\/b>: AL747856304756<\/p>\n<p><b>Sp\u00e9cification<\/b>: Double bottle [bright light], double bottle [baked black], three bottles [bright light], three bottles [baked black], double bottle + bottle [bright light], double bottle + bottle [baked black], three bottles + bottle [bright light], three bottles + bottle [baked black]<\/p>\n<p><b>poids<\/b>: 0.4kg<\/p>\n<p><b>Treatment process<\/b>: polishing<\/p>\n<p><b>Qu&#039;il s&#039;agisse d&#039;une source d\u00e9di\u00e9e de marchandises destin\u00e9es \u00e0 l&#039;exportation transfrontali\u00e8re<\/b>: Oui<\/p>\n<p><b>Principales plateformes aval<\/b>: wish, AliExpress, Independent Station, LAZADA, Others<\/p>\n<p><b>Principaux domaines de vente<\/b>: autre<\/p>\n<p><b>Avoir une marque priv\u00e9e sous licence<\/b>: Non<\/p>\n<p><b>style<\/b>: Moderne et simple<\/p>\n<p><b>Fonction<\/b>: Hand press<\/p>","protected":false},"excerpt":{"rendered":"<p>Mat\u00e9riau : Acier inoxydable Certification : aucune S'agit-il d'un contribuable g\u00e9n\u00e9ral? : non Num\u00e9ro de pi\u00e8ce : AL747856304756 Sp\u00e9cification : Double bouteille [lumi\u00e8re vive], double<\/p>","protected":false},"featured_media":166507,"comment_status":"open","ping_status":"closed","template":"","meta":[],"product_brand":[],"product_cat":[30927,30940],"product_tag":[],"class_list":{"0":"post-166508","1":"product","2":"type-product","3":"status-publish","4":"has-post-thumbnail","6":"product_cat-bath","7":"product_cat-hotel-shower-dispensers-liquid","9":"first","10":"instock","11":"taxable","12":"shipping-taxable","13":"purchasable","14":"product-type-variable"},"_links":{"self":[{"href":"https:\/\/nexgendecors.com\/fr\/wp-json\/wp\/v2\/product\/166508","targetHints":{"allow":["GET"]}}],"collection":[{"href":"https:\/\/nexgendecors.com\/fr\/wp-json\/wp\/v2\/product"}],"about":[{"href":"https:\/\/nexgendecors.com\/fr\/wp-json\/wp\/v2\/types\/product"}],"replies":[{"embeddable":true,"href":"https:\/\/nexgendecors.com\/fr\/wp-json\/wp\/v2\/comments?post=166508"}],"version-history":[{"count":0,"href":"https:\/\/nexgendecors.com\/fr\/wp-json\/wp\/v2\/product\/166508\/revisions"}],"wp:featuredmedia":[{"embeddable":true,"href":"https:\/\/nexgendecors.com\/fr\/wp-json\/wp\/v2\/media\/166507"}],"wp:attachment":[{"href":"https:\/\/nexgendecors.com\/fr\/wp-json\/wp\/v2\/media?parent=166508"}],"wp:term":[{"taxonomy":"product_brand","embeddable":true,"href":"https:\/\/nexgendecors.com\/fr\/wp-json\/wp\/v2\/product_brand?post=166508"},{"taxonomy":"product_cat","embeddable":true,"href":"https:\/\/nexgendecors.com\/fr\/wp-json\/wp\/v2\/product_cat?post=166508"},{"taxonomy":"product_tag","embeddable":true,"href":"https:\/\/nexgendecors.com\/fr\/wp-json\/wp\/v2\/product_tag?post=166508"}],"curies":[{"name":"wp","href":"https:\/\/api.w.org\/{rel}","templated":true}]}}