{"id":166540,"date":"2025-02-23T08:48:56","date_gmt":"2025-02-23T08:48:56","guid":{"rendered":"https:\/\/nexgendecors.com\/en\/product\/four-seasons-cotton-and-linen-bathrobe-home-clothes-hanfu-pajamas-men-and-women-couples-japanese-kimono-style-bb-hotel\/"},"modified":"2025-04-06T10:01:04","modified_gmt":"2025-04-06T10:01:04","slug":"four-seasons-cotton-and-linen-bathrobe-home-clothes-hanfu-pajamas-men-and-women-couples-japanese-kimono-style-bb-hotel","status":"publish","type":"product","link":"https:\/\/nexgendecors.com\/fr\/product\/four-seasons-cotton-and-linen-bathrobe-home-clothes-hanfu-pajamas-men-and-women-couples-japanese-kimono-style-bb-hotel\/","title":{"rendered":"Peignoir quatre saisons en coton et lin, v\u00eatements de maison, pyjama Hanfu, hommes et femmes, couples, style kimono japonais, B&amp;B, h\u00f4tel"},"content":{"rendered":"<p><b>Fabric name<\/b>: Cotton and Linen<\/p>\n<p><b>Main fabric ingredients<\/b>: cotton<\/p>\n<p><b>Availability<\/b>: Spring 2024<\/p>\n<p><b>Suitable season<\/b>: Quatre saisons<\/p>\n<p><b>couleur<\/b>: Original linen kimono collar cotton 70 linen 30, dark green kimono collar cotton 70 linen 30, dark gray kimono collar cotton 70 linen 30, brick red kimono collar cotton 70 linen 30, original linen kimono collar 100 linen, light pink kimono collar 100 linen, light green kimono collar 100 linen, light brown kimono collar 100 linen<\/p>\n<p><b>taille<\/b>: M,L,XL<\/p>\n<p><b>Main fabric content<\/b>: 50% inclusive -70% exclusive<\/p>\n<p><b>style<\/b>: Pastoral style<\/p>","protected":false},"excerpt":{"rendered":"<p>Nom du tissu : Coton et lin Principaux ingr\u00e9dients du tissu : coton Disponibilit\u00e9 : Printemps 2024 Saison appropri\u00e9e : Quatre saisons Couleur : Kimono en lin original<\/p>","protected":false},"featured_media":166539,"comment_status":"open","ping_status":"closed","template":"","meta":[],"product_brand":[],"product_cat":[30927,30941,30949],"product_tag":[],"class_list":{"0":"post-166540","1":"product","2":"type-product","3":"status-publish","4":"has-post-thumbnail","6":"product_cat-bath","7":"product_cat-hotel-robes-slippers","8":"product_cat-hotel-supplies","10":"first","11":"instock","12":"taxable","13":"shipping-taxable","14":"purchasable","15":"product-type-variable"},"_links":{"self":[{"href":"https:\/\/nexgendecors.com\/fr\/wp-json\/wp\/v2\/product\/166540","targetHints":{"allow":["GET"]}}],"collection":[{"href":"https:\/\/nexgendecors.com\/fr\/wp-json\/wp\/v2\/product"}],"about":[{"href":"https:\/\/nexgendecors.com\/fr\/wp-json\/wp\/v2\/types\/product"}],"replies":[{"embeddable":true,"href":"https:\/\/nexgendecors.com\/fr\/wp-json\/wp\/v2\/comments?post=166540"}],"version-history":[{"count":0,"href":"https:\/\/nexgendecors.com\/fr\/wp-json\/wp\/v2\/product\/166540\/revisions"}],"wp:featuredmedia":[{"embeddable":true,"href":"https:\/\/nexgendecors.com\/fr\/wp-json\/wp\/v2\/media\/166539"}],"wp:attachment":[{"href":"https:\/\/nexgendecors.com\/fr\/wp-json\/wp\/v2\/media?parent=166540"}],"wp:term":[{"taxonomy":"product_brand","embeddable":true,"href":"https:\/\/nexgendecors.com\/fr\/wp-json\/wp\/v2\/product_brand?post=166540"},{"taxonomy":"product_cat","embeddable":true,"href":"https:\/\/nexgendecors.com\/fr\/wp-json\/wp\/v2\/product_cat?post=166540"},{"taxonomy":"product_tag","embeddable":true,"href":"https:\/\/nexgendecors.com\/fr\/wp-json\/wp\/v2\/product_tag?post=166540"}],"curies":[{"name":"wp","href":"https:\/\/api.w.org\/{rel}","templated":true}]}}