{"id":166578,"date":"2025-02-23T08:56:35","date_gmt":"2025-02-23T08:56:35","guid":{"rendered":"https:\/\/nexgendecors.com\/en\/product\/2000-pcs-bamboo-toothbrush-non-disposable-wooden-toothbrush-bamboo-handle-bamboo-homestay-logo\/"},"modified":"2025-04-06T10:01:08","modified_gmt":"2025-04-06T10:01:08","slug":"2000-pcs-bamboo-toothbrush-non-disposable-wooden-toothbrush-bamboo-handle-bamboo-homestay-logo","status":"publish","type":"product","link":"https:\/\/nexgendecors.com\/fr\/product\/2000-pcs-bamboo-toothbrush-non-disposable-wooden-toothbrush-bamboo-handle-bamboo-homestay-logo\/","title":{"rendered":"2000 pi\u00e8ces brosse \u00e0 dents en bambou brosse \u00e0 dents en bois non jetable manche en bambou bambou homestay LOGO"},"content":{"rendered":"<p><b>\u54c1\u724c<\/b>: ntoge<\/p>\n<p><b>\u9002\u7528\u4eba\u7fa4<\/b>: \u901a\u7528<\/p>\n<p><b>\u662f\u5426\u8fdb\u53e3<\/b>: \u5426<\/p>\n<p><b>\u662f\u5426\u4e00\u6b21\u6027<\/b>: \u662f<\/p>\n<p><b>\u89c4\u683c<\/b>: \u652f<\/p>\n<p><b>\u578b\u53f7<\/b>: \u6728\u7259\u5237<\/p>\n<p><b>\u7bb1\u88c5\u6570\u91cf<\/b>: 2000<\/p>\n<p><b>\u4ea7\u54c1\u4e0a\u5e02\u65f6\u95f4<\/b>: 2020<\/p>\n<p><b>\u5355\u4f4d<\/b>: \u652f<\/p>\n<p><b>\u8d27\u53f7<\/b>: \u6728\u7259\u5237<\/p>\n<p><b>\u4ea7\u54c1\u7c7b\u522b<\/b>: \u624b\u52a8<\/p>\n<p><b>\u529f\u80fd<\/b>: \u4e00\u6b21\u6027<\/p>\n<p><b>\u4ea7\u5730<\/b>: \u4e2d\u56fd\u5927\u9646<\/p>\n<p><b>\u662f\u5426\u91cf\u8d29\u88c5<\/b>: \u662f<\/p>\n<p><b>\u989c\u8272<\/b>: \u301010\u652f\u3011\u65b9\u5c3e\u67c4\u6b3e\u8f6f\u5237\u6bdb,\u301010\u652f\u3011\u65b9\u5c3e\u67c4\u6b3e\u8f6f\u5237\u6bdb\uff08\u542b\u7259\u818f\uff09,\u301010\u652f\u3011\u65b9\u5c3e\u67c4\u6b3e\u8f6f\u5237\u6bdb\uff08\u5361\u76d2\uff09,\u301010\u652f\u3011\u65b9\u5c3e\u67c4\u6b3e\u8f6f\u5237\u6bdb\uff08\u5361\u76d2+\u7259\u818f\uff09,\u301010\u652f\u3011\u7ecf\u5178\u6b3e\u8f6f\u5237\u6bdb,\u301010\u652f\u3011\u7ecf\u5178\u6b3e\u8f6f\u5237\u6bdb\uff08\u542b\u7259\u818f\uff09,\u301010\u652f\u3011\u7ecf\u5178\u6b3e\u8f6f\u5237\u6bdb\uff08\u5361\u76d2\uff09,\u301010\u652f\u3011\u7ecf\u5178\u6b3e\u8f6f\u5237\u6bdb\uff08\u5361\u76d2+\u7259\u818f\uff09,\u301010\u652f\u3011\u66f2\u67c4\u6b3e\u5c3c\u9f99\u786c\u5237\u6bdb,\u301010\u652f\u3011\u66f2\u67c4\u6b3e\u5c3c\u9f99\u786c\u5237\u6bdb\uff08\u542b\u7259\u818f\uff09,\u301010\u652f\u3011\u66f2\u67c4\u6b3e\u5c3c\u9f99\u786c\u5237\u6bdb\uff08\u5361\u76d2\uff09,\u301010\u652f\u3011\u66f2\u67c4\u6b3e\u5c3c\u9f99\u786c\u5237\u6bdb\uff08\u5361\u76d2+\u7259\u818f\uff09,\u301010\u652f\u3011\u5706\u67f1\u6b3e\u8f6f\u5237\u6bdb,\u301010\u652f\u3011\u5706\u67f1\u6b3e\u8f6f\u5237\u6bdb\uff08\u542b\u7259\u818f\uff09,\u301010\u652f\u3011\u5706\u67f1\u6b3e\u8f6f\u5237\u6bdb\uff08\u5361\u76d2\uff09,\u301010\u652f\u3011\u5706\u67f1\u6b3e\u8f6f\u5237\u6bdb\uff08\u5361\u76d2+\u7259\u818f\uff09,\u301010\u4e2a\u3011\u7af9\u7b52,\u301010\u4e2a\u3011\u957f\u67c4\u5706\u68b3,\u301010\u4e2a\u3011\u6728\u65b9\u68b3,\u301010\u4e2a\u3011\u6728\u7259\u5237\u5ea7,\u3010100\u652f\u3011\u65b9\u5c3e\u67c4\u6b3e\u8f6f\u5237\u6bdb,\u3010100\u652f\u3011\u65b9\u5c3e\u67c4\u6b3e\u8f6f\u5237\u6bdb\uff08\u542b\u7259\u818f\uff09,\u3010100\u652f\u3011\u65b9\u5c3e\u67c4\u6b3e\u8f6f\u5237\u6bdb\uff08\u5361\u76d2\uff09,\u3010100\u652f\u3011\u65b9\u5c3e\u67c4\u6b3e\u8f6f\u5237\u6bdb\uff08\u5361\u76d2+\u7259\u818f\uff09,\u3010100\u652f\u3011\u7ecf\u5178\u6b3e\u8f6f\u5237\u6bdb,\u3010100\u652f\u3011\u7ecf\u5178\u6b3e\u8f6f\u5237\u6bdb\uff08\u542b\u7259\u818f\uff09,\u3010100\u652f\u3011\u7ecf\u5178\u6b3e\u8f6f\u5237\u6bdb\uff08\u5361\u76d2\uff09,\u3010100\u652f\u3011\u7ecf\u5178\u6b3e\u8f6f\u5237\u6bdb\uff08\u5361\u76d2+\u7259\u818f\uff09,\u3010100\u652f\u3011\u66f2\u67c4\u6b3e\u5c3c\u9f99\u786c\u5237\u6bdb,\u3010100\u652f\u3011\u66f2\u67c4\u6b3e\u5c3c\u9f99\u786c\u5237\u6bdb\uff08\u542b\u7259\u818f\uff09,\u3010100\u652f\u3011\u66f2\u67c4\u6b3e\u5c3c\u9f99\u786c\u5237\u6bdb\uff08\u5361\u76d2\uff09,\u3010100\u652f\u3011\u66f2\u67c4\u6b3e\u5c3c\u9f99\u786c\u5237\u6bdb\uff08\u5361\u76d2+\u7259\u818f\uff09,\u3010100\u652f\u3011\u5706\u67f1\u6b3e\u8f6f\u5237\u6bdb,\u3010100\u652f\u3011\u5706\u67f1\u6b3e\u8f6f\u5237\u6bdb\uff08\u542b\u7259\u818f\uff09,\u3010100\u652f\u3011\u5706\u67f1\u6b3e\u8f6f\u5237\u6bdb\uff08\u5361\u76d2\uff09,\u3010100\u652f\u3011\u5706\u67f1\u6b3e\u8f6f\u5237\u6bdb\uff08\u5361\u76d2+\u7259\u818f\uff09,\u3010100\u4e2a\u3011\u7af9\u7b52,\u3010100\u4e2a\u3011\u957f\u67c4\u5706\u68b3,\u3010100\u4e2a\u3011\u6728\u65b9\u68b3,\u3010100\u4e2a\u3011\u6728\u7259\u5237\u5ea7<\/p>\n<p><b>\u4e3b\u8981\u4e0b\u6e38\u5e73\u53f0<\/b>: ebay,\u4e9a\u9a6c\u900a,wish,\u901f\u5356\u901a,\u72ec\u7acb\u7ad9,LAZADA<\/p>\n<p><b>\u4e3b\u8981\u9500\u552e\u5730\u533a<\/b>: \u6b27\u6d32,\u5317\u7f8e,\u4e2d\u4e1c<\/p>\n<p><b>\u6709\u53ef\u6388\u6743\u7684\u81ea\u6709\u54c1\u724c<\/b>: \u662f<\/p>\n<p><b>\u662f\u5426\u8de8\u5883\u51fa\u53e3\u4e13\u4f9b\u8d27\u6e90<\/b>: \u662f<\/p>\n<p><b>\u4e13\u5229\u7c7b\u578b<\/b>: \u65e0<\/p>","protected":false},"excerpt":{"rendered":"<p>Nom: ntoge Nom du produit: Nom du produit: Nom du produit: Nom du produit: Nom du produit: Nom du produit: Ann\u00e9e 2000\u00a0:\u00a02020 Ann\u00e9e\u00a0:\u00a0\u652f Ann\u00e9e\u00a0:\u00a0\u6728\u7259\u5237<\/p>","protected":false},"featured_media":166577,"comment_status":"open","ping_status":"closed","template":"","meta":[],"product_brand":[],"product_cat":[30927,30939,30949],"product_tag":[],"class_list":{"0":"post-166578","1":"product","2":"type-product","3":"status-publish","4":"has-post-thumbnail","6":"product_cat-bath","7":"product_cat-hotel-soaps-amenities","8":"product_cat-hotel-supplies","10":"first","11":"instock","12":"taxable","13":"shipping-taxable","14":"purchasable","15":"product-type-variable"},"_links":{"self":[{"href":"https:\/\/nexgendecors.com\/fr\/wp-json\/wp\/v2\/product\/166578","targetHints":{"allow":["GET"]}}],"collection":[{"href":"https:\/\/nexgendecors.com\/fr\/wp-json\/wp\/v2\/product"}],"about":[{"href":"https:\/\/nexgendecors.com\/fr\/wp-json\/wp\/v2\/types\/product"}],"replies":[{"embeddable":true,"href":"https:\/\/nexgendecors.com\/fr\/wp-json\/wp\/v2\/comments?post=166578"}],"version-history":[{"count":0,"href":"https:\/\/nexgendecors.com\/fr\/wp-json\/wp\/v2\/product\/166578\/revisions"}],"wp:featuredmedia":[{"embeddable":true,"href":"https:\/\/nexgendecors.com\/fr\/wp-json\/wp\/v2\/media\/166577"}],"wp:attachment":[{"href":"https:\/\/nexgendecors.com\/fr\/wp-json\/wp\/v2\/media?parent=166578"}],"wp:term":[{"taxonomy":"product_brand","embeddable":true,"href":"https:\/\/nexgendecors.com\/fr\/wp-json\/wp\/v2\/product_brand?post=166578"},{"taxonomy":"product_cat","embeddable":true,"href":"https:\/\/nexgendecors.com\/fr\/wp-json\/wp\/v2\/product_cat?post=166578"},{"taxonomy":"product_tag","embeddable":true,"href":"https:\/\/nexgendecors.com\/fr\/wp-json\/wp\/v2\/product_tag?post=166578"}],"curies":[{"name":"wp","href":"https:\/\/api.w.org\/{rel}","templated":true}]}}