{"id":166664,"date":"2025-02-23T08:59:02","date_gmt":"2025-02-23T08:59:02","guid":{"rendered":"https:\/\/nexgendecors.com\/en\/product\/waffle-hotel-guest-room-disposable-slippers-aviation-supplies-travel-commercial-home-hospitality-five-star\/"},"modified":"2025-04-06T10:01:11","modified_gmt":"2025-04-06T10:01:11","slug":"waffle-hotel-guest-room-disposable-slippers-aviation-supplies-travel-commercial-home-hospitality-five-star","status":"publish","type":"product","link":"https:\/\/nexgendecors.com\/fr\/product\/waffle-hotel-guest-room-disposable-slippers-aviation-supplies-travel-commercial-home-hospitality-five-star\/","title":{"rendered":"Chaussons jetables pour chambre d&#039;h\u00f4tel gaufr\u00e9, fournitures d&#039;aviation, voyage, commercial, accueil, h\u00f4tel cinq \u00e9toiles"},"content":{"rendered":"<p><b>marque<\/b>: ntoge<\/p>\n<p><b>taille<\/b>: Taille unique<\/p>\n<p><b>Import\u00e9 ou non<\/b>: Non<\/p>\n<p><b>Mat\u00e9riel<\/b>: Waffle<\/p>\n<p><b>Fonction<\/b>: Antid\u00e9rapant<\/p>\n<p><b>Impression du LOGO<\/b>: Peut<\/p>\n<p><b>Personnalisation du traitement<\/b>: Oui<\/p>\n<p><b>\u00e9paisseur<\/b>: 7 mm<\/p>\n<p><b>Num\u00e9ro de pi\u00e8ce<\/b>: Waffle slippers<\/p>\n<p><b>Origine nationale<\/b>: Province du Jiangsu<\/p>\n<p><b>Client\u00e8le cible<\/b>: G\u00e9n\u00e9ral<\/p>\n<p><b>mod\u00e8le<\/b>: Coutume<\/p>\n<p><b>Quantit\u00e9 par bo\u00eete<\/b>: 100<\/p>\n<p><b>Gamme de prix<\/b>: 1<\/p>\n<p><b>Poids brut<\/b>: 1<\/p>\n<p><b>Nombre<\/b>: 1<\/p>\n<p><b>couleur<\/b>: Rubber-soled waffle-edged slippers, half-waffle, full-waffle, waffle bread shoes<\/p>\n<p><b>Principales plateformes aval<\/b>: ebay, Amazon, wish, AliExpress, independent station, LAZADA<\/p>\n<p><b>Principaux domaines de vente<\/b>: Southeast Asia<\/p>\n<p><b>Qu&#039;il s&#039;agisse d&#039;une source d\u00e9di\u00e9e de marchandises destin\u00e9es \u00e0 l&#039;exportation transfrontali\u00e8re<\/b>: Oui<\/p>\n<p><b>Existe-t-il un brevet ?<\/b>: Non<\/p>","protected":false},"excerpt":{"rendered":"<p>Marque : ntoge Taille : Taille unique Import\u00e9 ou non : non Mat\u00e9riau : Gaufre Fonction : Antid\u00e9rapant Impression LOGO : Peut Personnalisation du traitement : oui \u00c9paisseur :<\/p>","protected":false},"featured_media":166663,"comment_status":"open","ping_status":"closed","template":"","meta":[],"product_brand":[],"product_cat":[30927,30941,30949],"product_tag":[],"class_list":{"0":"post-166664","1":"product","2":"type-product","3":"status-publish","4":"has-post-thumbnail","6":"product_cat-bath","7":"product_cat-hotel-robes-slippers","8":"product_cat-hotel-supplies","10":"first","11":"instock","12":"taxable","13":"shipping-taxable","14":"purchasable","15":"product-type-variable"},"_links":{"self":[{"href":"https:\/\/nexgendecors.com\/fr\/wp-json\/wp\/v2\/product\/166664","targetHints":{"allow":["GET"]}}],"collection":[{"href":"https:\/\/nexgendecors.com\/fr\/wp-json\/wp\/v2\/product"}],"about":[{"href":"https:\/\/nexgendecors.com\/fr\/wp-json\/wp\/v2\/types\/product"}],"replies":[{"embeddable":true,"href":"https:\/\/nexgendecors.com\/fr\/wp-json\/wp\/v2\/comments?post=166664"}],"version-history":[{"count":0,"href":"https:\/\/nexgendecors.com\/fr\/wp-json\/wp\/v2\/product\/166664\/revisions"}],"wp:featuredmedia":[{"embeddable":true,"href":"https:\/\/nexgendecors.com\/fr\/wp-json\/wp\/v2\/media\/166663"}],"wp:attachment":[{"href":"https:\/\/nexgendecors.com\/fr\/wp-json\/wp\/v2\/media?parent=166664"}],"wp:term":[{"taxonomy":"product_brand","embeddable":true,"href":"https:\/\/nexgendecors.com\/fr\/wp-json\/wp\/v2\/product_brand?post=166664"},{"taxonomy":"product_cat","embeddable":true,"href":"https:\/\/nexgendecors.com\/fr\/wp-json\/wp\/v2\/product_cat?post=166664"},{"taxonomy":"product_tag","embeddable":true,"href":"https:\/\/nexgendecors.com\/fr\/wp-json\/wp\/v2\/product_tag?post=166664"}],"curies":[{"name":"wp","href":"https:\/\/api.w.org\/{rel}","templated":true}]}}