{"id":166875,"date":"2025-02-23T10:22:55","date_gmt":"2025-02-23T10:22:55","guid":{"rendered":"https:\/\/nexgendecors.com\/en\/product\/family-room-high-end-childrens-portable-slippers-hotel-disposable-non-slip-thick-bottom-kindergarten-children-travel-indoor\/"},"modified":"2025-04-06T10:01:29","modified_gmt":"2025-04-06T10:01:29","slug":"family-room-high-end-childrens-portable-slippers-hotel-disposable-non-slip-thick-bottom-kindergarten-children-travel-indoor","status":"publish","type":"product","link":"https:\/\/nexgendecors.com\/fr\/product\/family-room-high-end-childrens-portable-slippers-hotel-disposable-non-slip-thick-bottom-kindergarten-children-travel-indoor\/","title":{"rendered":"Pantoufles portables haut de gamme pour enfants, pour chambre familiale, h\u00f4tel, jetables, antid\u00e9rapantes, semelle \u00e9paisse, pour enfants de la maternelle, voyage \u00e0 l&#039;int\u00e9rieur"},"content":{"rendered":"<p><b>\u54c1\u724c<\/b>: ntoge<\/p>\n<p><b>\u5c3a\u7801<\/b>: 22cm<\/p>\n<p><b>\u662f\u5426\u8fdb\u53e3<\/b>: \u5426<\/p>\n<p><b>\u6750\u8d28<\/b>: \u68c9\u9ebb<\/p>\n<p><b>\u529f\u80fd<\/b>: \u9632\u6ed1<\/p>\n<p><b>\u52a0\u5370LOGO<\/b>: \u53ef\u4ee5<\/p>\n<p><b>\u52a0\u5de5\u5b9a\u5236<\/b>: \u662f<\/p>\n<p><b>\u539a\u5ea6<\/b>: 7<\/p>\n<p><b>\u8d27\u53f7<\/b>: \u513f\u7ae5\u62d6\u978b\u7cfb\u5217<\/p>\n<p><b>\u4ea7\u5730\uff08\u56fd\u5185\uff09<\/b>: \u6c5f\u82cf\u7701<\/p>\n<p><b>\u9002\u7528\u5bf9\u8c61<\/b>: \u901a\u7528<\/p>\n<p><b>\u56fe\u6848<\/b>: \u5361\u901a<\/p>\n<p><b>\u7bb1\u88c5\u6570\u91cf<\/b>: 100<\/p>\n<p><b>\u4ef7\u683c\u6bb5<\/b>: 0.5\u5143-3.5\u5143<\/p>\n<p><b>\u6bdb\u91cd<\/b>: 0.08kg<\/p>\n<p><b>\u53ea\u6570<\/b>: 1<\/p>\n<p><b>\u989c\u8272<\/b>: \u9ebb\u5e03\u9576\u5e95\u62d6\u978b\u513f\u7ae5\u6b3e \u84dd\u8272,\u9ebb\u5e03\u9576\u5e95\u62d6\u978b\u513f\u7ae5\u6b3e \u7c89\u8272,\u5e06\u5e03\u732b\u5934\u9e70\u62d6\u978b,\u5e06\u5e03\u5c0f\u732b\u62d6\u978b,\u68c9\u9ebb\u7c89\u8272\u8001\u864e\u62d6\u978b,\u68c9\u9ebb\u84dd\u8272\u8001\u864e\u62d6\u978b,\u5c0f\u718a\u732b\u7ae5\u978b,\u7b11\u8138\u767d\u8272\u4eff\u68c9\u7ae5\u978b,\u957f\u9888\u9e7f\u4eff\u68c9\u7ae5\u978b,\u5272\u7ed2\u5c0f\u9ec4\u9e2d,\u73ca\u745a\u7ed2\u7eaf\u767d\u7ae5\u978b,\u6d32\u9645\u9152\u5e97\u540c\u6b3e\u5272\u7ed2\u7ae5\u978b,\u4e07\u8c6a\u9152\u5e97\u540c\u6b3e\u513f\u7ae5\u62d6\u978b<\/p>\n<p><b>\u4e3b\u8981\u4e0b\u6e38\u5e73\u53f0<\/b>: ebay,wish,\u901f\u5356\u901a,\u72ec\u7acb\u7ad9,LAZADA<\/p>\n<p><b>\u4e3b\u8981\u9500\u552e\u5730\u533a<\/b>: \u975e\u6d32,\u6b27\u6d32,\u5357\u7f8e,\u4e1c\u5357\u4e9a,\u5317\u7f8e,\u4e1c\u5317\u4e9a,\u4e2d\u4e1c<\/p>\n<p><b>\u6709\u53ef\u6388\u6743\u7684\u81ea\u6709\u54c1\u724c<\/b>: \u662f<\/p>\n<p><b>\u662f\u5426\u8de8\u5883\u51fa\u53e3\u4e13\u4f9b\u8d27\u6e90<\/b>: \u662f<\/p>\n<p><b>\u662f\u5426\u6709\u4e13\u5229<\/b>: \u5426<\/p>\n<p><b>\u98ce\u683c<\/b>: \u6ce2\u897f\u7c73\u4e9a<\/p>","protected":false},"excerpt":{"rendered":"<p>Taille: ntoge Taille: 22cm Taille: Taille: Taille: Taille: Taille: 7LOGO: Taille Taille: 7 Nom\u00a0: \u513f\u7ae5\u62d6\u978b\u7cfb\u5217 \u4ea7\u5730\uff08\u56fd\u5185\uff09\u00a0: \u6c5f\u82cf\u7701<\/p>","protected":false},"featured_media":166891,"comment_status":"open","ping_status":"closed","template":"","meta":[],"product_brand":[],"product_cat":[30927,30941,30949],"product_tag":[],"class_list":{"0":"post-166875","1":"product","2":"type-product","3":"status-publish","4":"has-post-thumbnail","6":"product_cat-bath","7":"product_cat-hotel-robes-slippers","8":"product_cat-hotel-supplies","10":"first","11":"instock","12":"taxable","13":"shipping-taxable","14":"purchasable","15":"product-type-variable"},"_links":{"self":[{"href":"https:\/\/nexgendecors.com\/fr\/wp-json\/wp\/v2\/product\/166875","targetHints":{"allow":["GET"]}}],"collection":[{"href":"https:\/\/nexgendecors.com\/fr\/wp-json\/wp\/v2\/product"}],"about":[{"href":"https:\/\/nexgendecors.com\/fr\/wp-json\/wp\/v2\/types\/product"}],"replies":[{"embeddable":true,"href":"https:\/\/nexgendecors.com\/fr\/wp-json\/wp\/v2\/comments?post=166875"}],"version-history":[{"count":0,"href":"https:\/\/nexgendecors.com\/fr\/wp-json\/wp\/v2\/product\/166875\/revisions"}],"wp:featuredmedia":[{"embeddable":true,"href":"https:\/\/nexgendecors.com\/fr\/wp-json\/wp\/v2\/media\/166891"}],"wp:attachment":[{"href":"https:\/\/nexgendecors.com\/fr\/wp-json\/wp\/v2\/media?parent=166875"}],"wp:term":[{"taxonomy":"product_brand","embeddable":true,"href":"https:\/\/nexgendecors.com\/fr\/wp-json\/wp\/v2\/product_brand?post=166875"},{"taxonomy":"product_cat","embeddable":true,"href":"https:\/\/nexgendecors.com\/fr\/wp-json\/wp\/v2\/product_cat?post=166875"},{"taxonomy":"product_tag","embeddable":true,"href":"https:\/\/nexgendecors.com\/fr\/wp-json\/wp\/v2\/product_tag?post=166875"}],"curies":[{"name":"wp","href":"https:\/\/api.w.org\/{rel}","templated":true}]}}