{"id":166919,"date":"2025-02-23T10:24:21","date_gmt":"2025-02-23T10:24:21","guid":{"rendered":"https:\/\/nexgendecors.com\/en\/product\/star-hotel-gold-stamping-card-box-bb-hotel-special-guest-room-disposable-supplies-toothbrush-set-wash-set-wholesale\/"},"modified":"2025-04-06T10:01:32","modified_gmt":"2025-04-06T10:01:32","slug":"star-hotel-gold-stamping-card-box-bb-hotel-special-guest-room-disposable-supplies-toothbrush-set-wash-set-wholesale","status":"publish","type":"product","link":"https:\/\/nexgendecors.com\/fr\/product\/star-hotel-gold-stamping-card-box-bb-hotel-special-guest-room-disposable-supplies-toothbrush-set-wash-set-wholesale\/","title":{"rendered":"Bo\u00eete \u00e0 cartes estampill\u00e9e dor\u00e9e pour h\u00f4tel Star, B&amp;B, chambre d&#039;h\u00f4tes sp\u00e9ciale, fournitures jetables, ensemble de brosses \u00e0 dents, ensemble de lavage, vente en gros"},"content":{"rendered":"<p><b>marque<\/b>: ntoge<\/p>\n<p><b>Client\u00e8le cible<\/b>: G\u00e9n\u00e9ral<\/p>\n<p><b>Import\u00e9 ou non<\/b>: Non<\/p>\n<p><b>Dur\u00e9e de conservation<\/b>: 24 mois<\/p>\n<p><b>Mat\u00e9riel<\/b>: Straw<\/p>\n<p><b>taille<\/b>: 1<\/p>\n<p><b>Poids brut<\/b>: 1<\/p>\n<p><b>utiliser<\/b>: Hotel Rooms<\/p>\n<p><b>Est-ce d\u00e9gradable ?<\/b>: Non<\/p>\n<p><b>Num\u00e9ro de pi\u00e8ce<\/b>: Urban hot stamping series<\/p>\n<p><b>Impression du LOGO<\/b>: Peut<\/p>\n<p><b>Personnalisation du traitement<\/b>: Oui<\/p>\n<p><b>mod\u00e8le<\/b>: Coutume<\/p>\n<p><b>Origine nationale<\/b>: Province du Jiangsu<\/p>\n<p><b>Quantit\u00e9 par bo\u00eete<\/b>: 1<\/p>\n<p><b>Gamme de prix<\/b>: 1<\/p>\n<p><b>Nombre<\/b>: 1<\/p>\n<p><b>couleur<\/b>: Toothbrush A, Toothbrush B, Comb, Shower Cap, Care Bag, Razor, Shoe Polish, Soap, Soap without Card Box, Fragrance Shampoo, Fragrance Shower Gel, Fragrance Conditioner, Fragrance Body Lotion<\/p>\n<p><b>Existe-t-il un brevet ?<\/b>: Non<\/p>","protected":false},"excerpt":{"rendered":"<p>Marque : ntoge Client\u00e8le cible : G\u00e9n\u00e9ral Import\u00e9 ou non : non Dur\u00e9e de conservation : 24 mois Mat\u00e9riau : Paille Taille : 1 Poids brut : 1<\/p>","protected":false},"featured_media":166918,"comment_status":"open","ping_status":"closed","template":"","meta":[],"product_brand":[],"product_cat":[30927,30939,30949],"product_tag":[],"class_list":{"0":"post-166919","1":"product","2":"type-product","3":"status-publish","4":"has-post-thumbnail","6":"product_cat-bath","7":"product_cat-hotel-soaps-amenities","8":"product_cat-hotel-supplies","10":"first","11":"instock","12":"taxable","13":"shipping-taxable","14":"purchasable","15":"product-type-variable"},"_links":{"self":[{"href":"https:\/\/nexgendecors.com\/fr\/wp-json\/wp\/v2\/product\/166919","targetHints":{"allow":["GET"]}}],"collection":[{"href":"https:\/\/nexgendecors.com\/fr\/wp-json\/wp\/v2\/product"}],"about":[{"href":"https:\/\/nexgendecors.com\/fr\/wp-json\/wp\/v2\/types\/product"}],"replies":[{"embeddable":true,"href":"https:\/\/nexgendecors.com\/fr\/wp-json\/wp\/v2\/comments?post=166919"}],"version-history":[{"count":0,"href":"https:\/\/nexgendecors.com\/fr\/wp-json\/wp\/v2\/product\/166919\/revisions"}],"wp:featuredmedia":[{"embeddable":true,"href":"https:\/\/nexgendecors.com\/fr\/wp-json\/wp\/v2\/media\/166918"}],"wp:attachment":[{"href":"https:\/\/nexgendecors.com\/fr\/wp-json\/wp\/v2\/media?parent=166919"}],"wp:term":[{"taxonomy":"product_brand","embeddable":true,"href":"https:\/\/nexgendecors.com\/fr\/wp-json\/wp\/v2\/product_brand?post=166919"},{"taxonomy":"product_cat","embeddable":true,"href":"https:\/\/nexgendecors.com\/fr\/wp-json\/wp\/v2\/product_cat?post=166919"},{"taxonomy":"product_tag","embeddable":true,"href":"https:\/\/nexgendecors.com\/fr\/wp-json\/wp\/v2\/product_tag?post=166919"}],"curies":[{"name":"wp","href":"https:\/\/api.w.org\/{rel}","templated":true}]}}