{"id":166943,"date":"2025-02-23T10:24:46","date_gmt":"2025-02-23T10:24:46","guid":{"rendered":"https:\/\/nexgendecors.com\/en\/product\/hotel-disposable-small-soap-hotel-special-toiletries-round-hand-washing-soap-wholesale-factory-customized-logo\/"},"modified":"2025-04-06T10:01:34","modified_gmt":"2025-04-06T10:01:34","slug":"hotel-disposable-small-soap-hotel-special-toiletries-round-hand-washing-soap-wholesale-factory-customized-logo","status":"publish","type":"product","link":"https:\/\/nexgendecors.com\/fr\/product\/hotel-disposable-small-soap-hotel-special-toiletries-round-hand-washing-soap-wholesale-factory-customized-logo\/","title":{"rendered":"Savon jetable pour h\u00f4tel, petit savon, articles de toilette sp\u00e9ciaux pour h\u00f4tel, savon rond pour le lavage des mains, vente en gros, usine personnalis\u00e9e avec LOGO"},"content":{"rendered":"<p><b>marque<\/b>: ntoge<\/p>\n<p><b>cat\u00e9gorie<\/b>: Disposable soap<\/p>\n<p><b>Import\u00e9 ou non<\/b>: Non<\/p>\n<p><b>Dur\u00e9e de conservation<\/b>: 3 years<\/p>\n<p><b>Fonction<\/b>: clean<\/p>\n<p><b>mod\u00e8le<\/b>: Simplicit\u00e9<\/p>\n<p><b>Mat\u00e9riel<\/b>: glycerin<\/p>\n<p><b>Num\u00e9ro de pi\u00e8ce<\/b>: RX<\/p>\n<p><b>Impression du LOGO<\/b>: Peut<\/p>\n<p><b>Personnalisation du traitement<\/b>: Oui<\/p>\n<p><b>Origine nationale<\/b>: Province du Jiangsu<\/p>\n<p><b>Poids brut<\/b>: 15g<\/p>\n<p><b>Quantit\u00e9 par bo\u00eete<\/b>: 1000<\/p>\n<p><b>Gamme de prix<\/b>: 0.1-0.5<\/p>\n<p><b>Nombre<\/b>: 1<\/p>\n<p><b>couleur<\/b>: 12g label small round soap, 15g label pearl film, 15g label flower kraft paper soap, 15g round pure soap label, 20g kraft paper bran pure soap, 25g massage bran soap<\/p>\n<p><b>Principales plateformes aval<\/b>: AliExpress,Independent Station,LAZADA,Other<\/p>\n<p><b>Principaux domaines de vente<\/b>: Southeast Asia, North America, Northeast Asia, Middle East, Others<\/p>\n<p><b>Avoir une marque priv\u00e9e sous licence<\/b>: Oui<\/p>\n<p><b>Qu&#039;il s&#039;agisse d&#039;une source d\u00e9di\u00e9e de marchandises destin\u00e9es \u00e0 l&#039;exportation transfrontali\u00e8re<\/b>: Oui<\/p>\n<p><b>Existe-t-il un brevet ?<\/b>: Non<\/p>\n<p><b>style<\/b>: Simplicit\u00e9<\/p>","protected":false},"excerpt":{"rendered":"<p>marque : ntoge cat\u00e9gorie : savon jetable import\u00e9 ou non : non dur\u00e9e de conservation : 3 ans fonction : nettoyer motif : simplicit\u00e9 mat\u00e9riau : glyc\u00e9rine pi\u00e8ce<\/p>","protected":false},"featured_media":166942,"comment_status":"open","ping_status":"closed","template":"","meta":[],"product_brand":[],"product_cat":[30927,30939,30949],"product_tag":[],"class_list":{"0":"post-166943","1":"product","2":"type-product","3":"status-publish","4":"has-post-thumbnail","6":"product_cat-bath","7":"product_cat-hotel-soaps-amenities","8":"product_cat-hotel-supplies","10":"first","11":"instock","12":"taxable","13":"shipping-taxable","14":"purchasable","15":"product-type-variable"},"_links":{"self":[{"href":"https:\/\/nexgendecors.com\/fr\/wp-json\/wp\/v2\/product\/166943","targetHints":{"allow":["GET"]}}],"collection":[{"href":"https:\/\/nexgendecors.com\/fr\/wp-json\/wp\/v2\/product"}],"about":[{"href":"https:\/\/nexgendecors.com\/fr\/wp-json\/wp\/v2\/types\/product"}],"replies":[{"embeddable":true,"href":"https:\/\/nexgendecors.com\/fr\/wp-json\/wp\/v2\/comments?post=166943"}],"version-history":[{"count":0,"href":"https:\/\/nexgendecors.com\/fr\/wp-json\/wp\/v2\/product\/166943\/revisions"}],"wp:featuredmedia":[{"embeddable":true,"href":"https:\/\/nexgendecors.com\/fr\/wp-json\/wp\/v2\/media\/166942"}],"wp:attachment":[{"href":"https:\/\/nexgendecors.com\/fr\/wp-json\/wp\/v2\/media?parent=166943"}],"wp:term":[{"taxonomy":"product_brand","embeddable":true,"href":"https:\/\/nexgendecors.com\/fr\/wp-json\/wp\/v2\/product_brand?post=166943"},{"taxonomy":"product_cat","embeddable":true,"href":"https:\/\/nexgendecors.com\/fr\/wp-json\/wp\/v2\/product_cat?post=166943"},{"taxonomy":"product_tag","embeddable":true,"href":"https:\/\/nexgendecors.com\/fr\/wp-json\/wp\/v2\/product_tag?post=166943"}],"curies":[{"name":"wp","href":"https:\/\/api.w.org\/{rel}","templated":true}]}}