{"id":167009,"date":"2025-02-23T10:26:12","date_gmt":"2025-02-23T10:26:12","guid":{"rendered":"https:\/\/nexgendecors.com\/en\/product\/20ml-hotel-disposable-shampoo-shower-gel-hotel-special-small-bottle-shampoo-shower-gel-wholesale\/"},"modified":"2025-04-06T10:01:37","modified_gmt":"2025-04-06T10:01:37","slug":"gel-douche-shampoing-jetable-pour-hotel-20-ml-petit-flacon-special-pour-hotel-vente-en-gros","status":"publish","type":"product","link":"https:\/\/nexgendecors.com\/fr\/product\/gel-douche-shampoing-jetable-pour-hotel-20-ml-petit-flacon-special-pour-hotel-vente-en-gros\/","title":{"rendered":"Gel douche shampoing jetable pour h\u00f4tel 20 ml, petit flacon sp\u00e9cial pour h\u00f4tel, vente en gros"},"content":{"rendered":"<p><b>marque<\/b>: ntoge<\/p>\n<p><b>cat\u00e9gorie<\/b>: Disposable shampoo<\/p>\n<p><b>Import\u00e9 ou non<\/b>: Non<\/p>\n<p><b>Dur\u00e9e de conservation<\/b>: 3 years<\/p>\n<p><b>taille<\/b>: 20ml<\/p>\n<p><b>Fonction<\/b>: clean<\/p>\n<p><b>\u00e9paisseur<\/b>: 20ml<\/p>\n<p><b>Client\u00e8le cible<\/b>: adulte<\/p>\n<p><b>mod\u00e8le<\/b>: Simplicit\u00e9<\/p>\n<p><b>Mat\u00e9riel<\/b>: Shampoo<\/p>\n<p><b>Num\u00e9ro de pi\u00e8ce<\/b>: 20ml white tea hose series<\/p>\n<p><b>Impression du LOGO<\/b>: Peut<\/p>\n<p><b>Personnalisation du traitement<\/b>: Oui<\/p>\n<p><b>Origine nationale<\/b>: Province du Jiangsu<\/p>\n<p><b>Poids brut<\/b>: 20g<\/p>\n<p><b>Quantit\u00e9 par bo\u00eete<\/b>: 500\/piece<\/p>\n<p><b>Gamme de prix<\/b>: 0.3<\/p>\n<p><b>Nombre<\/b>: 500pcs<\/p>\n<p><b>couleur<\/b>: 20ml shampoo, 20ml shower gel<\/p>\n<p><b>Principales plateformes aval<\/b>: ebay, amazon, wish, aliexpress, independent station, lazada, others<\/p>\n<p><b>Principaux domaines de vente<\/b>: Africa,Europe,South America,Southeast Asia,North America,Northeast Asia,Middle East,Other<\/p>\n<p><b>Avoir une marque priv\u00e9e sous licence<\/b>: Oui<\/p>\n<p><b>Qu&#039;il s&#039;agisse d&#039;une source d\u00e9di\u00e9e de marchandises destin\u00e9es \u00e0 l&#039;exportation transfrontali\u00e8re<\/b>: Oui<\/p>\n<p><b>Existe-t-il un brevet ?<\/b>: Non<\/p>\n<p><b>style<\/b>: Simplicit\u00e9<\/p>","protected":false},"excerpt":{"rendered":"<p>marque : ntoge cat\u00e9gorie : shampoing jetable Import\u00e9 ou non : non Dur\u00e9e de conservation : 3 ans taille : 20 ml Fonction : nettoyer \u00e9paisseur : 20 ml Cible<\/p>","protected":false},"featured_media":167008,"comment_status":"open","ping_status":"closed","template":"","meta":[],"product_brand":[],"product_cat":[30927,30939,30949],"product_tag":[],"class_list":{"0":"post-167009","1":"product","2":"type-product","3":"status-publish","4":"has-post-thumbnail","6":"product_cat-bath","7":"product_cat-hotel-soaps-amenities","8":"product_cat-hotel-supplies","10":"first","11":"instock","12":"taxable","13":"shipping-taxable","14":"purchasable","15":"product-type-variable"},"_links":{"self":[{"href":"https:\/\/nexgendecors.com\/fr\/wp-json\/wp\/v2\/product\/167009","targetHints":{"allow":["GET"]}}],"collection":[{"href":"https:\/\/nexgendecors.com\/fr\/wp-json\/wp\/v2\/product"}],"about":[{"href":"https:\/\/nexgendecors.com\/fr\/wp-json\/wp\/v2\/types\/product"}],"replies":[{"embeddable":true,"href":"https:\/\/nexgendecors.com\/fr\/wp-json\/wp\/v2\/comments?post=167009"}],"version-history":[{"count":0,"href":"https:\/\/nexgendecors.com\/fr\/wp-json\/wp\/v2\/product\/167009\/revisions"}],"wp:featuredmedia":[{"embeddable":true,"href":"https:\/\/nexgendecors.com\/fr\/wp-json\/wp\/v2\/media\/167008"}],"wp:attachment":[{"href":"https:\/\/nexgendecors.com\/fr\/wp-json\/wp\/v2\/media?parent=167009"}],"wp:term":[{"taxonomy":"product_brand","embeddable":true,"href":"https:\/\/nexgendecors.com\/fr\/wp-json\/wp\/v2\/product_brand?post=167009"},{"taxonomy":"product_cat","embeddable":true,"href":"https:\/\/nexgendecors.com\/fr\/wp-json\/wp\/v2\/product_cat?post=167009"},{"taxonomy":"product_tag","embeddable":true,"href":"https:\/\/nexgendecors.com\/fr\/wp-json\/wp\/v2\/product_tag?post=167009"}],"curies":[{"name":"wp","href":"https:\/\/api.w.org\/{rel}","templated":true}]}}