{"id":167144,"date":"2025-02-23T10:32:03","date_gmt":"2025-02-23T10:32:03","guid":{"rendered":"https:\/\/nexgendecors.com\/en\/product\/disposable-razor-razor-with-cream-manual-hotel-bathing-set-supplies-beard-cream-manufacturer-portable-wholesale\/"},"modified":"2025-04-06T10:01:45","modified_gmt":"2025-04-06T10:01:45","slug":"disposable-razor-razor-with-cream-manual-hotel-bathing-set-supplies-beard-cream-manufacturer-portable-wholesale","status":"publish","type":"product","link":"https:\/\/nexgendecors.com\/fr\/product\/disposable-razor-razor-with-cream-manual-hotel-bathing-set-supplies-beard-cream-manufacturer-portable-wholesale\/","title":{"rendered":"Rasoir jetable avec cr\u00e8me, kit de bain manuel pour h\u00f4tel, fournitures, fabricant de cr\u00e8me \u00e0 barbe, vente en gros portable"},"content":{"rendered":"<p><b>\u7c7b\u522b<\/b>: \u4e00\u6b21\u6027\u5243\u987b\u5200<\/p>\n<p><b>\u54c1\u724c<\/b>: ntoge<\/p>\n<p><b>\u662f\u5426\u8fdb\u53e3<\/b>: \u5426<\/p>\n<p><b>\u662f\u5426\u542b\u5200\u7247<\/b>: \u662f<\/p>\n<p><b>\u5200\u67c4\u6750\u8d28<\/b>: \u5851\u6599<\/p>\n<p><b>\u5851\u6599<\/b>: PP\/\u767e\u6298\u80f6<\/p>\n<p><b>\u5168\u56fd\u5de5\u4e1a\u751f\u4ea7\u8bb8\u53ef\u8bc1\u7f16\u53f7<\/b>: A01<\/p>\n<p><b>\u5200\u7247\u6750\u8d28<\/b>: \u4e0d\u9508\u94a2<\/p>\n<p><b>\u52a0\u5370LOGO<\/b>: \u53ef\u4ee5<\/p>\n<p><b>\u52a0\u5de5\u5b9a\u5236<\/b>: \u662f<\/p>\n<p><b>\u8d27\u53f7<\/b>: \u4e00\u6b21\u6027\u5243\u987b\u5200<\/p>\n<p><b>\u4ea7\u5730\uff08\u56fd\u5185\uff09<\/b>: \u6c5f\u82cf\u7701<\/p>\n<p><b>\u7bb1\u88c5\u6570\u91cf<\/b>: 1000<\/p>\n<p><b>\u6e05\u6d17\u7c7b\u578b<\/b>: \u5168\u8eab\u6c34\u6d17<\/p>\n<p><b>\u4ef7\u683c\u6bb5<\/b>: 1<\/p>\n<p><b>\u5c3a\u5bf8<\/b>: 1<\/p>\n<p><b>\u6bdb\u91cd<\/b>: 1<\/p>\n<p><b>\u53ea\u6570<\/b>: 1<\/p>\n<p><b>\u989c\u8272<\/b>: A\u6b3e\u5243\u987b\u5200-OPP\u888b\u88c5\u65e0\u987b\u818f,B\u6b3e\u5243\u987b\u5200-OPP\u888b\u88c5\u65e0\u987b\u818f,C\u6b3e\u5243\u987b\u5200-OPP\u888b\u88c5\u65e0\u987b\u818f,D\u6b3e\u5243\u987b\u5200-OPP\u888b\u88c5\u65e0\u987b\u818f,E\u6b3e\u5243\u987b\u5200-OPP\u888b\u88c5\u65e0\u987b\u818f,F\u6b3e\u5243\u987b\u5200-OPP\u888b\u88c5\u542b4\u514b\u987b\u818f,H\u6b3e\u5243\u987b\u5200-OPP\u888b\u88c5\u542b10\u514b\u987b\u818f,I\u6b3e\u5243\u987b\u5200-OPP\u888b\u88c5\u542b10\u514b\u987b\u818f,C\u6b3e\u78b3\u94a2\u5243\u987b\u5200-\u8f6f\u819c\u888b\u88c5\u542b4\u514b\u987b\u818f,D\u6b3e\u5243\u987b\u5200-OPP\u888b\u88c5\u542b10\u514b\u987b\u818f,E\u6b3e\u5243\u987b\u5200-OPP\u888b\u88c5\u542b10\u514b\u987b\u818f,F\u6b3e\u5243\u987b\u5200-\u8f6f\u819c\u888b\u88c5\u542b10\u514b\u987b\u818f,G\u6b3e\u5243\u987b\u5200-OPP\u888b\u88c5\u65e0\u987b\u818f,\u6728\u67c4\u5243\u987b\u5200-\u8f6f\u819c\u888b\u88c5\u65e0\u987b\u818f,\u987b\u818f4\u514b,\u987b\u818f10\u514b,\u77f3\u5934\u7eb8\u4e09\u8fb9\u5c01\u5243\u987b\u5200\u5957\u88c5,\u53e4\u98ce\u5c71\u6c34\u5361\u76d2\u5243\u987b\u5200\u5957\u88c5,\u6c34\u4ed9\u5361\u76d2\u5243\u987b\u5200\u5957\u88c5,\u53e4\u8bd7\u8bcd\u5361\u76d2\u5243\u987b\u5200\u5957\u88c5,\u7b80\u7ea6\u725b\u76ae\u7eb8\u5243\u987b\u5200\u5957\u88c5,\u5730\u4e2d\u6d77\u5361\u76d2\u5243\u987b\u5200\u5957\u88c5,\u70eb\u91d1\u5361\u76d2\u5243\u987b\u5200\u5957\u88c5,\u82b1\u8bed\u5361\u76d2\u5243\u987b\u5200\u5957\u88c5,\u725b\u76ae\u7eb8\u4e09\u8fb9\u5c01\u5243\u987b\u5200\u5957\u88c5,\u767d\u8272\u4e09\u8fb9\u5c01\u5243\u987b\u5200\u5957\u88c5,\u73b0\u4ee3\u8f7b\u5962\u5361\u76d2\u5243\u987b\u5200\u5957\u88c5<\/p>\n<p><b>\u4e3b\u8981\u4e0b\u6e38\u5e73\u53f0<\/b>: \u4e9a\u9a6c\u900a<\/p>\n<p><b>\u4e3b\u8981\u9500\u552e\u5730\u533a<\/b>: \u5317\u7f8e<\/p>\n<p><b>\u6709\u53ef\u6388\u6743\u7684\u81ea\u6709\u54c1\u724c<\/b>: \u662f<\/p>\n<p><b>\u662f\u5426\u8de8\u5883\u51fa\u53e3\u4e13\u4f9b\u8d27\u6e90<\/b>: \u662f<\/p>\n<p><b>\u662f\u5426\u6709\u4e13\u5229<\/b>: \u5426<\/p>\n<p><b>\u98ce\u683c<\/b>: \u7b80\u7ea6<\/p>","protected":false},"excerpt":{"rendered":"<p>Nom\u00a0: \u4e00\u6b21\u6027\u5243\u987b\u5200 Nom du produit: ntoge Nom du produit: \u5426 \u662f\u5426\u542b\u5200\u7247: Nom du produit: Nom du produit: PP\/\u767e\u6298\u80f6Nom du produit: A01 Nom du produit: \u4e0d\u9508\u94a2 \u52a0\u5370LOGO: Nom du produit: \u662f<\/p>","protected":false},"featured_media":167143,"comment_status":"open","ping_status":"closed","template":"","meta":[],"product_brand":[],"product_cat":[30927,30939,30949],"product_tag":[],"class_list":{"0":"post-167144","1":"product","2":"type-product","3":"status-publish","4":"has-post-thumbnail","6":"product_cat-bath","7":"product_cat-hotel-soaps-amenities","8":"product_cat-hotel-supplies","10":"first","11":"instock","12":"taxable","13":"shipping-taxable","14":"purchasable","15":"product-type-variable"},"_links":{"self":[{"href":"https:\/\/nexgendecors.com\/fr\/wp-json\/wp\/v2\/product\/167144","targetHints":{"allow":["GET"]}}],"collection":[{"href":"https:\/\/nexgendecors.com\/fr\/wp-json\/wp\/v2\/product"}],"about":[{"href":"https:\/\/nexgendecors.com\/fr\/wp-json\/wp\/v2\/types\/product"}],"replies":[{"embeddable":true,"href":"https:\/\/nexgendecors.com\/fr\/wp-json\/wp\/v2\/comments?post=167144"}],"version-history":[{"count":0,"href":"https:\/\/nexgendecors.com\/fr\/wp-json\/wp\/v2\/product\/167144\/revisions"}],"wp:featuredmedia":[{"embeddable":true,"href":"https:\/\/nexgendecors.com\/fr\/wp-json\/wp\/v2\/media\/167143"}],"wp:attachment":[{"href":"https:\/\/nexgendecors.com\/fr\/wp-json\/wp\/v2\/media?parent=167144"}],"wp:term":[{"taxonomy":"product_brand","embeddable":true,"href":"https:\/\/nexgendecors.com\/fr\/wp-json\/wp\/v2\/product_brand?post=167144"},{"taxonomy":"product_cat","embeddable":true,"href":"https:\/\/nexgendecors.com\/fr\/wp-json\/wp\/v2\/product_cat?post=167144"},{"taxonomy":"product_tag","embeddable":true,"href":"https:\/\/nexgendecors.com\/fr\/wp-json\/wp\/v2\/product_tag?post=167144"}],"curies":[{"name":"wp","href":"https:\/\/api.w.org\/{rel}","templated":true}]}}