{"id":167194,"date":"2025-02-23T10:32:54","date_gmt":"2025-02-23T10:32:54","guid":{"rendered":"https:\/\/nexgendecors.com\/en\/product\/star-hotel-modern-light-luxury-toiletries-set-card-box-hotel-homestay-disposable-toothbrush-comb-razor\/"},"modified":"2025-04-06T10:01:48","modified_gmt":"2025-04-06T10:01:48","slug":"star-hotel-modern-light-luxury-toiletries-set-card-box-hotel-homestay-disposable-toothbrush-comb-razor","status":"publish","type":"product","link":"https:\/\/nexgendecors.com\/fr\/product\/star-hotel-modern-light-luxury-toiletries-set-card-box-hotel-homestay-disposable-toothbrush-comb-razor\/","title":{"rendered":"Ensemble de toilette de luxe moderne et l\u00e9ger pour h\u00f4tel Star, bo\u00eete \u00e0 cartes, h\u00f4tel, s\u00e9jour chez l&#039;habitant, brosse \u00e0 dents jetable, peigne, rasoir"},"content":{"rendered":"<p><b>\u54c1\u724c<\/b>: ntoge<\/p>\n<p><b>\u662f\u5426\u8fdb\u53e3<\/b>: \u5426<\/p>\n<p><b>\u6750\u8d28<\/b>: \u5176\u4ed6<\/p>\n<p><b>\u6bdb\u91cd<\/b>: \u8be2\u95ee\u5ba2\u670d<\/p>\n<p><b>\u7528\u9014<\/b>: \u9152\u5e97\u7528\u54c1<\/p>\n<p><b>\u662f\u5426\u53ef\u964d\u89e3<\/b>: \u5426<\/p>\n<p><b>\u8d27\u53f7<\/b>: EPI-TZ07<\/p>\n<p><b>\u52a0\u5370LOGO<\/b>: \u53ef\u4ee5<\/p>\n<p><b>\u52a0\u5de5\u5b9a\u5236<\/b>: \u662f<\/p>\n<p><b>\u56fe\u6848<\/b>: \u8be2\u95ee\u5ba2\u670d<\/p>\n<p><b>\u4ea7\u5730\uff08\u56fd\u5185\uff09<\/b>: \u6c5f\u82cf\u7701<\/p>\n<p><b>\u7bb1\u88c5\u6570\u91cf<\/b>: 1000<\/p>\n<p><b>\u4ef7\u683c\u6bb5<\/b>: \u8be2\u95ee\u5ba2\u670d<\/p>\n<p><b>\u989c\u8272<\/b>: \u9ed1\u8272\u78e8\u7802\u9632\u6ed1\u7af9\u70ad\u8f6f\u6bdb\u7259\u5177,\u767d\u8272\u78e8\u7802\u9632\u6ed1\u78e8\u5c16\u8f6f\u6bdb\u7259\u5177,\u9ed1\u8272\u78e8\u7802\u68b3\u5b50,\u9ad8\u538b\u6298\u53e0\u6d74\u5e3d,\u9ed1\u8272\u62f1\u5f62\u53cc\u5c42\u4e0d\u9508\u94a2\u5243\u987b\u5200+10g\u5243\u987b\u818f,6\u7ebf1\u94881\u94dc\u522b\u94882\u767d\u8272\u6709\u673a\u6263,2\u7247\u5706\u5f62\u68c9\u7247+4\u652f\u5851\u6599\u68c9\u7b7e+1\u6839\u7ea2\u82727.8cm\u957f\u6307\u7532\u9509,\u624b\u6307\u578b\u6c34\u6d17\u5e03\u64e6\u978b\u5e03,15\u514b\u5706\u7682,30ml\u99a5\u90c1\u9999\u6c1b\u6d17\u53d1\u6c34,30ml\u99a5\u90c1\u9999\u6c1b\u6c90\u6d74\u9732,30ml\u99a5\u90c1\u9999\u6c1b\u62a4\u53d1\u7d20,30ml\u99a5\u90c1\u9999\u6c1b\u6da6\u80a4\u9732,EPE\u9632\u6ed1\u690d\u7269\u7ea4\u7ef4\u62d6\u978b\u767d\u8fb9,EPE\u9632\u6ed1\u690d\u7269\u7ea4\u7ef4\u62d6\u978b\u7070\u8fb9,\u73ca\u745a\u7ed2\u62d6\u978b \u767d\u8272,\u73ca\u745a\u7ed2\u62d6\u978b \u7070\u8fb9,\u73ca\u745a\u7ed2\u9ec4\u82726mmEPE\u9632\u6ed1\u65e0\u5473\u5e95,\u73ca\u745a\u7ed2\u767d\u82726mmEPE\u9632\u6ed1\u65e0\u5473\u5e95<\/p>\n<p><b>\u4e3b\u8981\u4e0b\u6e38\u5e73\u53f0<\/b>: \u72ec\u7acb\u7ad9<\/p>\n<p><b>\u4e3b\u8981\u9500\u552e\u5730\u533a<\/b>: \u6b27\u6d32<\/p>\n<p><b>\u6709\u53ef\u6388\u6743\u7684\u81ea\u6709\u54c1\u724c<\/b>: \u662f<\/p>\n<p><b>\u662f\u5426\u8de8\u5883\u51fa\u53e3\u4e13\u4f9b\u8d27\u6e90<\/b>: \u662f<\/p>\n<p><b>\u662f\u5426\u6709\u4e13\u5229<\/b>: \u5426<\/p>","protected":false},"excerpt":{"rendered":"<p>Nom: ntoge Nom du produit: Nom du produit: Nom du produit: Nom du produit: Nom du produit: Num\u00e9ro du mod\u00e8le: EPI-TZ07 Logo du fabricant : Nom du produit : Nom du produit : Nom du produit<\/p>","protected":false},"featured_media":167193,"comment_status":"open","ping_status":"closed","template":"","meta":[],"product_brand":[],"product_cat":[30927,30939,30949],"product_tag":[],"class_list":{"0":"post-167194","1":"product","2":"type-product","3":"status-publish","4":"has-post-thumbnail","6":"product_cat-bath","7":"product_cat-hotel-soaps-amenities","8":"product_cat-hotel-supplies","10":"first","11":"instock","12":"taxable","13":"shipping-taxable","14":"purchasable","15":"product-type-variable"},"_links":{"self":[{"href":"https:\/\/nexgendecors.com\/fr\/wp-json\/wp\/v2\/product\/167194","targetHints":{"allow":["GET"]}}],"collection":[{"href":"https:\/\/nexgendecors.com\/fr\/wp-json\/wp\/v2\/product"}],"about":[{"href":"https:\/\/nexgendecors.com\/fr\/wp-json\/wp\/v2\/types\/product"}],"replies":[{"embeddable":true,"href":"https:\/\/nexgendecors.com\/fr\/wp-json\/wp\/v2\/comments?post=167194"}],"version-history":[{"count":0,"href":"https:\/\/nexgendecors.com\/fr\/wp-json\/wp\/v2\/product\/167194\/revisions"}],"wp:featuredmedia":[{"embeddable":true,"href":"https:\/\/nexgendecors.com\/fr\/wp-json\/wp\/v2\/media\/167193"}],"wp:attachment":[{"href":"https:\/\/nexgendecors.com\/fr\/wp-json\/wp\/v2\/media?parent=167194"}],"wp:term":[{"taxonomy":"product_brand","embeddable":true,"href":"https:\/\/nexgendecors.com\/fr\/wp-json\/wp\/v2\/product_brand?post=167194"},{"taxonomy":"product_cat","embeddable":true,"href":"https:\/\/nexgendecors.com\/fr\/wp-json\/wp\/v2\/product_cat?post=167194"},{"taxonomy":"product_tag","embeddable":true,"href":"https:\/\/nexgendecors.com\/fr\/wp-json\/wp\/v2\/product_tag?post=167194"}],"curies":[{"name":"wp","href":"https:\/\/api.w.org\/{rel}","templated":true}]}}