{"id":167286,"date":"2025-02-23T10:34:41","date_gmt":"2025-02-23T10:34:41","guid":{"rendered":"https:\/\/nexgendecors.com\/en\/product\/hotel-special-toiletries-guest-room-hotel-disposable-toothbrush-homestay-hospitality-wholesale-soft-hair-set\/"},"modified":"2025-02-23T10:35:48","modified_gmt":"2025-02-23T10:35:48","slug":"hotel-special-toiletries-guest-room-hotel-disposable-toothbrush-homestay-hospitality-wholesale-soft-hair-set","status":"publish","type":"product","link":"https:\/\/nexgendecors.com\/fr\/product\/hotel-special-toiletries-guest-room-hotel-disposable-toothbrush-homestay-hospitality-wholesale-soft-hair-set\/","title":{"rendered":"Articles de toilette sp\u00e9ciaux pour h\u00f4tel, chambre d&#039;h\u00f4tes, brosse \u00e0 dents jetable, hospitalit\u00e9 chez l&#039;habitant, vente en gros, ensemble de cheveux doux"},"content":{"rendered":"<p><b>marque<\/b>: ntoge<\/p>\n<p><b>Client\u00e8le cible<\/b>: adulte<\/p>\n<p><b>Import\u00e9 ou non<\/b>: Non<\/p>\n<p><b>Dur\u00e9e de conservation<\/b>: 24 mois<\/p>\n<p><b>Mat\u00e9riel<\/b>: plastique<\/p>\n<p><b>plastic<\/b>: PU\/Polyurethane<\/p>\n<p><b>taille<\/b>: 1<\/p>\n<p><b>Poids brut<\/b>: 1<\/p>\n<p><b>utiliser<\/b>: 1<\/p>\n<p><b>Est-ce d\u00e9gradable ?<\/b>: Non<\/p>\n<p><b>Num\u00e9ro de pi\u00e8ce<\/b>: Disposable toothbrush<\/p>\n<p><b>Impression du LOGO<\/b>: Peut<\/p>\n<p><b>Personnalisation du traitement<\/b>: Oui<\/p>\n<p><b>mod\u00e8le<\/b>: 1<\/p>\n<p><b>Quantit\u00e9 par bo\u00eete<\/b>: 1<\/p>\n<p><b>Gamme de prix<\/b>: 1<\/p>\n<p><b>Nombre<\/b>: 1<\/p>\n<p><b>couleur<\/b>: New soft-bristled toothbrush 3g Jinmei toothpaste, soft-film straw rice Jinmei toothpaste, soft-film straw green Jinmei toothpaste, soft-film straw national style Jinmei toothpaste, soft-film straw thick rice 3g toothpaste, soft-film straw green 3g toothpaste, soft-film straw thick green 3g toothpaste, soft-film straw rice macaron 3g toothpaste, soft-bristled yellow toothbrush Chinese toothpaste, two-color toothbrush home-like Jinmei toothpaste, home-like jade toothbrush Qingchen toothpaste, home-like back empty toothbrush Qingchen toothpaste, soft film High-end small-head toothbrush 3 grams of toothpaste, straw wheat-colored toothbrush Amei toothpaste, straw white toothbrush Amei toothpaste, thin color empty back toothbrush Jinmei smiles, thick color film two-color empty back brush Jinmei toothpaste, thick color film white snake head toothbrush Jinmei toothpaste, two-color toothbrush fresh film Jinmei toothpaste, thick color film two-color toothbrush 3 grams of toothpaste, transparent opp empty back toothbrush Xianyi toothpaste, two-color toothbrush exquisite film Jinmei toothpaste, opp empty back toothbrush, opp two-color toothbrush no toothpaste<\/p>\n<p><b>Qu&#039;il s&#039;agisse d&#039;une source d\u00e9di\u00e9e de marchandises destin\u00e9es \u00e0 l&#039;exportation transfrontali\u00e8re<\/b>: Non<\/p>\n<p><b>Existe-t-il un brevet ?<\/b>: Non<\/p>","protected":false},"excerpt":{"rendered":"<p>Marque : ntoge Client\u00e8le cible : adultes Import\u00e9 ou non : non Dur\u00e9e de conservation : 24 mois Mat\u00e9riau : plastique plastique : PU\/Polyur\u00e9thane Taille : 1 Brut<\/p>","protected":false},"featured_media":167285,"comment_status":"open","ping_status":"closed","template":"","meta":[],"product_brand":[],"product_cat":[30927,30939,30949],"product_tag":[],"class_list":{"0":"post-167286","1":"product","2":"type-product","3":"status-publish","4":"has-post-thumbnail","6":"product_cat-bath","7":"product_cat-hotel-soaps-amenities","8":"product_cat-hotel-supplies","10":"first","11":"instock","12":"taxable","13":"shipping-taxable","14":"purchasable","15":"product-type-variable"},"_links":{"self":[{"href":"https:\/\/nexgendecors.com\/fr\/wp-json\/wp\/v2\/product\/167286","targetHints":{"allow":["GET"]}}],"collection":[{"href":"https:\/\/nexgendecors.com\/fr\/wp-json\/wp\/v2\/product"}],"about":[{"href":"https:\/\/nexgendecors.com\/fr\/wp-json\/wp\/v2\/types\/product"}],"replies":[{"embeddable":true,"href":"https:\/\/nexgendecors.com\/fr\/wp-json\/wp\/v2\/comments?post=167286"}],"version-history":[{"count":0,"href":"https:\/\/nexgendecors.com\/fr\/wp-json\/wp\/v2\/product\/167286\/revisions"}],"wp:featuredmedia":[{"embeddable":true,"href":"https:\/\/nexgendecors.com\/fr\/wp-json\/wp\/v2\/media\/167285"}],"wp:attachment":[{"href":"https:\/\/nexgendecors.com\/fr\/wp-json\/wp\/v2\/media?parent=167286"}],"wp:term":[{"taxonomy":"product_brand","embeddable":true,"href":"https:\/\/nexgendecors.com\/fr\/wp-json\/wp\/v2\/product_brand?post=167286"},{"taxonomy":"product_cat","embeddable":true,"href":"https:\/\/nexgendecors.com\/fr\/wp-json\/wp\/v2\/product_cat?post=167286"},{"taxonomy":"product_tag","embeddable":true,"href":"https:\/\/nexgendecors.com\/fr\/wp-json\/wp\/v2\/product_tag?post=167286"}],"curies":[{"name":"wp","href":"https:\/\/api.w.org\/{rel}","templated":true}]}}