{"id":167410,"date":"2025-02-23T10:41:38","date_gmt":"2025-02-23T10:41:38","guid":{"rendered":"https:\/\/nexgendecors.com\/en\/product\/hotel-disposable-toiletries-set-homestay-inn-hotel-kraft-paper-card-box-toothbrush-manufacturer-wholesale-logo\/"},"modified":"2025-04-06T10:01:57","modified_gmt":"2025-04-06T10:01:57","slug":"hotel-disposable-toiletries-set-homestay-inn-hotel-kraft-paper-card-box-toothbrush-manufacturer-wholesale-logo","status":"publish","type":"product","link":"https:\/\/nexgendecors.com\/fr\/product\/hotel-disposable-toiletries-set-homestay-inn-hotel-kraft-paper-card-box-toothbrush-manufacturer-wholesale-logo\/","title":{"rendered":"Ensemble de toilette jetable pour h\u00f4tel, auberge, h\u00f4tel, bo\u00eete en papier kraft, fabricant de brosses \u00e0 dents, vente en gros, LOGO"},"content":{"rendered":"<p><b>marque<\/b>: ntoge<\/p>\n<p><b>Client\u00e8le cible<\/b>: G\u00e9n\u00e9ral<\/p>\n<p><b>Import\u00e9 ou non<\/b>: Non<\/p>\n<p><b>Dur\u00e9e de conservation<\/b>: 24 mois<\/p>\n<p><b>Mat\u00e9riel<\/b>: Straw<\/p>\n<p><b>taille<\/b>: 17*3cm<\/p>\n<p><b>Poids brut<\/b>: 10g<\/p>\n<p><b>utiliser<\/b>: Wash up<\/p>\n<p><b>Est-ce d\u00e9gradable ?<\/b>: Non<\/p>\n<p><b>Num\u00e9ro de pi\u00e8ce<\/b>: Simple Kraft Paper Card Box Series<\/p>\n<p><b>Impression du LOGO<\/b>: Peut<\/p>\n<p><b>Personnalisation du traitement<\/b>: Oui<\/p>\n<p><b>mod\u00e8le<\/b>: Simplicit\u00e9<\/p>\n<p><b>Origine nationale<\/b>: Province du Jiangsu<\/p>\n<p><b>Quantit\u00e9 par bo\u00eete<\/b>: 1000<\/p>\n<p><b>Gamme de prix<\/b>: 0.2-2 yuan<\/p>\n<p><b>Nombre<\/b>: 1 ensemble<\/p>\n<p><b>couleur<\/b>: Toothbrush A straw toothbrush + 3g Zhonghua, Toothbrush B starch toothbrush + 3g Zhonghua, Comb, Shaving Set, Shower Cap, Care Bag, White Tea Fragrance Shampoo, White Tea Fragrance Shower Gel, White Tea Fragrance Conditioner, White Tea Fragrance Body Lotion, Tanyun Shampoo, Tanyun Shower Gel, 15g Labeled Kraft Paper Soap, 20g Kraft Paper Bran Soap, Bran Massage Soap, Shoe Polishing Cloth, [Recommended] B&amp;B Thick Canvas Slippers, Cotton Canvas Slippers with Bottom, Cotton Canvas Slippers with Edge, Plant Fiber Anti-slip Slippers with White Edge, Plant Fiber Anti-slip Slippers with Gray Edge, Coral Fleece Yellow 6mmEPE Anti-slip Odorless Bottom, Coral Fleece White 6mmEPE Anti-slip Odorless Bottom<\/p>\n<p><b>Principales plateformes aval<\/b>: Amazon, wish, AliExpress, others<\/p>\n<p><b>Principaux domaines de vente<\/b>: Africa, Europe, South America, Northeast Asia<\/p>\n<p><b>Avoir une marque priv\u00e9e sous licence<\/b>: Oui<\/p>\n<p><b>Qu&#039;il s&#039;agisse d&#039;une source d\u00e9di\u00e9e de marchandises destin\u00e9es \u00e0 l&#039;exportation transfrontali\u00e8re<\/b>: Oui<\/p>\n<p><b>Existe-t-il un brevet ?<\/b>: Non<\/p>\n<p><b>style<\/b>: Simplicit\u00e9<\/p>","protected":false},"excerpt":{"rendered":"<p>Marque : ntoge Client\u00e8le cible : G\u00e9n\u00e9ral Import\u00e9 ou non : non Dur\u00e9e de conservation : 24 mois Mat\u00e9riau : Paille Taille : 17*3cm Poids brut : 10g<\/p>","protected":false},"featured_media":167409,"comment_status":"open","ping_status":"closed","template":"","meta":[],"product_brand":[],"product_cat":[30927,30939,30949],"product_tag":[],"class_list":{"0":"post-167410","1":"product","2":"type-product","3":"status-publish","4":"has-post-thumbnail","6":"product_cat-bath","7":"product_cat-hotel-soaps-amenities","8":"product_cat-hotel-supplies","10":"first","11":"instock","12":"taxable","13":"shipping-taxable","14":"purchasable","15":"product-type-variable"},"_links":{"self":[{"href":"https:\/\/nexgendecors.com\/fr\/wp-json\/wp\/v2\/product\/167410","targetHints":{"allow":["GET"]}}],"collection":[{"href":"https:\/\/nexgendecors.com\/fr\/wp-json\/wp\/v2\/product"}],"about":[{"href":"https:\/\/nexgendecors.com\/fr\/wp-json\/wp\/v2\/types\/product"}],"replies":[{"embeddable":true,"href":"https:\/\/nexgendecors.com\/fr\/wp-json\/wp\/v2\/comments?post=167410"}],"version-history":[{"count":0,"href":"https:\/\/nexgendecors.com\/fr\/wp-json\/wp\/v2\/product\/167410\/revisions"}],"wp:featuredmedia":[{"embeddable":true,"href":"https:\/\/nexgendecors.com\/fr\/wp-json\/wp\/v2\/media\/167409"}],"wp:attachment":[{"href":"https:\/\/nexgendecors.com\/fr\/wp-json\/wp\/v2\/media?parent=167410"}],"wp:term":[{"taxonomy":"product_brand","embeddable":true,"href":"https:\/\/nexgendecors.com\/fr\/wp-json\/wp\/v2\/product_brand?post=167410"},{"taxonomy":"product_cat","embeddable":true,"href":"https:\/\/nexgendecors.com\/fr\/wp-json\/wp\/v2\/product_cat?post=167410"},{"taxonomy":"product_tag","embeddable":true,"href":"https:\/\/nexgendecors.com\/fr\/wp-json\/wp\/v2\/product_tag?post=167410"}],"curies":[{"name":"wp","href":"https:\/\/api.w.org\/{rel}","templated":true}]}}