{"id":167730,"date":"2025-02-23T10:47:07","date_gmt":"2025-02-23T10:47:07","guid":{"rendered":"https:\/\/nexgendecors.com\/en\/product\/star-hotel-disposable-slippers-thickened-hotel-special-homestay-home-winter-non-slip-hospitality-customized-wholesale\/"},"modified":"2025-04-06T10:02:13","modified_gmt":"2025-04-06T10:02:13","slug":"pantoufles-jetables-pour-hotel-etoile-epaisses-speciales-pour-sejour-chez-lhabitant-antiderapantes-personnalisees-vente-en-gros","status":"publish","type":"product","link":"https:\/\/nexgendecors.com\/fr\/product\/pantoufles-jetables-pour-hotel-etoile-epaisses-speciales-pour-sejour-chez-lhabitant-antiderapantes-personnalisees-vente-en-gros\/","title":{"rendered":"Pantoufles jetables pour h\u00f4tel Star, \u00e9paisses, sp\u00e9ciales, pour s\u00e9jour chez l&#039;habitant, antid\u00e9rapantes, personnalis\u00e9es, vente en gros"},"content":{"rendered":"<p><b>marque<\/b>: ntoge<\/p>\n<p><b>taille<\/b>: Taille unique<\/p>\n<p><b>Import\u00e9 ou non<\/b>: Non<\/p>\n<p><b>Mat\u00e9riel<\/b>: Toison de corail<\/p>\n<p><b>Fonction<\/b>: Antid\u00e9rapant<\/p>\n<p><b>Impression du LOGO<\/b>: Peut<\/p>\n<p><b>Personnalisation du traitement<\/b>: Oui<\/p>\n<p><b>\u00e9paisseur<\/b>: 7 mm<\/p>\n<p><b>Num\u00e9ro de pi\u00e8ce<\/b>: S\u00e9rie de pantoufles Star Hotel<\/p>\n<p><b>Origine nationale<\/b>: Province du Jiangsu<\/p>\n<p><b>Client\u00e8le cible<\/b>: adulte<\/p>\n<p><b>Quantit\u00e9 par bo\u00eete<\/b>: 500<\/p>\n<p><b>Gamme de prix<\/b>: 1<\/p>\n<p><b>Poids brut<\/b>: 60g<\/p>\n<p><b>Nombre<\/b>: 500<\/p>\n<p><b>couleur<\/b>: \u5168\u5b63\u9152\u5e97\u540c\u6b3e \u767d\u8fb9,\u5168\u5b63\u9152\u5e97\u540c\u6b3e\u7070\u8fb9,\u52a0\u5bc6\u9ec4\u8272\u9ebb\u5e03\u5305\u8fb9\u62d6\u978b,\u52a0\u5bc6\u7070\u8272\u9ebb\u5e03\u5305\u8fb9\u62d6\u978b,\u4e9a\u6735\u9152\u5e97\u540c\u6b3e\u62d6\u978bEPE, EPE 6mm, EPE 6mm \u9ec4\u8272,\u6c11\u5bbf\u7cbe\u9009\u52a0\u539a\u68c9\u9ebb\u5e03\u62d6\u978b,\u4f18\u8d28\u73ca\u745a\u7ed2\u62d6\u978b\uff08\u767d\u8272\uff09,\u4f18\u8d28\u73ca\u745a\u7ed2 \u7070\u8272,\u767d\u73ca\u745a\u7ed2 Mod\u00e8le 4 mm, mod\u00e8le 4 mm, mod\u00e8le 4 mm, mod\u00e8le 5 mm pour appareil photo, pour appareil photo 5 mm pour appareil photo, pour appareil photo 6 mmEPE Connecteurs EPE 6 mm Connecteurs EPE 6 mm Taille, taille 8mm, taille de la bague de serrage, taille 8mm, taille 8mm 6 mm d&#039;\u00e9paisseur EPE Couleurs,6 mm pour la fabrication d&#039;appareils EPE \u7070\u8fb9,5mm\u67f3\u53f6\u7eb9\u62c9\u6bdb\u7ed2\u62d6\u978b\uff08\u767d\u8272,6mm\u67f3\u53f6\u7eb9\u62c9\u6bdb\u52a0\u539a\u52a0\u5927\u62d6\u978b,6mmEP E\u65e0\u5473\u5e95\u62c9\u6bdb\u62d6\u978b,\u52a0\u539a\u62c9\u6bdb\u9576\u5e95\u62d6\u978b,\u5305\u5934\u6b3e\u8d85\u9632\u6ed1\u7c73\u8272,\u5305\u5934\u6b3e\u8d85\u9632\u6ed1\u767d\u8272,\u5305\u5934\u534a\u5305\u6bdb\u5dfe\u5e03\u62d6\u978b,\u5168\u5305\u6bdb\u5dfe\u5e03\u62d6\u978b,\u6df1\u7070\u771f\u7f8e\u5e03\u5168\u5305\u9576\u5e95,\u767d\u8272\u7ef5\u67d4\u5e03\u5496\u8fb9\u9576\u5e95,\u6447\u7c92\u7ed2\u5305\u8fb9\u62d6\u978b\u767d\u8272, \u6447\u7c92\u7ed2\u5305\u8fb9\u62d6\u978b \u534a\u5305\u9ebb\u5e03\u9576\u5e95\u62d6\u978b (\u9ec4)\u8272\uff09,\u534a\u5305\u9ebb\u5e03\u9576\u5e95\u62d6\u978b\uff08\u7070\u8272\uff09,\u5168\u5305\u9ebb\u5e03\u9576\u5e95\u62d6\u978b\uff08\u7070\u8272\uff09,\u5168\u5305\u9ebb\u5e03\u9576\u5e95\u62d6\u52a0\u539a\u68c9\u9ebb\u62d6\u978b, \u62bd\u6761\u73ca\u745a\u7ed2\u62d6\u978b\uff08\u767d\u8272\uff09, \u62bd\u6761\u73ca\u745a\u7ed2\u62d6\u978b\uff08\u7070\u8272\uff09,\u7d2b\u8272\u62bd\u6761\u73ca\u745a\u7ed2 \u5973\u6b3e\u5c0f\u7801,\u4e1d\u5e26\u73ca\u745a\u7ed2\uff08\u7c73\u8272\uff09,\u4e1d\u5e26\u73ca\u745a\u7ed2\uff08\u7070\u8272\uff09,\u4e1d\u5e26\u73ca\u745a\u7ed2\uff08\u7c89\u8272\u5c0f\u7801\uff09,\u9ad8\u54c1\u8d28\u53ef\u6c34\u6d17\u73ca\u745a\u7ed2\u62d6\u978b\uff08\u767d\u8272\uff09,\u9ad8\u54c1\u8d28\u53ef\u6c34\u6d17\u73ca\u745a\u7ed2\u534a\u5305\u534e\u592b\u683c\u62d6\u978b\uff08\u767d\u8272\uff09,\u822a\u7a7a\u54c1\u8d28\u6c57\u886b\u5e03\u62d6\u978b,\u73ca\u745a\u7ed2\u8239\u978b,\u73ca\u745a\u7ed2\u9762\u5305\u978b \u767d\u8272,\u534e\u592b\u683c\u9762\u5305\u978b,\u5a01\u5c14\u900a\u9152\u5e97\u540c\u6b3e\u9488\u7ec7\u68c9\u62d6\u978b,\u4e07\u8c6a\u9152\u5e97\u540c\u6b3e\u62d6\u978b,\u73ca\u745a\u7ed2\u7ae5\u978b,\u6d32\u9645\u9152\u5e97\u540c\u6b3e\u5272\u7ed2\u7ae5\u978b,\u4e07\u8c6a\u9152\u5e97\u540c\u6b3e\u62d6\u978b\u513f\u7ae5\u6b3e,\u52a0\u539a\u8377\u5170\u7ed2\u62d6\u978b\u7c73\u8272,\u52a0\u539a\u8377\u5170\u7ed2\u62d6\u978b \u7070\u8272,\u6c34\u6d17\u68c9\u62d6\u978b \u677e\u67cf\u7eff, \u6c34\u6d17\u68c9\u62d6\u978b \u70df\u7070\u8272<\/p>\n<p><b>\u4e3b\u8981\u4e0b\u6e38\u5e73\u53f0<\/b>: \u5176\u4ed6<\/p>\n<p><b>\u4e3b\u8981\u9500\u552e\u5730\u533a<\/b>: \u5176\u4ed6<\/p>\n<p><b>\u6709\u53ef\u6388\u6743\u7684\u81ea\u6709\u54c1\u724c<\/b>: \u662f<\/p>\n<p><b>\u662f\u5426\u8de8\u5883\u51fa\u53e3\u4e13\u4f9b\u8d27\u6e90<\/b>: \u662f<\/p>\n<p><b>\u662f\u5426\u6709\u4e13\u5229<\/b>: \u5426<\/p>\n<p><b>\u98ce\u683c<\/b>: \u6b27\u5f0f,\u7f8e\u5f0f,\u65e5\u5f0f,\u4e2d\u56fd\u98ce,\u7b80\u7ea6,\u8f7b\u5962<\/p>","protected":false},"excerpt":{"rendered":"<p>Marque : ntoge Taille : Taille unique Import\u00e9 ou non : non Mat\u00e9riau : Polaire corail Fonction : Antid\u00e9rapant Impression LOGO : Peut Personnalisation du traitement : oui<\/p>","protected":false},"featured_media":167811,"comment_status":"open","ping_status":"closed","template":"","meta":[],"product_brand":[],"product_cat":[30927,30941,30949],"product_tag":[],"class_list":{"0":"post-167730","1":"product","2":"type-product","3":"status-publish","4":"has-post-thumbnail","6":"product_cat-bath","7":"product_cat-hotel-robes-slippers","8":"product_cat-hotel-supplies","10":"first","11":"instock","12":"taxable","13":"shipping-taxable","14":"purchasable","15":"product-type-variable"},"_links":{"self":[{"href":"https:\/\/nexgendecors.com\/fr\/wp-json\/wp\/v2\/product\/167730","targetHints":{"allow":["GET"]}}],"collection":[{"href":"https:\/\/nexgendecors.com\/fr\/wp-json\/wp\/v2\/product"}],"about":[{"href":"https:\/\/nexgendecors.com\/fr\/wp-json\/wp\/v2\/types\/product"}],"replies":[{"embeddable":true,"href":"https:\/\/nexgendecors.com\/fr\/wp-json\/wp\/v2\/comments?post=167730"}],"version-history":[{"count":0,"href":"https:\/\/nexgendecors.com\/fr\/wp-json\/wp\/v2\/product\/167730\/revisions"}],"wp:featuredmedia":[{"embeddable":true,"href":"https:\/\/nexgendecors.com\/fr\/wp-json\/wp\/v2\/media\/167811"}],"wp:attachment":[{"href":"https:\/\/nexgendecors.com\/fr\/wp-json\/wp\/v2\/media?parent=167730"}],"wp:term":[{"taxonomy":"product_brand","embeddable":true,"href":"https:\/\/nexgendecors.com\/fr\/wp-json\/wp\/v2\/product_brand?post=167730"},{"taxonomy":"product_cat","embeddable":true,"href":"https:\/\/nexgendecors.com\/fr\/wp-json\/wp\/v2\/product_cat?post=167730"},{"taxonomy":"product_tag","embeddable":true,"href":"https:\/\/nexgendecors.com\/fr\/wp-json\/wp\/v2\/product_tag?post=167730"}],"curies":[{"name":"wp","href":"https:\/\/api.w.org\/{rel}","templated":true}]}}