{"id":168114,"date":"2025-02-23T10:50:53","date_gmt":"2025-02-23T10:50:53","guid":{"rendered":"https:\/\/nexgendecors.com\/en\/product\/commercial-large-roll-toilet-paper-factory-toilet-paper-original-bamboo-pulp-large-roll-paper-hotel-special-large-roll-paper-whole-box-batch\/"},"modified":"2025-04-06T10:02:19","modified_gmt":"2025-04-06T10:02:19","slug":"papier-toilette-commercial-en-gros-rouleaux-usine-de-papier-toilette-original-en-pate-de-bambou-grand-rouleau-de-papier-hotel-grand-rouleau-de-papier-special-lot-de-boites-entieres","status":"publish","type":"product","link":"https:\/\/nexgendecors.com\/fr\/product\/papier-toilette-commercial-en-gros-rouleaux-usine-de-papier-toilette-original-en-pate-de-bambou-grand-rouleau-de-papier-hotel-grand-rouleau-de-papier-special-lot-de-boites-entieres\/","title":{"rendered":"Papier hygi\u00e9nique en gros rouleaux commercial Papier hygi\u00e9nique en gros rouleaux original \u00e0 base de p\u00e2te de bambou Papier hygi\u00e9nique en gros rouleaux sp\u00e9cial h\u00f4tel Papier hygi\u00e9nique en gros rouleaux lot de bo\u00eetes enti\u00e8res"},"content":{"rendered":"<p><b>\u79cd\u7c7b<\/b>: \u5927\u76d8\u7eb8<\/p>\n<p><b>\u54c1\u724c<\/b>: \u742a\u5174<\/p>\n<p><b>\u662f\u5426\u8fdb\u53e3<\/b>: \u5426<\/p>\n<p><b>\u5305\u88c5\u5c3a\u5bf8\uff08cm\uff09<\/b>: 42*43*29\/46*45*29<\/p>\n<p><b>\u4fdd\u8d28\u671f<\/b>: \u4e09\u5e74<\/p>\n<p><b>\u4ea7\u5730<\/b>: \u6c5f\u82cf<\/p>\n<p><b>\u52a0\u5370LOGO<\/b>: \u662f<\/p>\n<p><b>\u52a0\u5de5\u5b9a\u5236<\/b>: \u662f<\/p>\n<p><b>\ud83d\ude09<\/b>: \u65e0\u9999<\/p>\n<p><b>\u7eb8\u54c1\u7b49\u7ea7<\/b>: \u5408\u683c\u54c1<\/p>\n<p><b>\u91cd\u91cf<\/b>: 400g\/450g\/550g\/600g\/650g<\/p>\n<p><b>\u5305\u88c5\u89c4\u683c<\/b>: 12\u5377\/\u7bb1<\/p>\n<p><b>\u662f\u5426\u91cf\u8d29\u88c5<\/b>: \u662f<\/p>\n<p><b>\u989c\u8272\u5206\u7c7b<\/b>: 400g\/4 personnes,450g\/4 personnes,550g\/4 personnes,600g\/4 personnes,650g\/4 personnes<\/p>","protected":false},"excerpt":{"rendered":"<p>\u79cd\u7c7b : \u5927\u76d8\u7eb8 \u54c1\u724c : \u742a\u5174 \u662f\u5426\u8fdb\u53e3 : \u5426 \u5305\u88c5\u5c3a\u5bf8\uff08cm\uff09 : 42*43*29\/46*45*29 \u4fdd\u8d28\u671f : \u4e09\u5e74 \u4ea7\u5730 : \u6c5f\u82cf \u52a0\u5370LOGO : \u662f \u52a0\u5de5\u5b9a\u5236 : \u662f \u9999\u578b : \u65e0\u9999 \u7eb8\u54c1\u7b49\u7ea7 : \u5408\u683c\u54c1<\/p>","protected":false},"featured_media":168112,"comment_status":"open","ping_status":"closed","template":"","meta":[],"product_brand":[],"product_cat":[30927,30949,30938],"product_tag":[],"class_list":{"0":"post-168114","1":"product","2":"type-product","3":"status-publish","4":"has-post-thumbnail","6":"product_cat-bath","7":"product_cat-hotel-supplies","8":"product_cat-paper-products","10":"first","11":"instock","12":"taxable","13":"shipping-taxable","14":"purchasable","15":"product-type-variable"},"_links":{"self":[{"href":"https:\/\/nexgendecors.com\/fr\/wp-json\/wp\/v2\/product\/168114","targetHints":{"allow":["GET"]}}],"collection":[{"href":"https:\/\/nexgendecors.com\/fr\/wp-json\/wp\/v2\/product"}],"about":[{"href":"https:\/\/nexgendecors.com\/fr\/wp-json\/wp\/v2\/types\/product"}],"replies":[{"embeddable":true,"href":"https:\/\/nexgendecors.com\/fr\/wp-json\/wp\/v2\/comments?post=168114"}],"version-history":[{"count":0,"href":"https:\/\/nexgendecors.com\/fr\/wp-json\/wp\/v2\/product\/168114\/revisions"}],"wp:featuredmedia":[{"embeddable":true,"href":"https:\/\/nexgendecors.com\/fr\/wp-json\/wp\/v2\/media\/168112"}],"wp:attachment":[{"href":"https:\/\/nexgendecors.com\/fr\/wp-json\/wp\/v2\/media?parent=168114"}],"wp:term":[{"taxonomy":"product_brand","embeddable":true,"href":"https:\/\/nexgendecors.com\/fr\/wp-json\/wp\/v2\/product_brand?post=168114"},{"taxonomy":"product_cat","embeddable":true,"href":"https:\/\/nexgendecors.com\/fr\/wp-json\/wp\/v2\/product_cat?post=168114"},{"taxonomy":"product_tag","embeddable":true,"href":"https:\/\/nexgendecors.com\/fr\/wp-json\/wp\/v2\/product_tag?post=168114"}],"curies":[{"name":"wp","href":"https:\/\/api.w.org\/{rel}","templated":true}]}}