{"id":168140,"date":"2025-02-23T10:51:50","date_gmt":"2025-02-23T10:51:50","guid":{"rendered":"https:\/\/nexgendecors.com\/en\/product\/12-rolls-500g-hotel-bathroom-large-roll-commercial-toilet-paper-whole-box-wholesale\/"},"modified":"2025-04-06T10:02:22","modified_gmt":"2025-04-06T10:02:22","slug":"12-rolls-500g-hotel-bathroom-large-roll-commercial-toilet-paper-whole-box-wholesale","status":"publish","type":"product","link":"https:\/\/nexgendecors.com\/fr\/product\/12-rolls-500g-hotel-bathroom-large-roll-commercial-toilet-paper-whole-box-wholesale\/","title":{"rendered":"12 rouleaux 500g Hotel bathroom large roll commercial toilet paper whole box wholesale"},"content":{"rendered":"<p><b>marque<\/b>: Show Ming Le<\/p>\n<p><b>Import\u00e9 ou non<\/b>: Non<\/p>\n<p><b>mod\u00e8le<\/b>: 500g<\/p>\n<p><b>Sp\u00e9cifications du produit<\/b>: 9.5*500g<\/p>\n<p><b>variety<\/b>: Large paper<\/p>\n<p><b>Mat\u00e9riel<\/b>: Virgin wood pulp<\/p>\n<p><b>Personnalisation du traitement<\/b>: Oui<\/p>\n<p><b>Paper Grade<\/b>: Qualified products<\/p>\n<p><b>Dur\u00e9e de conservation<\/b>: 3 years<\/p>\n<p><b>Origine<\/b>: Hangzhou, Zhejiang<\/p>\n<p><b>Poids<\/b>: 9.5\uff08g\/m2\uff09<\/p>\n<p><b>Num\u00e9ro de pi\u00e8ce<\/b>: 21312<\/p>\n<p><b>Qu&#039;il s&#039;agisse d&#039;une source d\u00e9di\u00e9e de marchandises destin\u00e9es \u00e0 l&#039;exportation transfrontali\u00e8re<\/b>: Non<\/p>\n<p><b>poids<\/b>: 500\uff08g\uff09<\/p>\n<p><b>taper<\/b>: Jumbo roll paper<\/p>","protected":false},"excerpt":{"rendered":"<p>marque : Show Ming Le Import\u00e9 ou non : non mod\u00e8le : 500g Sp\u00e9cifications du produit : 9.5*500g vari\u00e9t\u00e9 : Grand papier Mat\u00e9riau : P\u00e2te de bois vierge<\/p>","protected":false},"featured_media":168139,"comment_status":"open","ping_status":"closed","template":"","meta":[],"product_brand":[],"product_cat":[30927,30949,30938],"product_tag":[],"class_list":{"0":"post-168140","1":"product","2":"type-product","3":"status-publish","4":"has-post-thumbnail","6":"product_cat-bath","7":"product_cat-hotel-supplies","8":"product_cat-paper-products","10":"first","11":"instock","12":"taxable","13":"shipping-taxable","14":"purchasable","15":"product-type-variable"},"_links":{"self":[{"href":"https:\/\/nexgendecors.com\/fr\/wp-json\/wp\/v2\/product\/168140","targetHints":{"allow":["GET"]}}],"collection":[{"href":"https:\/\/nexgendecors.com\/fr\/wp-json\/wp\/v2\/product"}],"about":[{"href":"https:\/\/nexgendecors.com\/fr\/wp-json\/wp\/v2\/types\/product"}],"replies":[{"embeddable":true,"href":"https:\/\/nexgendecors.com\/fr\/wp-json\/wp\/v2\/comments?post=168140"}],"version-history":[{"count":0,"href":"https:\/\/nexgendecors.com\/fr\/wp-json\/wp\/v2\/product\/168140\/revisions"}],"wp:featuredmedia":[{"embeddable":true,"href":"https:\/\/nexgendecors.com\/fr\/wp-json\/wp\/v2\/media\/168139"}],"wp:attachment":[{"href":"https:\/\/nexgendecors.com\/fr\/wp-json\/wp\/v2\/media?parent=168140"}],"wp:term":[{"taxonomy":"product_brand","embeddable":true,"href":"https:\/\/nexgendecors.com\/fr\/wp-json\/wp\/v2\/product_brand?post=168140"},{"taxonomy":"product_cat","embeddable":true,"href":"https:\/\/nexgendecors.com\/fr\/wp-json\/wp\/v2\/product_cat?post=168140"},{"taxonomy":"product_tag","embeddable":true,"href":"https:\/\/nexgendecors.com\/fr\/wp-json\/wp\/v2\/product_tag?post=168140"}],"curies":[{"name":"wp","href":"https:\/\/api.w.org\/{rel}","templated":true}]}}