{"id":168203,"date":"2025-02-23T11:35:50","date_gmt":"2025-02-23T11:35:50","guid":{"rendered":"https:\/\/nexgendecors.com\/en\/product\/hilton-five-star-hotel-mattress-simmons-spring-natural-latex-mattress-coconut-palm-tatami-soft-and-hard\/"},"modified":"2025-02-23T11:36:01","modified_gmt":"2025-02-23T11:36:01","slug":"hilton-five-star-hotel-mattress-simmons-spring-natural-latex-mattress-coconut-palm-tatami-soft-and-hard","status":"publish","type":"product","link":"https:\/\/nexgendecors.com\/fr\/product\/hilton-five-star-hotel-mattress-simmons-spring-natural-latex-mattress-coconut-palm-tatami-soft-and-hard\/","title":{"rendered":"Matelas d&#039;h\u00f4tel cinq \u00e9toiles Hilton Matelas \u00e0 ressorts en latex naturel Simmons Tatami en cocotier doux et dur"},"content":{"rendered":"<p><b>Mattress thickness<\/b>: 30cm<\/p>\n<p><b>Num\u00e9ro de pi\u00e8ce<\/b>: Hilton Mattress<\/p>\n<p><b>couleur<\/b>: Star hotel type A, star hotel type C<\/p>\n<p><b>Mat\u00e9riel<\/b>: Coconut palm<\/p>\n<p><b>Target Group<\/b>: adulte<\/p>\n<p><b>Est-ce personnalisable ?<\/b>: Oui<\/p>\n<p><b>Does it have health care function?<\/b>: Non<\/p>\n<p><b>Qu&#039;il s&#039;agisse d&#039;une source d\u00e9di\u00e9e de marchandises destin\u00e9es \u00e0 l&#039;exportation transfrontali\u00e8re<\/b>: Oui<\/p>\n<p><b>Principaux domaines de vente<\/b>: Europe, North America, Middle East<\/p>\n<p><b>Principales plateformes aval<\/b>: Amazon, AliExpress<\/p>\n<p><b>spring<\/b>: Pocket spring<\/p>\n<p><b>space<\/b>: bedroom<\/p>\n<p><b>Whether to deliver to your door<\/b>: Delivery to the door<\/p>\n<p><b>Le service d&#039;installation est-il fourni ?<\/b>: Non<\/p>\n<p><b>S&#039;agit-il d&#039;un contribuable g\u00e9n\u00e9ral ?<\/b>: Non<\/p>\n<p><b>Existe-t-il un brevet ?<\/b>: Non<\/p>\n<p><b>Client\u00e8le cible<\/b>: Children, adults, elderly<\/p>\n<p><b>Fonction<\/b>: autre<\/p>\n<p><b>Is there a 3D model?<\/b>: Non<\/p>\n<p><b>Latex thickness<\/b>: 2cm<\/p>\n<p><b>Spring Type<\/b>: Pocket spring<\/p>\n<p><b>Mattress firmness<\/b>: Soft<\/p>\n<p><b>Fabric classification<\/b>: Knitted fabrics<\/p>\n<p><b>Sp\u00e9cification<\/b>: 900*1900,900*2000,1200*1900,1200*2000,1500*1900,1500*2000,1800*2000<\/p>","protected":false},"excerpt":{"rendered":"<p>\u00c9paisseur du matelas : 30 cm Num\u00e9ro de pi\u00e8ce : Hilton Couleur du matelas : H\u00f4tel Star type A, H\u00f4tel Star type C Mat\u00e9riau : Cocotier Target<\/p>","protected":false},"featured_media":168202,"comment_status":"open","ping_status":"closed","template":"","meta":[],"product_brand":[],"product_cat":[30926,30951],"product_tag":[],"class_list":{"0":"post-168203","1":"product","2":"type-product","3":"status-publish","4":"has-post-thumbnail","6":"product_cat-bedding","7":"product_cat-hotel-bedding","9":"first","10":"instock","11":"taxable","12":"shipping-taxable","13":"purchasable","14":"product-type-variable"},"_links":{"self":[{"href":"https:\/\/nexgendecors.com\/fr\/wp-json\/wp\/v2\/product\/168203","targetHints":{"allow":["GET"]}}],"collection":[{"href":"https:\/\/nexgendecors.com\/fr\/wp-json\/wp\/v2\/product"}],"about":[{"href":"https:\/\/nexgendecors.com\/fr\/wp-json\/wp\/v2\/types\/product"}],"replies":[{"embeddable":true,"href":"https:\/\/nexgendecors.com\/fr\/wp-json\/wp\/v2\/comments?post=168203"}],"version-history":[{"count":0,"href":"https:\/\/nexgendecors.com\/fr\/wp-json\/wp\/v2\/product\/168203\/revisions"}],"wp:featuredmedia":[{"embeddable":true,"href":"https:\/\/nexgendecors.com\/fr\/wp-json\/wp\/v2\/media\/168202"}],"wp:attachment":[{"href":"https:\/\/nexgendecors.com\/fr\/wp-json\/wp\/v2\/media?parent=168203"}],"wp:term":[{"taxonomy":"product_brand","embeddable":true,"href":"https:\/\/nexgendecors.com\/fr\/wp-json\/wp\/v2\/product_brand?post=168203"},{"taxonomy":"product_cat","embeddable":true,"href":"https:\/\/nexgendecors.com\/fr\/wp-json\/wp\/v2\/product_cat?post=168203"},{"taxonomy":"product_tag","embeddable":true,"href":"https:\/\/nexgendecors.com\/fr\/wp-json\/wp\/v2\/product_tag?post=168203"}],"curies":[{"name":"wp","href":"https:\/\/api.w.org\/{rel}","templated":true}]}}