{"id":168229,"date":"2025-02-23T11:36:23","date_gmt":"2025-02-23T11:36:23","guid":{"rendered":"https:\/\/nexgendecors.com\/en\/product\/foshan-mattress-simmons-independent-spring-mattress-home-compression-roll-pack-latex-mattress-five-star-hotel-mattress\/"},"modified":"2025-04-06T10:02:28","modified_gmt":"2025-04-06T10:02:28","slug":"foshan-mattress-simmons-independent-spring-mattress-home-compression-roll-pack-latex-mattress-five-star-hotel-mattress","status":"publish","type":"product","link":"https:\/\/nexgendecors.com\/fr\/product\/foshan-mattress-simmons-independent-spring-mattress-home-compression-roll-pack-latex-mattress-five-star-hotel-mattress\/","title":{"rendered":"Matelas Foshan Simmons matelas \u00e0 ressorts ind\u00e9pendants pack de rouleaux de compression \u00e0 domicile matelas en latex matelas d&#039;h\u00f4tel cinq \u00e9toiles"},"content":{"rendered":"<p><b>taper<\/b>: Spring mattress<\/p>\n<p><b>marque<\/b>: Xique<\/p>\n<p><b>Mat\u00e9riel<\/b>: spring<\/p>\n<p><b>Num\u00e9ro de pi\u00e8ce<\/b>: a06<\/p>\n<p><b>Mattress thickness<\/b>: 25<\/p>\n<p><b>couleur<\/b>: Economy hotel basic type, convenient hotel same type, star hotel same type, five-star hotel same type<\/p>\n<p><b>Sp\u00e9cification<\/b>: 1200mm*2000mm,1500mm*2000mm,1800mm*2000mm<\/p>\n<p><b>space<\/b>: Commercial Places<\/p>\n<p><b>Whether to deliver to your door<\/b>: Delivery to the door<\/p>\n<p><b>Le service d&#039;installation est-il fourni ?<\/b>: Non<\/p>\n<p><b>S&#039;agit-il d&#039;un contribuable g\u00e9n\u00e9ral ?<\/b>: Oui<\/p>\n<p><b>Existe-t-il un brevet ?<\/b>: Non<\/p>\n<p><b>Fonction<\/b>: autre<\/p>\n<p><b>Client\u00e8le cible<\/b>: Children, babies, adults, elderly<\/p>\n<p><b>Is there a 3D model?<\/b>: Oui<\/p>","protected":false},"excerpt":{"rendered":"<p>type : matelas \u00e0 ressorts marque : Xique mat\u00e9riau : ressort num\u00e9ro de pi\u00e8ce : a06 \u00e9paisseur du matelas : 25 couleur : type de base d&#039;h\u00f4tel \u00e9conomique, h\u00f4tel pratique<\/p>","protected":false},"featured_media":168228,"comment_status":"open","ping_status":"closed","template":"","meta":[],"product_brand":[],"product_cat":[30926,30951],"product_tag":[],"class_list":{"0":"post-168229","1":"product","2":"type-product","3":"status-publish","4":"has-post-thumbnail","6":"product_cat-bedding","7":"product_cat-hotel-bedding","9":"first","10":"instock","11":"taxable","12":"shipping-taxable","13":"purchasable","14":"product-type-variable"},"_links":{"self":[{"href":"https:\/\/nexgendecors.com\/fr\/wp-json\/wp\/v2\/product\/168229","targetHints":{"allow":["GET"]}}],"collection":[{"href":"https:\/\/nexgendecors.com\/fr\/wp-json\/wp\/v2\/product"}],"about":[{"href":"https:\/\/nexgendecors.com\/fr\/wp-json\/wp\/v2\/types\/product"}],"replies":[{"embeddable":true,"href":"https:\/\/nexgendecors.com\/fr\/wp-json\/wp\/v2\/comments?post=168229"}],"version-history":[{"count":0,"href":"https:\/\/nexgendecors.com\/fr\/wp-json\/wp\/v2\/product\/168229\/revisions"}],"wp:featuredmedia":[{"embeddable":true,"href":"https:\/\/nexgendecors.com\/fr\/wp-json\/wp\/v2\/media\/168228"}],"wp:attachment":[{"href":"https:\/\/nexgendecors.com\/fr\/wp-json\/wp\/v2\/media?parent=168229"}],"wp:term":[{"taxonomy":"product_brand","embeddable":true,"href":"https:\/\/nexgendecors.com\/fr\/wp-json\/wp\/v2\/product_brand?post=168229"},{"taxonomy":"product_cat","embeddable":true,"href":"https:\/\/nexgendecors.com\/fr\/wp-json\/wp\/v2\/product_cat?post=168229"},{"taxonomy":"product_tag","embeddable":true,"href":"https:\/\/nexgendecors.com\/fr\/wp-json\/wp\/v2\/product_tag?post=168229"}],"curies":[{"name":"wp","href":"https:\/\/api.w.org\/{rel}","templated":true}]}}