{"id":168251,"date":"2025-02-23T11:36:54","date_gmt":"2025-02-23T11:36:54","guid":{"rendered":"https:\/\/nexgendecors.com\/en\/product\/five-star-hotel-mattress-independent-bag-latex-spring-home-3e-environmentally-friendly-brown-memory-foam-skin-friendly-simmons-mattress\/"},"modified":"2025-04-06T10:02:32","modified_gmt":"2025-04-06T10:02:32","slug":"five-star-hotel-mattress-independent-bag-latex-spring-home-3e-environmentally-friendly-brown-memory-foam-skin-friendly-simmons-mattress","status":"publish","type":"product","link":"https:\/\/nexgendecors.com\/fr\/product\/five-star-hotel-mattress-independent-bag-latex-spring-home-3e-environmentally-friendly-brown-memory-foam-skin-friendly-simmons-mattress\/","title":{"rendered":"Matelas d&#039;h\u00f4tel cinq \u00e9toiles ind\u00e9pendant sac latex ressort maison 3E respectueux de l&#039;environnement marron mousse \u00e0 m\u00e9moire de forme doux pour la peau matelas Simmons"},"content":{"rendered":"<p><b>Mattress thickness<\/b>: 22-25cm<\/p>\n<p><b>Num\u00e9ro de pi\u00e8ce<\/b>: F16<\/p>\n<p><b>poids<\/b>: 50kg<\/p>\n<p><b>marque<\/b>: Wetterhorse<\/p>\n<p><b>couleur<\/b>: 25cm soft and hard dual-purpose\/independent bag + natural latex + environmentally friendly brown, 24cm a little softer\/independent bag + natural latex, 23cm moderate spine protection\/independent bag + environmentally friendly brown, 22cm moderate hardness and softness\/independent bag + environmentally friendly cotton<\/p>\n<p><b>Mat\u00e9riel<\/b>: spring<\/p>\n<p><b>volume<\/b>: 0.8<\/p>\n<p><b>Target Group<\/b>: adulte<\/p>\n<p><b>Est-ce personnalisable ?<\/b>: Oui<\/p>\n<p><b>Does it have health care function?<\/b>: Non<\/p>\n<p><b>Qu&#039;il s&#039;agisse d&#039;une source d\u00e9di\u00e9e de marchandises destin\u00e9es \u00e0 l&#039;exportation transfrontali\u00e8re<\/b>: Non<\/p>\n<p><b>Principaux domaines de vente<\/b>: Europe, South America, Southeast Asia, North America, Northeast Asia, Middle East, Others<\/p>\n<p><b>Principales plateformes aval<\/b>: autre<\/p>\n<p><b>Avoir une marque priv\u00e9e sous licence<\/b>: Non<\/p>\n<p><b>spring<\/b>: Pocket spring<\/p>\n<p><b>space<\/b>: bedroom<\/p>\n<p><b>Whether to deliver to your door<\/b>: Delivery and installation<\/p>\n<p><b>Le service d&#039;installation est-il fourni ?<\/b>: Oui<\/p>\n<p><b>S&#039;agit-il d&#039;un contribuable g\u00e9n\u00e9ral ?<\/b>: Oui<\/p>\n<p><b>Existe-t-il un brevet ?<\/b>: Non<\/p>\n<p><b>Client\u00e8le cible<\/b>: Children, babies, adults, elderly<\/p>\n<p><b>Fonction<\/b>: autre<\/p>\n<p><b>Is there a 3D model?<\/b>: Non<\/p>\n<p><b>Latex thickness<\/b>: 2cm<\/p>\n<p><b>Spring Type<\/b>: Pocket spring<\/p>\n<p><b>Mattress firmness<\/b>: Moderate hardness and softness<\/p>\n<p><b>Fabric classification<\/b>: Knitted fabrics<\/p>\n<p><b>Sp\u00e9cification<\/b>: 1.8\u00d72 meters, 1.8\u00d71.9 meters, 1.5\u00d72 meters, 1.5\u00d71.9 meters, 1.35\u00d72 meters, 1.35\u00d71.9 meters, 1.2\u00d72 meters, 1.2\u00d71.9 meters, 0.9\u00d71.9 meters<\/p>","protected":false},"excerpt":{"rendered":"<p>\u00c9paisseur du matelas : 22-25 cm Num\u00e9ro de pi\u00e8ce : F16 Poids : 50 kg Marque : Wetterhorse Couleur : 25 cm Sac double usage\/ind\u00e9pendant souple et dur + latex naturel<\/p>","protected":false},"featured_media":168250,"comment_status":"open","ping_status":"closed","template":"","meta":[],"product_brand":[],"product_cat":[30926,30951],"product_tag":[],"class_list":{"0":"post-168251","1":"product","2":"type-product","3":"status-publish","4":"has-post-thumbnail","6":"product_cat-bedding","7":"product_cat-hotel-bedding","9":"first","10":"instock","11":"taxable","12":"shipping-taxable","13":"purchasable","14":"product-type-variable"},"_links":{"self":[{"href":"https:\/\/nexgendecors.com\/fr\/wp-json\/wp\/v2\/product\/168251","targetHints":{"allow":["GET"]}}],"collection":[{"href":"https:\/\/nexgendecors.com\/fr\/wp-json\/wp\/v2\/product"}],"about":[{"href":"https:\/\/nexgendecors.com\/fr\/wp-json\/wp\/v2\/types\/product"}],"replies":[{"embeddable":true,"href":"https:\/\/nexgendecors.com\/fr\/wp-json\/wp\/v2\/comments?post=168251"}],"version-history":[{"count":0,"href":"https:\/\/nexgendecors.com\/fr\/wp-json\/wp\/v2\/product\/168251\/revisions"}],"wp:featuredmedia":[{"embeddable":true,"href":"https:\/\/nexgendecors.com\/fr\/wp-json\/wp\/v2\/media\/168250"}],"wp:attachment":[{"href":"https:\/\/nexgendecors.com\/fr\/wp-json\/wp\/v2\/media?parent=168251"}],"wp:term":[{"taxonomy":"product_brand","embeddable":true,"href":"https:\/\/nexgendecors.com\/fr\/wp-json\/wp\/v2\/product_brand?post=168251"},{"taxonomy":"product_cat","embeddable":true,"href":"https:\/\/nexgendecors.com\/fr\/wp-json\/wp\/v2\/product_cat?post=168251"},{"taxonomy":"product_tag","embeddable":true,"href":"https:\/\/nexgendecors.com\/fr\/wp-json\/wp\/v2\/product_tag?post=168251"}],"curies":[{"name":"wp","href":"https:\/\/api.w.org\/{rel}","templated":true}]}}