{"id":168297,"date":"2025-02-23T11:37:16","date_gmt":"2025-02-23T11:37:16","guid":{"rendered":"https:\/\/nexgendecors.com\/en\/product\/seahorse-mattress-five-star-hotel-apartment-household-memory-foam-latex-coconut-palm-independent-spring-factory-direct-sales-wholesale\/"},"modified":"2025-04-06T10:02:36","modified_gmt":"2025-04-06T10:02:36","slug":"seahorse-mattress-five-star-hotel-apartment-household-memory-foam-latex-coconut-palm-independent-spring-factory-direct-sales-wholesale","status":"publish","type":"product","link":"https:\/\/nexgendecors.com\/fr\/product\/seahorse-mattress-five-star-hotel-apartment-household-memory-foam-latex-coconut-palm-independent-spring-factory-direct-sales-wholesale\/","title":{"rendered":"Matelas hippocampe h\u00f4tel cinq \u00e9toiles appartement m\u00e9nage mousse \u00e0 m\u00e9moire de forme latex cocotier ressort ind\u00e9pendant usine vente directe en gros"},"content":{"rendered":"<p><b>taper<\/b>: Spring mattress<\/p>\n<p><b>marque<\/b>: Wetterhorse<\/p>\n<p><b>Mat\u00e9riel<\/b>: spring<\/p>\n<p><b>Num\u00e9ro de pi\u00e8ce<\/b>: A005<\/p>\n<p><b>Mattress thickness<\/b>: 22cm<\/p>\n<p><b>Est-ce personnalisable ?<\/b>: Oui<\/p>\n<p><b>Does it have health care function?<\/b>: Oui<\/p>\n<p><b>Target Group<\/b>: adulte<\/p>\n<p><b>couleur<\/b>: Stainless steel spring + temperature-sensitive memory cotton + hand-knitted cotton, stainless steel spring + 3E environmentally friendly brown + temperature-sensitive memory cotton + hand-knitted cotton, stainless steel spring + temperature-sensitive memory cotton + natural latex + hand-knitted cotton, independent spring + temperature-sensitive memory cotton + hand-knitted fabric, independent spring + natural latex + temperature-sensitive memory cotton + hand-knitted fabric, welcome to the factory for negotiation, there are matching hotel apartments and other furniture<\/p>\n<p><b>Sp\u00e9cification<\/b>: 0.9*1.9 meters, 0.9*2 meters, 1.2*1.9 meters, 1.2*2 meters, 1.5*1.9 meters, 1.5*2 meters, 1.8*1.9 meters, 1.8*2 meters<\/p>\n<p><b>volume<\/b>: 0.86 cubic meters<\/p>\n<p><b>poids<\/b>: 36kg<\/p>\n<p><b>Qu&#039;il s&#039;agisse d&#039;une source d\u00e9di\u00e9e de marchandises destin\u00e9es \u00e0 l&#039;exportation transfrontali\u00e8re<\/b>: Oui<\/p>\n<p><b>Principaux domaines de vente<\/b>: Europe, South America, Southeast Asia, North America, Northeast Asia, Middle East<\/p>\n<p><b>Avoir une marque priv\u00e9e sous licence<\/b>: Oui<\/p>\n<p><b>style<\/b>: Moderne et simple<\/p>\n<p><b>space<\/b>: bedroom<\/p>\n<p><b>Whether to deliver to your door<\/b>: Delivery to the door<\/p>\n<p><b>Le service d&#039;installation est-il fourni ?<\/b>: Oui<\/p>\n<p><b>S&#039;agit-il d&#039;un contribuable g\u00e9n\u00e9ral ?<\/b>: Oui<\/p>\n<p><b>Existe-t-il un brevet ?<\/b>: Non<\/p>\n<p><b>Fonction<\/b>: autre<\/p>\n<p><b>Client\u00e8le cible<\/b>: adulte<\/p>\n<p><b>Is there a 3D model?<\/b>: Non<\/p>","protected":false},"excerpt":{"rendered":"<p>Type : Matelas \u00e0 ressorts Marque : Wetterhorse Mat\u00e9riau : ressorts Num\u00e9ro de pi\u00e8ce : A005 \u00c9paisseur du matelas : 22 cm Est-il personnalisable ? : oui Est-il dot\u00e9<\/p>","protected":false},"featured_media":168296,"comment_status":"open","ping_status":"closed","template":"","meta":[],"product_brand":[],"product_cat":[30926,30951],"product_tag":[],"class_list":{"0":"post-168297","1":"product","2":"type-product","3":"status-publish","4":"has-post-thumbnail","6":"product_cat-bedding","7":"product_cat-hotel-bedding","9":"first","10":"instock","11":"taxable","12":"shipping-taxable","13":"purchasable","14":"product-type-variable"},"_links":{"self":[{"href":"https:\/\/nexgendecors.com\/fr\/wp-json\/wp\/v2\/product\/168297","targetHints":{"allow":["GET"]}}],"collection":[{"href":"https:\/\/nexgendecors.com\/fr\/wp-json\/wp\/v2\/product"}],"about":[{"href":"https:\/\/nexgendecors.com\/fr\/wp-json\/wp\/v2\/types\/product"}],"replies":[{"embeddable":true,"href":"https:\/\/nexgendecors.com\/fr\/wp-json\/wp\/v2\/comments?post=168297"}],"version-history":[{"count":0,"href":"https:\/\/nexgendecors.com\/fr\/wp-json\/wp\/v2\/product\/168297\/revisions"}],"wp:featuredmedia":[{"embeddable":true,"href":"https:\/\/nexgendecors.com\/fr\/wp-json\/wp\/v2\/media\/168296"}],"wp:attachment":[{"href":"https:\/\/nexgendecors.com\/fr\/wp-json\/wp\/v2\/media?parent=168297"}],"wp:term":[{"taxonomy":"product_brand","embeddable":true,"href":"https:\/\/nexgendecors.com\/fr\/wp-json\/wp\/v2\/product_brand?post=168297"},{"taxonomy":"product_cat","embeddable":true,"href":"https:\/\/nexgendecors.com\/fr\/wp-json\/wp\/v2\/product_cat?post=168297"},{"taxonomy":"product_tag","embeddable":true,"href":"https:\/\/nexgendecors.com\/fr\/wp-json\/wp\/v2\/product_tag?post=168297"}],"curies":[{"name":"wp","href":"https:\/\/api.w.org\/{rel}","templated":true}]}}