{"id":168364,"date":"2025-02-23T11:37:48","date_gmt":"2025-02-23T11:37:48","guid":{"rendered":"https:\/\/nexgendecors.com\/en\/product\/hippocampus-latex-high-end-mattress-soft-and-hard-dual-purpose-memory-foam-household-cushion-environmentally-friendly-independent-spring-mattress-manufacturer\/"},"modified":"2025-03-31T17:25:53","modified_gmt":"2025-03-31T17:25:53","slug":"hippocampus-latex-high-end-mattress-soft-and-hard-dual-purpose-memory-foam-household-cushion-environmentally-friendly-independent-spring-mattress-manufacturer","status":"publish","type":"product","link":"https:\/\/nexgendecors.com\/fr\/product\/hippocampus-latex-high-end-mattress-soft-and-hard-dual-purpose-memory-foam-household-cushion-environmentally-friendly-independent-spring-mattress-manufacturer\/","title":{"rendered":"Matelas haut de gamme en latex Hippocampus, doux et dur, mousse \u00e0 m\u00e9moire de forme \u00e0 double usage, coussin domestique respectueux de l&#039;environnement, fabricant ind\u00e9pendant de matelas \u00e0 ressorts"},"content":{"rendered":"<p><b>taper<\/b>: Latex mattress<\/p>\n<p><b>marque<\/b>: Wetterhorse<\/p>\n<p><b>Mat\u00e9riel<\/b>: emulsion<\/p>\n<p><b>Num\u00e9ro de pi\u00e8ce<\/b>: SC-0012<\/p>\n<p><b>Mattress thickness<\/b>: 258mm<\/p>\n<p><b>Est-ce personnalisable ?<\/b>: Oui<\/p>\n<p><b>Does it have health care function?<\/b>: Oui<\/p>\n<p><b>Target Group<\/b>: adulte<\/p>\n<p><b>couleur<\/b>: Thickness 25.8cm, Thickness 23.8cm, Thickness 22cm<\/p>\n<p><b>Sp\u00e9cification<\/b>: 1.35*2 meters, 1.5*1.9 meters, 1.5*2 meters, 1.8*2 meters<\/p>\n<p><b>volume<\/b>: 0.86m\u00b3<\/p>\n<p><b>poids<\/b>: 39kg<\/p>\n<p><b>Qu&#039;il s&#039;agisse d&#039;une source d\u00e9di\u00e9e de marchandises destin\u00e9es \u00e0 l&#039;exportation transfrontali\u00e8re<\/b>: Non<\/p>\n<p><b>style<\/b>: Moderne et simple<\/p>\n<p><b>space<\/b>: bedroom<\/p>\n<p><b>Whether to deliver to your door<\/b>: Delivery to pick-up point<\/p>\n<p><b>Le service d&#039;installation est-il fourni ?<\/b>: Non<\/p>\n<p><b>S&#039;agit-il d&#039;un contribuable g\u00e9n\u00e9ral ?<\/b>: Oui<\/p>\n<p><b>Existe-t-il un brevet ?<\/b>: Non<\/p>\n<p><b>Patent Number<\/b>: 0666590<\/p>\n<p><b>Fonction<\/b>: Disassembly<\/p>\n<p><b>Client\u00e8le cible<\/b>: adulte<\/p>\n<p><b>Is there a 3D model?<\/b>: Non<\/p>","protected":false},"excerpt":{"rendered":"<p>type : Matelas en latex marque : Wetterhorse Mat\u00e9riau : \u00e9mulsion Num\u00e9ro de pi\u00e8ce : SC-0012 \u00c9paisseur du matelas : 258 mm Est-il personnalisable ? : oui Est-il dot\u00e9<\/p>","protected":false},"featured_media":168363,"comment_status":"open","ping_status":"closed","template":"","meta":[],"product_brand":[],"product_cat":[30926,30951],"product_tag":[],"class_list":{"0":"post-168364","1":"product","2":"type-product","3":"status-publish","4":"has-post-thumbnail","6":"product_cat-bedding","7":"product_cat-hotel-bedding","9":"first","10":"instock","11":"taxable","12":"shipping-taxable","13":"purchasable","14":"product-type-variable"},"_links":{"self":[{"href":"https:\/\/nexgendecors.com\/fr\/wp-json\/wp\/v2\/product\/168364","targetHints":{"allow":["GET"]}}],"collection":[{"href":"https:\/\/nexgendecors.com\/fr\/wp-json\/wp\/v2\/product"}],"about":[{"href":"https:\/\/nexgendecors.com\/fr\/wp-json\/wp\/v2\/types\/product"}],"replies":[{"embeddable":true,"href":"https:\/\/nexgendecors.com\/fr\/wp-json\/wp\/v2\/comments?post=168364"}],"version-history":[{"count":0,"href":"https:\/\/nexgendecors.com\/fr\/wp-json\/wp\/v2\/product\/168364\/revisions"}],"wp:featuredmedia":[{"embeddable":true,"href":"https:\/\/nexgendecors.com\/fr\/wp-json\/wp\/v2\/media\/168363"}],"wp:attachment":[{"href":"https:\/\/nexgendecors.com\/fr\/wp-json\/wp\/v2\/media?parent=168364"}],"wp:term":[{"taxonomy":"product_brand","embeddable":true,"href":"https:\/\/nexgendecors.com\/fr\/wp-json\/wp\/v2\/product_brand?post=168364"},{"taxonomy":"product_cat","embeddable":true,"href":"https:\/\/nexgendecors.com\/fr\/wp-json\/wp\/v2\/product_cat?post=168364"},{"taxonomy":"product_tag","embeddable":true,"href":"https:\/\/nexgendecors.com\/fr\/wp-json\/wp\/v2\/product_tag?post=168364"}],"curies":[{"name":"wp","href":"https:\/\/api.w.org\/{rel}","templated":true}]}}