{"id":168467,"date":"2025-02-23T13:56:28","date_gmt":"2025-02-23T13:56:28","guid":{"rendered":"https:\/\/nexgendecors.com\/en\/product\/four-seasons-quilt-core-high-end-micro-business-supply-wholesale-spot-star-hotel-spring-and-autumn-winter-quilt-core\/"},"modified":"2025-04-06T10:02:44","modified_gmt":"2025-04-06T10:02:44","slug":"noyau-de-courtepointe-quatre-saisons-haut-de-gamme-pour-micro-entreprises-fourniture-en-gros-hotel-etoile-printemps-automne-et-hiver","status":"publish","type":"product","link":"https:\/\/nexgendecors.com\/fr\/product\/noyau-de-courtepointe-quatre-saisons-haut-de-gamme-pour-micro-entreprises-fourniture-en-gros-hotel-etoile-printemps-automne-et-hiver\/","title":{"rendered":"Four Seasons Quilt Core High-end Micro-business Supply Wholesale Spot Star Hotel Spring and Autumn Winter Quilt Core"},"content":{"rendered":"<p><b>marque<\/b>: &#8211;<\/p>\n<p><b>Num\u00e9ro de pi\u00e8ce<\/b>: 1128<\/p>\n<p><b>Poids de la courtepointe<\/b>: 2 chats non inclus \u2013 3 chats inclus<\/p>\n<p><b>Personnalisation du traitement<\/b>: Oui<\/p>\n<p><b>Processus de tissage<\/b>: autre<\/p>\n<p><b>Saison applicable<\/b>: Quatre saisons<\/p>\n<p><b>Mat\u00e9riau du tissu<\/b>: Coton<\/p>\n<p><b>couleur<\/b>: Couette d&#039;\u00e9t\u00e9 en tissu anti-duvet en coton 200 g\/m2, couette quatre saisons en tissu anti-duvet en coton 400 g\/m2, couette d&#039;hiver en tissu anti-duvet en coton 600 g\/m2<\/p>\n<p><b>Dimensions<\/b>: 150*200cm h\u00f4tel lit 1m, 160x220cm h\u00f4tel lit 1.20m, 180x220cm h\u00f4tel lit 1.35m, 190x220cm h\u00f4tel lit 1.5m, 220x220cm h\u00f4tel lit 1.8m, 240x230cm h\u00f4tel lit 2m<\/p>\n<p><b>Remplissage<\/b>: Fibre ordinaire<\/p>\n<p><b>S&#039;agit-il d&#039;un contribuable g\u00e9n\u00e9ral ?<\/b>: Non<\/p>","protected":false},"excerpt":{"rendered":"<p>marque : - Num\u00e9ro de pi\u00e8ce : 1128 Poids du quilt : 2 chatons non inclus - 3 chatons inclus Personnalisation du traitement : oui Processus de tissage :<\/p>","protected":false},"featured_media":168466,"comment_status":"open","ping_status":"closed","template":"","meta":[],"product_brand":[],"product_cat":[30951,30952,30953],"product_tag":[],"class_list":{"0":"post-168467","1":"product","2":"type-product","3":"status-publish","4":"has-post-thumbnail","6":"product_cat-hotel-bedding","7":"product_cat-hotel-blanket-cover","8":"product_cat-hotel-sheet-linen","10":"first","11":"instock","12":"taxable","13":"shipping-taxable","14":"purchasable","15":"product-type-variable"},"_links":{"self":[{"href":"https:\/\/nexgendecors.com\/fr\/wp-json\/wp\/v2\/product\/168467","targetHints":{"allow":["GET"]}}],"collection":[{"href":"https:\/\/nexgendecors.com\/fr\/wp-json\/wp\/v2\/product"}],"about":[{"href":"https:\/\/nexgendecors.com\/fr\/wp-json\/wp\/v2\/types\/product"}],"replies":[{"embeddable":true,"href":"https:\/\/nexgendecors.com\/fr\/wp-json\/wp\/v2\/comments?post=168467"}],"version-history":[{"count":0,"href":"https:\/\/nexgendecors.com\/fr\/wp-json\/wp\/v2\/product\/168467\/revisions"}],"wp:featuredmedia":[{"embeddable":true,"href":"https:\/\/nexgendecors.com\/fr\/wp-json\/wp\/v2\/media\/168466"}],"wp:attachment":[{"href":"https:\/\/nexgendecors.com\/fr\/wp-json\/wp\/v2\/media?parent=168467"}],"wp:term":[{"taxonomy":"product_brand","embeddable":true,"href":"https:\/\/nexgendecors.com\/fr\/wp-json\/wp\/v2\/product_brand?post=168467"},{"taxonomy":"product_cat","embeddable":true,"href":"https:\/\/nexgendecors.com\/fr\/wp-json\/wp\/v2\/product_cat?post=168467"},{"taxonomy":"product_tag","embeddable":true,"href":"https:\/\/nexgendecors.com\/fr\/wp-json\/wp\/v2\/product_tag?post=168467"}],"curies":[{"name":"wp","href":"https:\/\/api.w.org\/{rel}","templated":true}]}}