{"id":168492,"date":"2025-02-23T13:56:54","date_gmt":"2025-02-23T13:56:54","guid":{"rendered":"https:\/\/nexgendecors.com\/en\/product\/hotel-linen-80-count-satin-sheets-five-star-hotel-white-cotton-sheets-hotel-bed-and-breakfast-bedding\/"},"modified":"2025-04-06T10:02:47","modified_gmt":"2025-04-06T10:02:47","slug":"hotel-linen-80-count-satin-sheets-five-star-hotel-white-cotton-sheets-hotel-bed-and-breakfast-bedding","status":"publish","type":"product","link":"https:\/\/nexgendecors.com\/fr\/product\/hotel-linen-80-count-satin-sheets-five-star-hotel-white-cotton-sheets-hotel-bed-and-breakfast-bedding\/","title":{"rendered":"Linge de maison draps en satin de 80 cm h\u00f4tel cinq \u00e9toiles draps en coton blanc h\u00f4tel literie pour chambre d'h\u00f4tes"},"content":{"rendered":"<p><b>marque<\/b>: &#8211;<\/p>\n<p><b>Num\u00e9ro de pi\u00e8ce<\/b>: 1046<\/p>\n<p><b>Bedding sets<\/b>: Three piece set<\/p>\n<p><b>Fabric count<\/b>: autre<\/p>\n<p><b>Fabric density<\/b>: autre<\/p>\n<p><b>Processus de tissage<\/b>: autre<\/p>\n<p><b>Printing and dyeing process<\/b>: Reactive printing and dyeing<\/p>\n<p><b>Personnalisation du traitement<\/b>: Oui<\/p>\n<p><b>Does it support drop shipping?<\/b>: support<\/p>\n<p><b>mod\u00e8le<\/b>: Solid Color<\/p>\n<p><b>Product Grade<\/b>: Qualified products<\/p>\n<p><b>style<\/b>: Simplicit\u00e9<\/p>\n<p><b>forme<\/b>: Bed sheet<\/p>\n<p><b>couleur<\/b>: 60*40 jet satin three-star, 60*60 jet satin four-star, 60*80 jet satin five-star, 40*40 thick jet satin fast hotel, 80*80<\/p>\n<p><b>Dimensions<\/b>: Applicable to 1.0m bed, Applicable to 1.2m bed, Applicable to 1.35m bed, Applicable to 1.5m bed, Applicable to 1.8m bed, Applicable to 2.0m bed<\/p>\n<p><b>Qu&#039;il s&#039;agisse d&#039;une source d\u00e9di\u00e9e de marchandises destin\u00e9es \u00e0 l&#039;exportation transfrontali\u00e8re<\/b>: Non<\/p>\n<p><b>S&#039;agit-il d&#039;un contribuable g\u00e9n\u00e9ral ?<\/b>: Oui<\/p>\n<p><b>Mat\u00e9riel<\/b>: Coton<\/p>","protected":false},"excerpt":{"rendered":"<p>marque : - Num\u00e9ro de pi\u00e8ce : 1046 Ensembles de literie : Ensemble trois pi\u00e8ces Nombre de tissus : autre Densit\u00e9 des tissus : autre Proc\u00e9d\u00e9 de tissage : autre Impression<\/p>","protected":false},"featured_media":168491,"comment_status":"open","ping_status":"closed","template":"","meta":[],"product_brand":[],"product_cat":[30951,30952,30953],"product_tag":[],"class_list":{"0":"post-168492","1":"product","2":"type-product","3":"status-publish","4":"has-post-thumbnail","6":"product_cat-hotel-bedding","7":"product_cat-hotel-blanket-cover","8":"product_cat-hotel-sheet-linen","10":"first","11":"instock","12":"taxable","13":"shipping-taxable","14":"purchasable","15":"product-type-variable"},"_links":{"self":[{"href":"https:\/\/nexgendecors.com\/fr\/wp-json\/wp\/v2\/product\/168492","targetHints":{"allow":["GET"]}}],"collection":[{"href":"https:\/\/nexgendecors.com\/fr\/wp-json\/wp\/v2\/product"}],"about":[{"href":"https:\/\/nexgendecors.com\/fr\/wp-json\/wp\/v2\/types\/product"}],"replies":[{"embeddable":true,"href":"https:\/\/nexgendecors.com\/fr\/wp-json\/wp\/v2\/comments?post=168492"}],"version-history":[{"count":0,"href":"https:\/\/nexgendecors.com\/fr\/wp-json\/wp\/v2\/product\/168492\/revisions"}],"wp:featuredmedia":[{"embeddable":true,"href":"https:\/\/nexgendecors.com\/fr\/wp-json\/wp\/v2\/media\/168491"}],"wp:attachment":[{"href":"https:\/\/nexgendecors.com\/fr\/wp-json\/wp\/v2\/media?parent=168492"}],"wp:term":[{"taxonomy":"product_brand","embeddable":true,"href":"https:\/\/nexgendecors.com\/fr\/wp-json\/wp\/v2\/product_brand?post=168492"},{"taxonomy":"product_cat","embeddable":true,"href":"https:\/\/nexgendecors.com\/fr\/wp-json\/wp\/v2\/product_cat?post=168492"},{"taxonomy":"product_tag","embeddable":true,"href":"https:\/\/nexgendecors.com\/fr\/wp-json\/wp\/v2\/product_tag?post=168492"}],"curies":[{"name":"wp","href":"https:\/\/api.w.org\/{rel}","templated":true}]}}