{"id":168564,"date":"2025-02-23T13:59:33","date_gmt":"2025-02-23T13:59:33","guid":{"rendered":"https:\/\/nexgendecors.com\/en\/product\/hotel-bathroom-solid-white-towel-hotel-linen-bath-center-general-spot-towel-bath-towel-homestay-square-towel\/"},"modified":"2025-03-09T09:27:17","modified_gmt":"2025-03-09T09:27:17","slug":"hotel-bathroom-solid-white-towel-hotel-linen-bath-center-general-spot-towel-bath-towel-homestay-square-towel","status":"publish","type":"product","link":"https:\/\/nexgendecors.com\/fr\/product\/hotel-bathroom-solid-white-towel-hotel-linen-bath-center-general-spot-towel-bath-towel-homestay-square-towel\/","title":{"rendered":"Serviette de bain blanche unie pour salle de bain d&#039;h\u00f4tel, linge de maison, centre de bain, serviette de bain, serviette carr\u00e9e pour s\u00e9jour chez l&#039;habitant"},"content":{"rendered":"<p><b>marque<\/b>: &#8211;<\/p>\n<p><b>Cat\u00e9gories de produits<\/b>: Hotel towels<\/p>\n<p><b>Num\u00e9ro de pi\u00e8ce<\/b>: &#8211;<\/p>\n<p><b>Mat\u00e9riel<\/b>: cotton<\/p>\n<p><b>Yarn Technology<\/b>: Single yarn<\/p>\n<p><b>Yarn Specifications<\/b>: 8<\/p>\n<p><b>Production process<\/b>: Plain Weave<\/p>\n<p><b>Poids<\/b>: 110g<\/p>\n<p><b>Impression du LOGO<\/b>: Peut<\/p>\n<p><b>Personnalisation du traitement<\/b>: Oui<\/p>\n<p><b>Does it support drop shipping?<\/b>: support<\/p>\n<p><b>Principal Components<\/b>: cotton<\/p>\n<p><b>Main component content<\/b>: 90<\/p>\n<p><b>Secondary ingredients<\/b>: &#8211;<\/p>\n<p><b>Subcomponent content<\/b>: 10<\/p>\n<p><b>Water absorption<\/b>: &#8211;<\/p>\n<p><b>Target Group<\/b>: G\u00e9n\u00e9ral<\/p>\n<p><b>Towels and towels segment<\/b>: Other towels<\/p>\n<p><b>couleur<\/b>: Plain weave, platinum section<\/p>\n<p><b>Specifications length*width cm<\/b>: Square towel 32*32 60g, square towel 35*35 70g, towel 35*75 150g, towel 40*80 180g, bath towel 70*140 600g, bath towel 80*160 800g, floor towel 50*80 350g, floor towel 50*80 400g<\/p>\n<p><b>Qu&#039;il s&#039;agisse d&#039;une source d\u00e9di\u00e9e de marchandises destin\u00e9es \u00e0 l&#039;exportation transfrontali\u00e8re<\/b>: Non<\/p>\n<p><b>S&#039;agit-il d&#039;un contribuable g\u00e9n\u00e9ral ?<\/b>: Oui<\/p>","protected":false},"excerpt":{"rendered":"<p>Marque : \u2013 Cat\u00e9gories de produits : Serviettes d\u2019h\u00f4tel Num\u00e9ro de pi\u00e8ce : \u2013 Mat\u00e9riau : coton Technologie du fil : Fil simple Sp\u00e9cifications du fil : 8 Processus de production :<\/p>","protected":false},"featured_media":168563,"comment_status":"open","ping_status":"closed","template":"","meta":[],"product_brand":[],"product_cat":[30949,30937,30880],"product_tag":[],"class_list":{"0":"post-168564","1":"product","2":"type-product","3":"status-publish","4":"has-post-thumbnail","6":"product_cat-hotel-supplies","7":"product_cat-hotel-towels","8":"product_cat-wholesales-bathroom-sink","10":"first","11":"instock","12":"taxable","13":"shipping-taxable","14":"purchasable","15":"product-type-variable"},"_links":{"self":[{"href":"https:\/\/nexgendecors.com\/fr\/wp-json\/wp\/v2\/product\/168564","targetHints":{"allow":["GET"]}}],"collection":[{"href":"https:\/\/nexgendecors.com\/fr\/wp-json\/wp\/v2\/product"}],"about":[{"href":"https:\/\/nexgendecors.com\/fr\/wp-json\/wp\/v2\/types\/product"}],"replies":[{"embeddable":true,"href":"https:\/\/nexgendecors.com\/fr\/wp-json\/wp\/v2\/comments?post=168564"}],"version-history":[{"count":0,"href":"https:\/\/nexgendecors.com\/fr\/wp-json\/wp\/v2\/product\/168564\/revisions"}],"wp:featuredmedia":[{"embeddable":true,"href":"https:\/\/nexgendecors.com\/fr\/wp-json\/wp\/v2\/media\/168563"}],"wp:attachment":[{"href":"https:\/\/nexgendecors.com\/fr\/wp-json\/wp\/v2\/media?parent=168564"}],"wp:term":[{"taxonomy":"product_brand","embeddable":true,"href":"https:\/\/nexgendecors.com\/fr\/wp-json\/wp\/v2\/product_brand?post=168564"},{"taxonomy":"product_cat","embeddable":true,"href":"https:\/\/nexgendecors.com\/fr\/wp-json\/wp\/v2\/product_cat?post=168564"},{"taxonomy":"product_tag","embeddable":true,"href":"https:\/\/nexgendecors.com\/fr\/wp-json\/wp\/v2\/product_tag?post=168564"}],"curies":[{"name":"wp","href":"https:\/\/api.w.org\/{rel}","templated":true}]}}